{"id":5008,"date":"2023-12-04T13:39:27","date_gmt":"2023-12-04T13:39:27","guid":{"rendered":"https:\/\/kindalbaniastore.com\/?post_type=product&#038;p=5008"},"modified":"2026-04-02T13:00:57","modified_gmt":"2026-04-02T13:00:57","slug":"vaj-jojoba-per-floket-dhe-fytyren","status":"publish","type":"product","link":"https:\/\/kindalbaniastore.com\/index.php\/product\/vaj-jojoba-per-floket-dhe-fytyren\/","title":{"rendered":"Vaj jojoba per floket dhe fytyren."},"content":{"rendered":"<p>Vaj jojoba 100% bimor \ud83d\ude0dIdeal p\u00ebr perdorime te ndryshme ne lekure dhe floke<br \/>\nUshqen dhe zbut l\u00ebkur\u00ebn tuaj<br \/>\nQet\u00ebsim p\u00ebr l\u00ebkur\u00eb t\u00eb but\u00eb e t\u00eb sh\u00ebndetshme<br \/>\nP\u00ebrmir\u00ebson ndri\u00e7imin e l\u00ebkur\u00ebs<br \/>\nZona e aplikimit<br \/>\nAplikojeni n\u00eb l\u00ebkur\u00eb t\u00eb past\u00ebr dhe t\u00eb that\u00eb. Masazhojeni vajin me l\u00ebvizje t\u00eb buta dhe rrethore nga posht\u00eb lart. Pas dushit ose edhe sa her\u00eb q\u00eb l\u00ebkura ndihet e that\u00eb ose e t\u00ebrhequr.<\/p>\n","protected":false},"excerpt":{"rendered":"<p>Vaj jojoba 100% bimor \ud83d\ude0dIdeal p\u00ebr perdorime te ndryshme ne lekure dhe floke Ushqen dhe zbut l\u00ebkur\u00ebn tuaj Qet\u00ebsim p\u00ebr l\u00ebkur\u00eb t\u00eb but\u00eb e t\u00eb sh\u00ebndetshme P\u00ebrmir\u00ebson ndri\u00e7imin e l\u00ebkur\u00ebs Zona e aplikimit Aplikojeni n\u00eb l\u00ebkur\u00eb t\u00eb past\u00ebr dhe t\u00eb that\u00eb. Masazhojeni vajin me l\u00ebvizje t\u00eb buta dhe rrethore nga posht\u00eb lart. Pas dushit ose &hellip; <a href=\"https:\/\/kindalbaniastore.com\/index.php\/product\/vaj-jojoba-per-floket-dhe-fytyren\/\" class=\"more-link\">Continue reading <span class=\"screen-reader-text\">Vaj jojoba per floket dhe fytyren.<\/span><\/a><\/p>\n","protected":false},"featured_media":5009,"comment_status":"open","ping_status":"closed","template":"","meta":{"_joinchat":[]},"product_cat":[59,70,71],"product_tag":[],"class_list":["post-5008","product","type-product","status-publish","has-post-thumbnail","hentry","product_cat-kozmetik","product_cat-produkte-per-floket","product_cat-produkte-per-fytyren-dhe-trupin"],"_links":{"self":[{"href":"https:\/\/kindalbaniastore.com\/index.php\/wp-json\/wp\/v2\/product\/5008","targetHints":{"allow":["GET"]}}],"collection":[{"href":"https:\/\/kindalbaniastore.com\/index.php\/wp-json\/wp\/v2\/product"}],"about":[{"href":"https:\/\/kindalbaniastore.com\/index.php\/wp-json\/wp\/v2\/types\/product"}],"replies":[{"embeddable":true,"href":"https:\/\/kindalbaniastore.com\/index.php\/wp-json\/wp\/v2\/comments?post=5008"}],"version-history":[{"count":1,"href":"https:\/\/kindalbaniastore.com\/index.php\/wp-json\/wp\/v2\/product\/5008\/revisions"}],"predecessor-version":[{"id":5015,"href":"https:\/\/kindalbaniastore.com\/index.php\/wp-json\/wp\/v2\/product\/5008\/revisions\/5015"}],"wp:featuredmedia":[{"embeddable":true,"href":"https:\/\/kindalbaniastore.com\/index.php\/wp-json\/wp\/v2\/media\/5009"}],"wp:attachment":[{"href":"https:\/\/kindalbaniastore.com\/index.php\/wp-json\/wp\/v2\/media?parent=5008"}],"wp:term":[{"taxonomy":"product_cat","embeddable":true,"href":"https:\/\/kindalbaniastore.com\/index.php\/wp-json\/wp\/v2\/product_cat?post=5008"},{"taxonomy":"product_tag","embeddable":true,"href":"https:\/\/kindalbaniastore.com\/index.php\/wp-json\/wp\/v2\/product_tag?post=5008"}],"curies":[{"name":"wp","href":"https:\/\/api.w.org\/{rel}","templated":true}]}}