{"id":5053,"date":"2023-12-05T09:17:32","date_gmt":"2023-12-05T09:17:32","guid":{"rendered":"https:\/\/kindalbaniastore.com\/?post_type=product&#038;p=5053"},"modified":"2025-08-08T01:50:58","modified_gmt":"2025-08-08T01:50:58","slug":"paisje-per-saunaper-fytyren","status":"publish","type":"product","link":"https:\/\/kindalbaniastore.com\/index.php\/product\/paisje-per-saunaper-fytyren\/","title":{"rendered":"Paisje per sauna,per fytyren."},"content":{"rendered":"<p>Sjellim per ju paisjen per facial sauna\ud83e\uddd6\u200d\u2640\ufe0f<br \/>\nPerfekte dhe shume e dobishme per funksionet e saj pozitive \ud83e\uddd6\u200d\u2640\ufe0f<br \/>\n1.Zbardh fytyren\ud83e\uddd6\u200d\u2640\ufe0f<br \/>\n2.Hidraton dhe zbut lekuren\ud83e\uddd6\u200d\u2640\ufe0f<br \/>\n3.Pastron deri ne zonat me te thella\ud83e\uddd6\u200d\u2640\ufe0f<br \/>\n4.Cliron lekuren nga aknet e bezdisshme\ud83e\uddd6\u200d\u2640\ufe0f<br \/>\n5.Rigjeneron lekuren\ud83e\uddd6\u200d\u2640\ufe0f<br \/>\n6.largon pikat e zeza\ud83e\uddd6\u200d\u2640\ufe0f<br \/>\n7. Largon yndyren e tepert nga fytyra\ud83e\uddd6\u200d\u2640\ufe0f<br \/>\nLe lekuren te bute si nje pelhure mendafshi. \ud83e\uddd6\u200d\u2640\ufe0fPermireson qarkullimin e gjakut dhe eshte efikase per aknet dhe pikat e zeza.\ud83e\uddd6\u200d\u2640\ufe0f<br \/>\nAvulli pervec te tjerash ndihmon ne aksionin e trajtimeve estetike. Kremrat hidratante dhe Vajrat\ud83e\uddd6\u200d\u2640\ufe0f matyrale thithen me lehte nga lekura ne thellesi, pasi poret jane te hapura mire. Avulli ndihmon edhe ne lehtesimin e rrugeve te frymemarrjes, gjendjet gripale, ne lehtesimin e dhimbjeve te kokes e migrenes, qetesimin nervor dhe parandalimin e pagjumesise.\ud83e\uddd6\u200d\u2640\ufe0f Maska per mbylljen e poreve mund te perdorni maskat tuaja te preferuara. Perdoreni terapine me avull m\u00eb shum\u00eb koh\u00eb p\u00ebr nj\u00eb fytyr\u00eb t\u00eb past\u00ebr. kjo \u00ebsht\u00eb m\u00ebnyr\u00eb e thjesht\u00eb dhe natyrale per pastrimin e fytyr\u00ebs.\ud83e\uddd6\u200d\u2640\ufe0f<br \/>\nNje proces estetik i nevojshem per kujdesin e fytyres.Krijon Avull t\u00eb ngroht\u00eb p\u00ebr pastrim t\u00eb thell\u00eb t\u00eb poreve. \ud83e\uddd6\u200d\u2640\ufe0fRivendosni bukurin\u00eb natyrore t\u00eb l\u00ebkur\u00ebs suaj. Kjo pajisje pastron kanalet e hund\u00ebs dhe sinuseve p\u00ebr t\u00eb ndihmuar n\u00eb terapi dhe qet\u00ebsimin e frym\u00ebmarrjes suaj. Qet\u00ebson me avull l\u00ebkur\u00ebn tuaj t\u00eb fytyr\u00ebs. Konture p\u00ebr fytyr\u00ebn, mjek\u00ebr dhe qaf\u00eb p\u00ebr t\u00eb krijuar nj\u00eb pastrim dhe thithje sa m\u00eb t\u00eb leht\u00eb t\u00eb lag\u00ebshtis\u00eb\ud83e\uddd6\u200d\u2640\ufe0f<br \/>\nPastrimin e thelle te lekures mund ta beni dhe ju vete ne shtepine tuaj duke perdorur kete pajisje me Avuj Benice.<\/p>\n<p>Perfitimet shendetesore\ud83d\udc43<\/p>\n<p>Avulli i ngroht\u00eb dhe i lag\u00ebsht leht\u00ebson ftohjen dhe qet\u00ebson koll\u00ebn e vazhdueshme\ud83d\udc43<br \/>\nHap kanalet e bllokuara t\u00eb hund\u00ebs dhe sinusit p\u00ebr t\u00eb leht\u00ebsuar kongjestionin, leht\u00ebsimin nga bronkiti, ndihmon n\u00eb pastrimin e mukusit\ud83d\udc43<br \/>\nLeht\u00ebson frym\u00ebmarjen tuaj\ud83d\udc43<br \/>\nKy produkt i mrekullueshem eshte krijuar per te siguruar avull qetesues i cili hap poret dhe ndihmon largimin e papastertive, bakterieve dhe mbetjeve te kozmetikes. <\/p>\n","protected":false},"excerpt":{"rendered":"<p>Sjellim per ju paisjen per facial sauna\ud83e\uddd6\u200d\u2640\ufe0f Perfekte dhe shume e dobishme per funksionet e saj pozitive \ud83e\uddd6\u200d\u2640\ufe0f 1.Zbardh fytyren\ud83e\uddd6\u200d\u2640\ufe0f 2.Hidraton dhe zbut lekuren\ud83e\uddd6\u200d\u2640\ufe0f 3.Pastron deri ne zonat me te thella\ud83e\uddd6\u200d\u2640\ufe0f 4.Cliron lekuren nga aknet e bezdisshme\ud83e\uddd6\u200d\u2640\ufe0f 5.Rigjeneron lekuren\ud83e\uddd6\u200d\u2640\ufe0f 6.largon pikat e zeza\ud83e\uddd6\u200d\u2640\ufe0f 7. Largon yndyren e tepert nga fytyra\ud83e\uddd6\u200d\u2640\ufe0f Le lekuren te bute si &hellip; <a href=\"https:\/\/kindalbaniastore.com\/index.php\/product\/paisje-per-saunaper-fytyren\/\" class=\"more-link\">Continue reading <span class=\"screen-reader-text\">Paisje per sauna,per fytyren.<\/span><\/a><\/p>\n","protected":false},"featured_media":5054,"comment_status":"open","ping_status":"closed","template":"","meta":{"_joinchat":[]},"product_cat":[62,71],"product_tag":[],"class_list":["post-5053","product","type-product","status-publish","has-post-thumbnail","hentry","product_cat-estetik","product_cat-produkte-per-fytyren-dhe-trupin"],"_links":{"self":[{"href":"https:\/\/kindalbaniastore.com\/index.php\/wp-json\/wp\/v2\/product\/5053","targetHints":{"allow":["GET"]}}],"collection":[{"href":"https:\/\/kindalbaniastore.com\/index.php\/wp-json\/wp\/v2\/product"}],"about":[{"href":"https:\/\/kindalbaniastore.com\/index.php\/wp-json\/wp\/v2\/types\/product"}],"replies":[{"embeddable":true,"href":"https:\/\/kindalbaniastore.com\/index.php\/wp-json\/wp\/v2\/comments?post=5053"}],"version-history":[{"count":1,"href":"https:\/\/kindalbaniastore.com\/index.php\/wp-json\/wp\/v2\/product\/5053\/revisions"}],"predecessor-version":[{"id":5071,"href":"https:\/\/kindalbaniastore.com\/index.php\/wp-json\/wp\/v2\/product\/5053\/revisions\/5071"}],"wp:featuredmedia":[{"embeddable":true,"href":"https:\/\/kindalbaniastore.com\/index.php\/wp-json\/wp\/v2\/media\/5054"}],"wp:attachment":[{"href":"https:\/\/kindalbaniastore.com\/index.php\/wp-json\/wp\/v2\/media?parent=5053"}],"wp:term":[{"taxonomy":"product_cat","embeddable":true,"href":"https:\/\/kindalbaniastore.com\/index.php\/wp-json\/wp\/v2\/product_cat?post=5053"},{"taxonomy":"product_tag","embeddable":true,"href":"https:\/\/kindalbaniastore.com\/index.php\/wp-json\/wp\/v2\/product_tag?post=5053"}],"curies":[{"name":"wp","href":"https:\/\/api.w.org\/{rel}","templated":true}]}}