{"id":5307,"date":"2023-12-11T15:56:27","date_gmt":"2023-12-11T15:56:27","guid":{"rendered":"https:\/\/kindalbaniastore.com\/?post_type=product&#038;p=5307"},"modified":"2023-12-11T15:56:28","modified_gmt":"2023-12-11T15:56:28","slug":"tapet-per-yoga","status":"publish","type":"product","link":"https:\/\/kindalbaniastore.com\/index.php\/product\/tapet-per-yoga\/","title":{"rendered":"Tapet per yoga"},"content":{"rendered":"<p>Tapet  per joga \ud83e\uddd8\u200d\u2640\ufe0f<br \/>\nKy Mat Yoga \u00ebsht\u00eb krijuar p\u00ebr t&#8217;ju dh\u00ebn\u00eb p\u00ebrvoj\u00ebn m\u00eb t\u00eb rehatshme t\u00eb mundshme t\u00eb jog\u00ebs. \ud83e\uddd8\u200d\u2640\ufe0fShtresa ekstra e trash\u00eb mbron nyjet pa kompromentuar mb\u00ebshtetjen ose q\u00ebndrueshm\u00ebrin\u00eb<br \/>\nIdeale p\u00ebr joga, ushtrime n\u00eb dysheme, pilates\ud83e\uddd8\u200d\u2640\ufe0f<br \/>\nKy tapet yoga \u00ebsht\u00eb i leht\u00eb, i q\u00ebndruesh\u00ebm dhe ka sip\u00ebrfaqe q\u00eb nuk rr\u00ebshqet, k\u00ebshtu q\u00eb ju mund t\u00eb kryeni \u00e7do l\u00ebvizje me vet\u00ebbesim.\ud83e\uddd8\u200d\u2640\ufe0f Sip\u00ebrfaqja me tekstur\u00eb delikate parandalon rr\u00ebshqitjen e duarve dhe k\u00ebmb\u00ebve nga pozicioni, k\u00ebshtu q\u00eb ju mund t&#8217;i mbani. Eshte i pershtatshem per te mos rreshqitur ne dysheme druri, dysheme \u00e7imento, dysheme me pllaka.<br \/>\nLeht\u00eb p\u00ebr t&#8217;u mb\u00ebshtjell\u00eb p\u00ebr t&#8217;u bartur kudo, e lar\u00eb, pa PVC.<\/p>\n","protected":false},"excerpt":{"rendered":"<p>Tapet per joga \ud83e\uddd8\u200d\u2640\ufe0f Ky Mat Yoga \u00ebsht\u00eb krijuar p\u00ebr t&#8217;ju dh\u00ebn\u00eb p\u00ebrvoj\u00ebn m\u00eb t\u00eb rehatshme t\u00eb mundshme t\u00eb jog\u00ebs. \ud83e\uddd8\u200d\u2640\ufe0fShtresa ekstra e trash\u00eb mbron nyjet pa kompromentuar mb\u00ebshtetjen ose q\u00ebndrueshm\u00ebrin\u00eb Ideale p\u00ebr joga, ushtrime n\u00eb dysheme, pilates\ud83e\uddd8\u200d\u2640\ufe0f Ky tapet yoga \u00ebsht\u00eb i leht\u00eb, i q\u00ebndruesh\u00ebm dhe ka sip\u00ebrfaqe q\u00eb nuk rr\u00ebshqet, k\u00ebshtu q\u00eb ju &hellip; <a href=\"https:\/\/kindalbaniastore.com\/index.php\/product\/tapet-per-yoga\/\" class=\"more-link\">Continue reading <span class=\"screen-reader-text\">Tapet per yoga<\/span><\/a><\/p>\n","protected":false},"featured_media":5314,"comment_status":"open","ping_status":"closed","template":"","meta":{"_joinchat":[]},"product_cat":[61],"product_tag":[],"class_list":["post-5307","product","type-product","status-publish","has-post-thumbnail","hentry","product_cat-fizioterapi"],"_links":{"self":[{"href":"https:\/\/kindalbaniastore.com\/index.php\/wp-json\/wp\/v2\/product\/5307","targetHints":{"allow":["GET"]}}],"collection":[{"href":"https:\/\/kindalbaniastore.com\/index.php\/wp-json\/wp\/v2\/product"}],"about":[{"href":"https:\/\/kindalbaniastore.com\/index.php\/wp-json\/wp\/v2\/types\/product"}],"replies":[{"embeddable":true,"href":"https:\/\/kindalbaniastore.com\/index.php\/wp-json\/wp\/v2\/comments?post=5307"}],"version-history":[{"count":1,"href":"https:\/\/kindalbaniastore.com\/index.php\/wp-json\/wp\/v2\/product\/5307\/revisions"}],"predecessor-version":[{"id":5317,"href":"https:\/\/kindalbaniastore.com\/index.php\/wp-json\/wp\/v2\/product\/5307\/revisions\/5317"}],"wp:featuredmedia":[{"embeddable":true,"href":"https:\/\/kindalbaniastore.com\/index.php\/wp-json\/wp\/v2\/media\/5314"}],"wp:attachment":[{"href":"https:\/\/kindalbaniastore.com\/index.php\/wp-json\/wp\/v2\/media?parent=5307"}],"wp:term":[{"taxonomy":"product_cat","embeddable":true,"href":"https:\/\/kindalbaniastore.com\/index.php\/wp-json\/wp\/v2\/product_cat?post=5307"},{"taxonomy":"product_tag","embeddable":true,"href":"https:\/\/kindalbaniastore.com\/index.php\/wp-json\/wp\/v2\/product_tag?post=5307"}],"curies":[{"name":"wp","href":"https:\/\/api.w.org\/{rel}","templated":true}]}}