{"id":5377,"date":"2023-12-14T15:11:02","date_gmt":"2023-12-14T15:11:02","guid":{"rendered":"https:\/\/kindalbaniastore.com\/?post_type=product&#038;p=5377"},"modified":"2023-12-14T15:11:02","modified_gmt":"2023-12-14T15:11:02","slug":"jastek-ortopedik","status":"publish","type":"product","link":"https:\/\/kindalbaniastore.com\/index.php\/product\/jastek-ortopedik\/","title":{"rendered":"Jastek ortopedik."},"content":{"rendered":"<p>Jast\u00ebk Ortopedik Gjumi<br \/>\nDizajn natyral, i cili mund\u00ebson drejtimin e qaf\u00ebs dhe shpin\u00ebs, p\u00ebr fletje sa m\u00eb t\u00eb rehatshme.<br \/>\n\u2013 Ju mund\u00ebson zgjim t\u00eb relaksuar.<br \/>\n\u2013 Jast\u00ebku \u00ebsht\u00eb i p\u00ebrb\u00ebr\u00eb nga material Hipoalergjik.<br \/>\n\u2013 Pajisje ideale p\u00ebr udh\u00ebtime m\u00eb makin\u00eb apo aeroplan.<br \/>\nGjithashtu \u00ebsht\u00eb nj\u00eb pajisje shum\u00eb e nevojitshme p\u00ebr grat\u00eb shtatz\u00ebna dhe personat q\u00eb kan\u00eb probleme me qaf\u00ebn dhe shp<\/p>\n","protected":false},"excerpt":{"rendered":"<p>Jast\u00ebk Ortopedik Gjumi Dizajn natyral, i cili mund\u00ebson drejtimin e qaf\u00ebs dhe shpin\u00ebs, p\u00ebr fletje sa m\u00eb t\u00eb rehatshme. \u2013 Ju mund\u00ebson zgjim t\u00eb relaksuar. \u2013 Jast\u00ebku \u00ebsht\u00eb i p\u00ebrb\u00ebr\u00eb nga material Hipoalergjik. \u2013 Pajisje ideale p\u00ebr udh\u00ebtime m\u00eb makin\u00eb apo aeroplan. Gjithashtu \u00ebsht\u00eb nj\u00eb pajisje shum\u00eb e nevojitshme p\u00ebr grat\u00eb shtatz\u00ebna dhe personat q\u00eb &hellip; <a href=\"https:\/\/kindalbaniastore.com\/index.php\/product\/jastek-ortopedik\/\" class=\"more-link\">Continue reading <span class=\"screen-reader-text\">Jastek ortopedik.<\/span><\/a><\/p>\n","protected":false},"featured_media":5385,"comment_status":"open","ping_status":"closed","template":"","meta":{"_joinchat":[]},"product_cat":[61,60],"product_tag":[],"class_list":["post-5377","product","type-product","status-publish","has-post-thumbnail","hentry","product_cat-fizioterapi","product_cat-masazh"],"_links":{"self":[{"href":"https:\/\/kindalbaniastore.com\/index.php\/wp-json\/wp\/v2\/product\/5377","targetHints":{"allow":["GET"]}}],"collection":[{"href":"https:\/\/kindalbaniastore.com\/index.php\/wp-json\/wp\/v2\/product"}],"about":[{"href":"https:\/\/kindalbaniastore.com\/index.php\/wp-json\/wp\/v2\/types\/product"}],"replies":[{"embeddable":true,"href":"https:\/\/kindalbaniastore.com\/index.php\/wp-json\/wp\/v2\/comments?post=5377"}],"version-history":[{"count":1,"href":"https:\/\/kindalbaniastore.com\/index.php\/wp-json\/wp\/v2\/product\/5377\/revisions"}],"predecessor-version":[{"id":5393,"href":"https:\/\/kindalbaniastore.com\/index.php\/wp-json\/wp\/v2\/product\/5377\/revisions\/5393"}],"wp:featuredmedia":[{"embeddable":true,"href":"https:\/\/kindalbaniastore.com\/index.php\/wp-json\/wp\/v2\/media\/5385"}],"wp:attachment":[{"href":"https:\/\/kindalbaniastore.com\/index.php\/wp-json\/wp\/v2\/media?parent=5377"}],"wp:term":[{"taxonomy":"product_cat","embeddable":true,"href":"https:\/\/kindalbaniastore.com\/index.php\/wp-json\/wp\/v2\/product_cat?post=5377"},{"taxonomy":"product_tag","embeddable":true,"href":"https:\/\/kindalbaniastore.com\/index.php\/wp-json\/wp\/v2\/product_tag?post=5377"}],"curies":[{"name":"wp","href":"https:\/\/api.w.org\/{rel}","templated":true}]}}