{"id":5491,"date":"2023-12-18T15:25:41","date_gmt":"2023-12-18T15:25:41","guid":{"rendered":"https:\/\/kindalbaniastore.com\/?post_type=product&#038;p=5491"},"modified":"2023-12-18T15:25:41","modified_gmt":"2023-12-18T15:25:41","slug":"vaj-i-fares-se-zeze","status":"publish","type":"product","link":"https:\/\/kindalbaniastore.com\/index.php\/product\/vaj-i-fares-se-zeze\/","title":{"rendered":"Vaj i fares se zeze."},"content":{"rendered":"<p>Vaj i far\u00ebs s\u00eb zez\u00eb<br \/>\n\u2022Vaji i far\u00ebs s\u00eb zez\u00eb prodhohet me metod\u00ebn e shtypjes s\u00eb ftoht\u00eb nga farat e qimnonit t\u00eb zi.<br \/>\n\u2022Ka studime q\u00eb tregojn\u00eb se \u00ebsht\u00eb e dobishme n\u00eb rikuperimin e problemeve t\u00eb l\u00ebkur\u00ebs n\u00eb p\u00ebrdorim t\u00eb jasht\u00ebm.<br \/>\n\u2022Ka shum\u00eb acide yndyrore t\u00eb pangopura n\u00eb p\u00ebrmbajtjen e tij, duke p\u00ebrfshir\u00eb acidin linoleik, acidin oleik, acidin palmitik, DHA dhe EPA.<br \/>\n\u2022P\u00ebrdoret si ndihm\u00eb n\u00eb mbrojtjen e plag\u00ebve nga infeksioni dhe p\u00ebr t&#8217;i ndihmuar ato t\u00eb sh\u00ebrohen m\u00eb shpejt.<br \/>\n\u2022Ndihmon n\u00eb rritjen e energjis\u00eb s\u00eb trupit dhe ul lodhjen.<br \/>\n\u2022Zgjeron rrug\u00ebt e frym\u00ebmarrjes.<br \/>\n\u2022Stabilizon sheqerin n\u00eb gjak.<br \/>\n\u2022Lufton alergjit\u00eb.<br \/>\n\u2022Rigjeneron l\u00ebkur\u00ebn.<br \/>\n\u2022P\u00ebrmir\u00ebson funksionimin e aparatit riprodhues.<br \/>\n\u2022Pengojn\u00eb gjakderdhjen.<br \/>\n\u2022Redukton pesh\u00ebn.<br \/>\n\u2022Pengon shtimin e substancave q\u00eb d\u00ebrgojn\u00eb sinjale alergjike.<br \/>\n\u2022Redukton kolesterolin n\u00eb gjak.<br \/>\n\u2022Pengon bllokimin e damar\u00ebve, duke rregulluar struktur\u00ebn e tyre dhe nj\u00ebkoh\u00ebsisht shpejt\u00ebsin\u00eb e qarkullimit t\u00eb gjakut.<br \/>\n\u2022Stabilizon tensionin e gjakut dhe redukton rrezikun e infraktit n\u00eb zem\u00ebr.<br \/>\n\u2022Forcon zemr\u00ebn<br \/>\n\u2022Ndihmojn\u00eb n\u00eb rigjenerimin e shpejt\u00eb t\u00eb plag\u00ebve<br \/>\n\u2022Shkrin yndyrat n\u00eb gjak.<br \/>\n\u2022\u00cbsht\u00eb antioksidant.<br \/>\n\u2022\u00cbsht\u00eb antitumoral.<br \/>\n\u2022Lufton infeksionet.<br \/>\n\u2022P\u00ebrmir\u00ebson aktivitetin e sistemit t\u00eb tretjes, frym\u00ebmarrjes, qarkullimit t\u00eb gjakut, sistemit nervor<\/p>\n","protected":false},"excerpt":{"rendered":"<p>Vaj i far\u00ebs s\u00eb zez\u00eb \u2022Vaji i far\u00ebs s\u00eb zez\u00eb prodhohet me metod\u00ebn e shtypjes s\u00eb ftoht\u00eb nga farat e qimnonit t\u00eb zi. \u2022Ka studime q\u00eb tregojn\u00eb se \u00ebsht\u00eb e dobishme n\u00eb rikuperimin e problemeve t\u00eb l\u00ebkur\u00ebs n\u00eb p\u00ebrdorim t\u00eb jasht\u00ebm. \u2022Ka shum\u00eb acide yndyrore t\u00eb pangopura n\u00eb p\u00ebrmbajtjen e tij, duke p\u00ebrfshir\u00eb acidin linoleik, &hellip; <a href=\"https:\/\/kindalbaniastore.com\/index.php\/product\/vaj-i-fares-se-zeze\/\" class=\"more-link\">Continue reading <span class=\"screen-reader-text\">Vaj i fares se zeze.<\/span><\/a><\/p>\n","protected":false},"featured_media":5494,"comment_status":"open","ping_status":"closed","template":"","meta":{"_joinchat":[]},"product_cat":[71],"product_tag":[],"class_list":["post-5491","product","type-product","status-publish","has-post-thumbnail","hentry","product_cat-produkte-per-fytyren-dhe-trupin"],"_links":{"self":[{"href":"https:\/\/kindalbaniastore.com\/index.php\/wp-json\/wp\/v2\/product\/5491","targetHints":{"allow":["GET"]}}],"collection":[{"href":"https:\/\/kindalbaniastore.com\/index.php\/wp-json\/wp\/v2\/product"}],"about":[{"href":"https:\/\/kindalbaniastore.com\/index.php\/wp-json\/wp\/v2\/types\/product"}],"replies":[{"embeddable":true,"href":"https:\/\/kindalbaniastore.com\/index.php\/wp-json\/wp\/v2\/comments?post=5491"}],"version-history":[{"count":1,"href":"https:\/\/kindalbaniastore.com\/index.php\/wp-json\/wp\/v2\/product\/5491\/revisions"}],"predecessor-version":[{"id":5496,"href":"https:\/\/kindalbaniastore.com\/index.php\/wp-json\/wp\/v2\/product\/5491\/revisions\/5496"}],"wp:featuredmedia":[{"embeddable":true,"href":"https:\/\/kindalbaniastore.com\/index.php\/wp-json\/wp\/v2\/media\/5494"}],"wp:attachment":[{"href":"https:\/\/kindalbaniastore.com\/index.php\/wp-json\/wp\/v2\/media?parent=5491"}],"wp:term":[{"taxonomy":"product_cat","embeddable":true,"href":"https:\/\/kindalbaniastore.com\/index.php\/wp-json\/wp\/v2\/product_cat?post=5491"},{"taxonomy":"product_tag","embeddable":true,"href":"https:\/\/kindalbaniastore.com\/index.php\/wp-json\/wp\/v2\/product_tag?post=5491"}],"curies":[{"name":"wp","href":"https:\/\/api.w.org\/{rel}","templated":true}]}}