{"id":5531,"date":"2023-12-18T17:10:15","date_gmt":"2023-12-18T17:10:15","guid":{"rendered":"https:\/\/kindalbaniastore.com\/?post_type=product&#038;p=5531"},"modified":"2023-12-18T17:10:16","modified_gmt":"2023-12-18T17:10:16","slug":"shampo-bisht-kali","status":"publish","type":"product","link":"https:\/\/kindalbaniastore.com\/index.php\/product\/shampo-bisht-kali\/","title":{"rendered":"Shampo bisht kali"},"content":{"rendered":"<p>Shampo BishtKali &#8211;<br \/>\n\u2022Shampo me Bisht Kali  i cili p\u00ebrmban nj\u00eb sasi t\u00eb lart\u00eb t\u00eb ekstraktit t\u00eb barit t\u00eb bishtit t\u00eb kalit, mund t\u00eb ndihmoj\u00eb n\u00eb rritjen e rritjes s\u00eb flok\u00ebve si dhe t\u00eb p\u00ebrfitoj\u00eb nga humbja e flok\u00ebve, zbokthi dhe majat e \u00e7ara.<br \/>\nMe Ancrine, nj\u00eb nga p\u00ebrb\u00ebr\u00ebsit e tjer\u00eb aktiv\u00eb, ndihmon n\u00eb forcimin e struktur\u00ebs s\u00eb dob\u00ebsuar t\u00eb flok\u00ebve dhe Capilectine ndihmon n\u00eb zgjatjen e jet\u00ebs s\u00eb flok\u00ebve.<br \/>\nP\u00ebrmban:<br \/>\n\u2022Biotin\u00eb sepse mund t\u00eb trajtoj\u00eb thyerjen dhe majat e \u00e7ara, t\u00eb transformoj\u00eb fijet e brishta dhe t\u00eb d\u00ebmtuara dhe t\u00eb jap\u00eb hidratim tek fijet q\u00eb kan\u00eb m\u00eb shum\u00eb nevoj\u00eb p\u00ebr t\u00eb.<br \/>\n\u2022Keratin\u00eb e cila Mund t&#8217;i b\u00ebj\u00eb flok\u00ebt m\u00eb t\u00eb fort\u00eb. Nj\u00eb nga p\u00ebrfitimet e p\u00ebrdorimit t\u00eb keratin\u00ebs \u00ebsht\u00eb forcimi i flok\u00ebve dhe b\u00ebrja e tyre m\u00eb elastike.<br \/>\nNdihmon n\u00eb parandalimin e zbehjes s\u00eb ngjyrave.<br \/>\n\u2022Kafein\u00eb e cila sh\u00ebrben n\u00eb stimulimin e rritj\u00ebs s\u00eb flok\u00ebve<br \/>\n\u2022Alanotin\u00eb e cila sh\u00ebrben \u00ebsht\u00eb shum\u00eb e p\u00ebrhapur n\u00eb kozmetik\u00eb, e cila ndihmon n\u00eb hidratimin dhe sherimin e l\u00ebkur\u00eb<\/p>\n","protected":false},"excerpt":{"rendered":"<p>Shampo BishtKali &#8211; \u2022Shampo me Bisht Kali i cili p\u00ebrmban nj\u00eb sasi t\u00eb lart\u00eb t\u00eb ekstraktit t\u00eb barit t\u00eb bishtit t\u00eb kalit, mund t\u00eb ndihmoj\u00eb n\u00eb rritjen e rritjes s\u00eb flok\u00ebve si dhe t\u00eb p\u00ebrfitoj\u00eb nga humbja e flok\u00ebve, zbokthi dhe majat e \u00e7ara. Me Ancrine, nj\u00eb nga p\u00ebrb\u00ebr\u00ebsit e tjer\u00eb aktiv\u00eb, ndihmon n\u00eb forcimin &hellip; <a href=\"https:\/\/kindalbaniastore.com\/index.php\/product\/shampo-bisht-kali\/\" class=\"more-link\">Continue reading <span class=\"screen-reader-text\">Shampo bisht kali<\/span><\/a><\/p>\n","protected":false},"featured_media":5542,"comment_status":"open","ping_status":"closed","template":"","meta":{"_joinchat":[]},"product_cat":[62,59,70],"product_tag":[],"class_list":["post-5531","product","type-product","status-publish","has-post-thumbnail","hentry","product_cat-estetik","product_cat-kozmetik","product_cat-produkte-per-floket"],"_links":{"self":[{"href":"https:\/\/kindalbaniastore.com\/index.php\/wp-json\/wp\/v2\/product\/5531","targetHints":{"allow":["GET"]}}],"collection":[{"href":"https:\/\/kindalbaniastore.com\/index.php\/wp-json\/wp\/v2\/product"}],"about":[{"href":"https:\/\/kindalbaniastore.com\/index.php\/wp-json\/wp\/v2\/types\/product"}],"replies":[{"embeddable":true,"href":"https:\/\/kindalbaniastore.com\/index.php\/wp-json\/wp\/v2\/comments?post=5531"}],"version-history":[{"count":1,"href":"https:\/\/kindalbaniastore.com\/index.php\/wp-json\/wp\/v2\/product\/5531\/revisions"}],"predecessor-version":[{"id":5543,"href":"https:\/\/kindalbaniastore.com\/index.php\/wp-json\/wp\/v2\/product\/5531\/revisions\/5543"}],"wp:featuredmedia":[{"embeddable":true,"href":"https:\/\/kindalbaniastore.com\/index.php\/wp-json\/wp\/v2\/media\/5542"}],"wp:attachment":[{"href":"https:\/\/kindalbaniastore.com\/index.php\/wp-json\/wp\/v2\/media?parent=5531"}],"wp:term":[{"taxonomy":"product_cat","embeddable":true,"href":"https:\/\/kindalbaniastore.com\/index.php\/wp-json\/wp\/v2\/product_cat?post=5531"},{"taxonomy":"product_tag","embeddable":true,"href":"https:\/\/kindalbaniastore.com\/index.php\/wp-json\/wp\/v2\/product_tag?post=5531"}],"curies":[{"name":"wp","href":"https:\/\/api.w.org\/{rel}","templated":true}]}}