{"id":5560,"date":"2023-12-20T15:51:05","date_gmt":"2023-12-20T15:51:05","guid":{"rendered":"https:\/\/kindalbaniastore.com\/?post_type=product&#038;p=5560"},"modified":"2023-12-20T15:51:05","modified_gmt":"2023-12-20T15:51:05","slug":"kupa-per-terapi-dhe-masazh","status":"publish","type":"product","link":"https:\/\/kindalbaniastore.com\/index.php\/product\/kupa-per-terapi-dhe-masazh\/","title":{"rendered":"Kupa per terapi dhe masazh"},"content":{"rendered":"<p>\ud83c\udf3bPer te gjjthe ju sportista \ud83c\udfc3dhe ju qe vuani nga pneumonja dhe bronkiti apo dhe ftohja,ne e kemi zgjidhjen per ju.<br \/>\n\ud83c\udf38Sipas mjek\u00ebsis\u00eb tradicionale kineze terapia (masazhi) me kupa inteligjente \u00ebsht\u00eb nj\u00eb metod\u00eb me efikase dhe me profesionale p\u00ebr t\u00eb krijuar nj\u00eb vakum n\u00eb l\u00ebkur\u00ebn e pacientit p\u00ebr t\u00eb larguar gjakun e ndenjur dhe limf\u00ebn e keqe, \ud83c\udf3aduke p\u00ebrmir\u00ebsuar frym\u00ebmarrjen dhe s\u00ebmundje t\u00eb tilla si ftohje\u2744, pneumonia dhe bronkiti.\ud83e\udd12<br \/>\n\ud83c\udff5Kupat gjithashtu p\u00ebrdoren n\u00eb shpin\u00eb, qaf\u00eb, shpatull ku jan\u00eb konstatuar probleme me kontraktimet muskulare.<br \/>\n\ud83c\udf37Kupat nuk rekomandohen n\u00eb rastin e njer\u00ebzve q\u00eb vuajn\u00eb nga s\u00ebmundjet si ul\u00e7erat e l\u00ebkur\u00ebs ose n\u00eb rajonet e barkut ose n\u00eb rastet e grave shtatz\u00ebna.<\/p>\n","protected":false},"excerpt":{"rendered":"<p>\ud83c\udf3bPer te gjjthe ju sportista \ud83c\udfc3dhe ju qe vuani nga pneumonja dhe bronkiti apo dhe ftohja,ne e kemi zgjidhjen per ju. \ud83c\udf38Sipas mjek\u00ebsis\u00eb tradicionale kineze terapia (masazhi) me kupa inteligjente \u00ebsht\u00eb nj\u00eb metod\u00eb me efikase dhe me profesionale p\u00ebr t\u00eb krijuar nj\u00eb vakum n\u00eb l\u00ebkur\u00ebn e pacientit p\u00ebr t\u00eb larguar gjakun e ndenjur dhe limf\u00ebn &hellip; <a href=\"https:\/\/kindalbaniastore.com\/index.php\/product\/kupa-per-terapi-dhe-masazh\/\" class=\"more-link\">Continue reading <span class=\"screen-reader-text\">Kupa per terapi dhe masazh<\/span><\/a><\/p>\n","protected":false},"featured_media":5570,"comment_status":"open","ping_status":"closed","template":"","meta":{"_joinchat":[]},"product_cat":[61],"product_tag":[],"class_list":["post-5560","product","type-product","status-publish","has-post-thumbnail","hentry","product_cat-fizioterapi"],"_links":{"self":[{"href":"https:\/\/kindalbaniastore.com\/index.php\/wp-json\/wp\/v2\/product\/5560","targetHints":{"allow":["GET"]}}],"collection":[{"href":"https:\/\/kindalbaniastore.com\/index.php\/wp-json\/wp\/v2\/product"}],"about":[{"href":"https:\/\/kindalbaniastore.com\/index.php\/wp-json\/wp\/v2\/types\/product"}],"replies":[{"embeddable":true,"href":"https:\/\/kindalbaniastore.com\/index.php\/wp-json\/wp\/v2\/comments?post=5560"}],"version-history":[{"count":1,"href":"https:\/\/kindalbaniastore.com\/index.php\/wp-json\/wp\/v2\/product\/5560\/revisions"}],"predecessor-version":[{"id":5573,"href":"https:\/\/kindalbaniastore.com\/index.php\/wp-json\/wp\/v2\/product\/5560\/revisions\/5573"}],"wp:featuredmedia":[{"embeddable":true,"href":"https:\/\/kindalbaniastore.com\/index.php\/wp-json\/wp\/v2\/media\/5570"}],"wp:attachment":[{"href":"https:\/\/kindalbaniastore.com\/index.php\/wp-json\/wp\/v2\/media?parent=5560"}],"wp:term":[{"taxonomy":"product_cat","embeddable":true,"href":"https:\/\/kindalbaniastore.com\/index.php\/wp-json\/wp\/v2\/product_cat?post=5560"},{"taxonomy":"product_tag","embeddable":true,"href":"https:\/\/kindalbaniastore.com\/index.php\/wp-json\/wp\/v2\/product_tag?post=5560"}],"curies":[{"name":"wp","href":"https:\/\/api.w.org\/{rel}","templated":true}]}}