{"id":5619,"date":"2023-12-20T16:23:22","date_gmt":"2023-12-20T16:23:22","guid":{"rendered":"https:\/\/kindalbaniastore.com\/?post_type=product&#038;p=5619"},"modified":"2023-12-20T16:23:23","modified_gmt":"2023-12-20T16:23:23","slug":"masazhues-profesional","status":"publish","type":"product","link":"https:\/\/kindalbaniastore.com\/index.php\/product\/masazhues-profesional\/","title":{"rendered":"Masazhues profesional"},"content":{"rendered":"<p>Massage gun,masazhuesi, e p\u00ebrshtatshme p\u00ebr t\u00eb gjith\u00eb trupin.<\/p>\n<p>Karakteristikat:<\/p>\n<p>Zbut ngurt\u00ebsimin dhe dhimbjen e muskujve tuaj.<br \/>\nP\u00ebrmir\u00ebson qarkullimin e gjakut dhe largon dhimbjet e nyjeve, ky\u00e7eve, qaf\u00ebs dhe shpatullave.<br \/>\nP\u00ebrmir\u00ebson sh\u00ebndetin e indeve t\u00eb buta. Rritni koh\u00ebn e b\u00ebrjes s\u00eb ushtrimeve.<br \/>\nDisa koka t\u00eb ndryshme p\u00ebr masazhim n\u00eb pjes\u00eb t\u00eb ndryshme t\u00eb trupit.<br \/>\nShum\u00eb praktik, mund ta merrni kudo me vete.<br \/>\nPunon me an\u00eb t\u00eb bateris\u00eb s\u00eb rikarikueshme.<br \/>\nVoltazhi: 5V..<br \/>\n30W<br \/>\nPaketimi p\u00ebrmban:<\/p>\n<p>Masazhieren.<br \/>\nKat\u00ebr koka t\u00eb ndryshme.<br \/>\nFish\u00eb karimikimi USB to Type-C.<br \/>\nManual p\u00ebrdorimi.<\/p>\n","protected":false},"excerpt":{"rendered":"<p>Massage gun,masazhuesi, e p\u00ebrshtatshme p\u00ebr t\u00eb gjith\u00eb trupin. Karakteristikat: Zbut ngurt\u00ebsimin dhe dhimbjen e muskujve tuaj. P\u00ebrmir\u00ebson qarkullimin e gjakut dhe largon dhimbjet e nyjeve, ky\u00e7eve, qaf\u00ebs dhe shpatullave. P\u00ebrmir\u00ebson sh\u00ebndetin e indeve t\u00eb buta. Rritni koh\u00ebn e b\u00ebrjes s\u00eb ushtrimeve. Disa koka t\u00eb ndryshme p\u00ebr masazhim n\u00eb pjes\u00eb t\u00eb ndryshme t\u00eb trupit. Shum\u00eb praktik, &hellip; <a href=\"https:\/\/kindalbaniastore.com\/index.php\/product\/masazhues-profesional\/\" class=\"more-link\">Continue reading <span class=\"screen-reader-text\">Masazhues profesional<\/span><\/a><\/p>\n","protected":false},"featured_media":5620,"comment_status":"open","ping_status":"closed","template":"","meta":{"_joinchat":[]},"product_cat":[221,61,60],"product_tag":[],"class_list":["post-5619","product","type-product","status-publish","has-post-thumbnail","hentry","product_cat-fitnes","product_cat-fizioterapi","product_cat-masazh"],"_links":{"self":[{"href":"https:\/\/kindalbaniastore.com\/index.php\/wp-json\/wp\/v2\/product\/5619","targetHints":{"allow":["GET"]}}],"collection":[{"href":"https:\/\/kindalbaniastore.com\/index.php\/wp-json\/wp\/v2\/product"}],"about":[{"href":"https:\/\/kindalbaniastore.com\/index.php\/wp-json\/wp\/v2\/types\/product"}],"replies":[{"embeddable":true,"href":"https:\/\/kindalbaniastore.com\/index.php\/wp-json\/wp\/v2\/comments?post=5619"}],"version-history":[{"count":1,"href":"https:\/\/kindalbaniastore.com\/index.php\/wp-json\/wp\/v2\/product\/5619\/revisions"}],"predecessor-version":[{"id":5632,"href":"https:\/\/kindalbaniastore.com\/index.php\/wp-json\/wp\/v2\/product\/5619\/revisions\/5632"}],"wp:featuredmedia":[{"embeddable":true,"href":"https:\/\/kindalbaniastore.com\/index.php\/wp-json\/wp\/v2\/media\/5620"}],"wp:attachment":[{"href":"https:\/\/kindalbaniastore.com\/index.php\/wp-json\/wp\/v2\/media?parent=5619"}],"wp:term":[{"taxonomy":"product_cat","embeddable":true,"href":"https:\/\/kindalbaniastore.com\/index.php\/wp-json\/wp\/v2\/product_cat?post=5619"},{"taxonomy":"product_tag","embeddable":true,"href":"https:\/\/kindalbaniastore.com\/index.php\/wp-json\/wp\/v2\/product_tag?post=5619"}],"curies":[{"name":"wp","href":"https:\/\/api.w.org\/{rel}","templated":true}]}}