{"id":5657,"date":"2023-12-21T15:53:52","date_gmt":"2023-12-21T15:53:52","guid":{"rendered":"https:\/\/kindalbaniastore.com\/?post_type=product&#038;p=5657"},"modified":"2023-12-21T15:53:52","modified_gmt":"2023-12-21T15:53:52","slug":"shampo-me-biotine-per-floket","status":"publish","type":"product","link":"https:\/\/kindalbaniastore.com\/index.php\/product\/shampo-me-biotine-per-floket\/","title":{"rendered":"Shampo me biotine per floket"},"content":{"rendered":"<p>\ud83d\udfe2SHAMPO BIOTINE &#8211; DESTEK<br \/>\n\u2022Shampo Biodestek Biotin, xhensen, ekstrakt shafran i Indis\u00eb dhe formulim i ve\u00e7ant\u00eb me keratin, me p\u00ebrmbajtje bimore, ideal p\u00ebr kujdesin e flok\u00ebve t\u00eb dob\u00ebsuar.<br \/>\n \u2022Rrit densitetin e flok\u00ebve dhe forcojn\u00eb gj\u00ebndrat e flok\u00ebve.<br \/>\n\u2022P\u00ebrdorimi i shampos ndihmon q\u00eb flok\u00ebt t\u00eb ndihen m\u00eb t\u00eb ushqyer dhe m\u00eb t\u00eb trash\u00eb.<br \/>\n\u2022N\u00ebse keni flok\u00eb t\u00eb holl\u00eb, biotina mund t\u00eb ndihmoj\u00eb n\u00eb b\u00ebrjen e tyre m\u00eb t\u00eb trash\u00eb dhe m\u00eb t\u00eb plot\u00eb.<br \/>\n\u2022Ideal p\u00ebr kujdesin e flok\u00ebve t\u00eb dob\u00ebsuar<br \/>\n\u2022I testuar dermatologjikisht p\u00ebr gjitha llojet e flok\u00ebve.<br \/>\nP\u00ebrdorimi: Flok\u00ebt e lagur t\u00ebr\u00ebsisht I masazhoni dhe but\u00ebsisht aplikojeni 2 minuta.<br \/>\n M\u00eb pas shp\u00eblajeni me uj\u00eb. N\u00ebse \u00ebsht\u00eb e nevojshme, p\u00ebrs\u00ebritni aplikimin. E vazhdueshme dhe rekomandohet t\u00eb p\u00ebrdoret n\u00eb baza t\u00eb rregullta.<\/p>\n","protected":false},"excerpt":{"rendered":"<p>\ud83d\udfe2SHAMPO BIOTINE &#8211; DESTEK \u2022Shampo Biodestek Biotin, xhensen, ekstrakt shafran i Indis\u00eb dhe formulim i ve\u00e7ant\u00eb me keratin, me p\u00ebrmbajtje bimore, ideal p\u00ebr kujdesin e flok\u00ebve t\u00eb dob\u00ebsuar. \u2022Rrit densitetin e flok\u00ebve dhe forcojn\u00eb gj\u00ebndrat e flok\u00ebve. \u2022P\u00ebrdorimi i shampos ndihmon q\u00eb flok\u00ebt t\u00eb ndihen m\u00eb t\u00eb ushqyer dhe m\u00eb t\u00eb trash\u00eb. \u2022N\u00ebse keni flok\u00eb &hellip; <a href=\"https:\/\/kindalbaniastore.com\/index.php\/product\/shampo-me-biotine-per-floket\/\" class=\"more-link\">Continue reading <span class=\"screen-reader-text\">Shampo me biotine per floket<\/span><\/a><\/p>\n","protected":false},"featured_media":5661,"comment_status":"open","ping_status":"closed","template":"","meta":{"_joinchat":[]},"product_cat":[59,70],"product_tag":[],"class_list":["post-5657","product","type-product","status-publish","has-post-thumbnail","hentry","product_cat-kozmetik","product_cat-produkte-per-floket"],"_links":{"self":[{"href":"https:\/\/kindalbaniastore.com\/index.php\/wp-json\/wp\/v2\/product\/5657","targetHints":{"allow":["GET"]}}],"collection":[{"href":"https:\/\/kindalbaniastore.com\/index.php\/wp-json\/wp\/v2\/product"}],"about":[{"href":"https:\/\/kindalbaniastore.com\/index.php\/wp-json\/wp\/v2\/types\/product"}],"replies":[{"embeddable":true,"href":"https:\/\/kindalbaniastore.com\/index.php\/wp-json\/wp\/v2\/comments?post=5657"}],"version-history":[{"count":1,"href":"https:\/\/kindalbaniastore.com\/index.php\/wp-json\/wp\/v2\/product\/5657\/revisions"}],"predecessor-version":[{"id":5662,"href":"https:\/\/kindalbaniastore.com\/index.php\/wp-json\/wp\/v2\/product\/5657\/revisions\/5662"}],"wp:featuredmedia":[{"embeddable":true,"href":"https:\/\/kindalbaniastore.com\/index.php\/wp-json\/wp\/v2\/media\/5661"}],"wp:attachment":[{"href":"https:\/\/kindalbaniastore.com\/index.php\/wp-json\/wp\/v2\/media?parent=5657"}],"wp:term":[{"taxonomy":"product_cat","embeddable":true,"href":"https:\/\/kindalbaniastore.com\/index.php\/wp-json\/wp\/v2\/product_cat?post=5657"},{"taxonomy":"product_tag","embeddable":true,"href":"https:\/\/kindalbaniastore.com\/index.php\/wp-json\/wp\/v2\/product_tag?post=5657"}],"curies":[{"name":"wp","href":"https:\/\/api.w.org\/{rel}","templated":true}]}}