{"id":5838,"date":"2023-12-26T15:25:02","date_gmt":"2023-12-26T15:25:02","guid":{"rendered":"https:\/\/kindalbaniastore.com\/?post_type=product&#038;p=5838"},"modified":"2023-12-26T15:25:02","modified_gmt":"2023-12-26T15:25:02","slug":"set-per-qerpiket","status":"publish","type":"product","link":"https:\/\/kindalbaniastore.com\/index.php\/product\/set-per-qerpiket\/","title":{"rendered":"Set per qerpiket"},"content":{"rendered":"<p>Solla dhe kete super modelin e ri \ud83e\udef6vetem per gocat e mia\ud83e\udef6 \ud83e\udee0 tashme ju e dini qe ne bejme realitet cdo deshire tuajen ne lidhje me te ghitha produktet qe na kerkoni \ud83e\udee0\ud83d\udc41<br \/>\nKy set eshte nje #musthave  per te gjitha ne \ud83e\udee0pasi perfshin te gjitha aksesoret dhe perberesit per te bere qerpiket te duken  te plote te gjate dhe te dendur \ud83e\udee0\ud83d\udc41<br \/>\nB\u00ebhuni natyral &#8211; me nj\u00eb nxitje. Ngritja e qerpik\u00ebve i b\u00ebn qerpik\u00ebt natyral\u00eb t\u00eb duken m\u00eb t\u00eb gjat\u00eb, t\u00eb ngritur dhe t\u00eb dredhur pa pasur nevoj\u00eb p\u00ebr zgjatje t\u00eb qerpik\u00ebve.\ud83d\udc41 Sistemi yn\u00eb Lift \u00ebsht\u00eb nj\u00eb model revolucionar i qerpik\u00ebve tradicional\u00eb, duke p\u00ebrdorur solucione kremi t\u00eb njohura n\u00eb industri q\u00eb krijojn\u00eb qerpik\u00eb t\u00eb ngritur q\u00eb zgjasin deri n\u00eb 6-8 jav\u00eb.\ud83d\udc41<br \/>\n Me kompletin p\u00ebr ngritjen e qerpik\u00ebve, ju mund t&#8217;i ofroni qerpikeve  tuaj gjasht\u00eb nivele t\u00eb ndryshme &#8220;ngritjeje&#8221;. Procesi p\u00ebrdor zgjidhje me baz\u00eb kremi p\u00ebr siguri, rehati dhe sh\u00ebndet optimal. Alternativa perfekte p\u00ebr personat  q\u00eb duan t\u00eb shmangin mbajtjen e zgjatimeve t\u00eb qerpik\u00ebve, heqja e qerpik\u00ebve ju lejon t\u00eb keni qerpiket perfekt \ud83e\udd29<\/p>\n","protected":false},"excerpt":{"rendered":"<p>Solla dhe kete super modelin e ri \ud83e\udef6vetem per gocat e mia\ud83e\udef6 \ud83e\udee0 tashme ju e dini qe ne bejme realitet cdo deshire tuajen ne lidhje me te ghitha produktet qe na kerkoni \ud83e\udee0\ud83d\udc41 Ky set eshte nje #musthave per te gjitha ne \ud83e\udee0pasi perfshin te gjitha aksesoret dhe perberesit per te bere qerpiket te &hellip; <a href=\"https:\/\/kindalbaniastore.com\/index.php\/product\/set-per-qerpiket\/\" class=\"more-link\">Continue reading <span class=\"screen-reader-text\">Set per qerpiket<\/span><\/a><\/p>\n","protected":false},"featured_media":5840,"comment_status":"open","ping_status":"closed","template":"","meta":{"_joinchat":[]},"product_cat":[62,59,131,70],"product_tag":[],"class_list":["post-5838","product","type-product","status-publish","has-post-thumbnail","hentry","product_cat-estetik","product_cat-kozmetik","product_cat-make-up","product_cat-produkte-per-floket"],"_links":{"self":[{"href":"https:\/\/kindalbaniastore.com\/index.php\/wp-json\/wp\/v2\/product\/5838","targetHints":{"allow":["GET"]}}],"collection":[{"href":"https:\/\/kindalbaniastore.com\/index.php\/wp-json\/wp\/v2\/product"}],"about":[{"href":"https:\/\/kindalbaniastore.com\/index.php\/wp-json\/wp\/v2\/types\/product"}],"replies":[{"embeddable":true,"href":"https:\/\/kindalbaniastore.com\/index.php\/wp-json\/wp\/v2\/comments?post=5838"}],"version-history":[{"count":1,"href":"https:\/\/kindalbaniastore.com\/index.php\/wp-json\/wp\/v2\/product\/5838\/revisions"}],"predecessor-version":[{"id":5849,"href":"https:\/\/kindalbaniastore.com\/index.php\/wp-json\/wp\/v2\/product\/5838\/revisions\/5849"}],"wp:featuredmedia":[{"embeddable":true,"href":"https:\/\/kindalbaniastore.com\/index.php\/wp-json\/wp\/v2\/media\/5840"}],"wp:attachment":[{"href":"https:\/\/kindalbaniastore.com\/index.php\/wp-json\/wp\/v2\/media?parent=5838"}],"wp:term":[{"taxonomy":"product_cat","embeddable":true,"href":"https:\/\/kindalbaniastore.com\/index.php\/wp-json\/wp\/v2\/product_cat?post=5838"},{"taxonomy":"product_tag","embeddable":true,"href":"https:\/\/kindalbaniastore.com\/index.php\/wp-json\/wp\/v2\/product_tag?post=5838"}],"curies":[{"name":"wp","href":"https:\/\/api.w.org\/{rel}","templated":true}]}}