{"id":5995,"date":"2023-12-29T15:53:23","date_gmt":"2023-12-29T15:53:23","guid":{"rendered":"https:\/\/kindalbaniastore.com\/?post_type=product&#038;p=5995"},"modified":"2023-12-29T15:53:23","modified_gmt":"2023-12-29T15:53:23","slug":"derma-wand-per-fytyren","status":"publish","type":"product","link":"https:\/\/kindalbaniastore.com\/index.php\/product\/derma-wand-per-fytyren\/","title":{"rendered":"Derma wand per fytyren"},"content":{"rendered":"<p>Mjet i bukuris\u00eb kund\u00ebr plakjes DermaWand\ud83d\udc86\u200d\u2640\ufe0f<br \/>\nZgjidhja  p\u00ebr t&#8217;u dukur vite m\u00eb e re. \ud83d\udc86\u200d\u2640\ufe0fDermaWand\u00ae \u00ebsht\u00eb v\u00ebrtetuar klinikisht se ndihmon n\u00eb zbutjen e vijave t\u00eb imta\/rrudhat dhe p\u00ebrmir\u00ebson tonin dhe struktur\u00ebn e l\u00ebkur\u00ebs.\ud83d\udc86\u200d\u2640\ufe0f DermaWand\u00ae stimulon dhe rinovon duke d\u00ebrguar nj\u00eb rrym\u00eb t\u00eb but\u00eb pulsesh mikro-rryme t\u00eb nivelit t\u00eb ul\u00ebt (deri n\u00eb 100,000 cikle n\u00eb sekond\u00eb), p\u00ebr t\u00eb masazhuar l\u00ebkur\u00ebn tuaj dhe p\u00ebr t\u00eb p\u00ebrmir\u00ebsuar qarkullimin duke sjell\u00eb oksigjen dhe l\u00ebnd\u00eb ushqyese jetike n\u00eb sip\u00ebrfaqe.\ud83d\udc86\u200d\u2640\ufe0f DermaWand\u00ae p\u00ebrdor teknologjin\u00eb e radiofrekuencave, t\u00eb ngjashme me makinat e m\u00ebdha klinike t\u00eb p\u00ebrdorura nga specialist\u00eb mjek\u00ebsor\u00eb dhe t\u00eb kujdesit t\u00eb l\u00ebkur\u00ebs, por me nj\u00eb frekuenc\u00eb dhe amplitud\u00eb m\u00eb t\u00eb ul\u00ebt, q\u00eb \u00ebsht\u00eb e sigurt p\u00ebr p\u00ebrdorim t\u00eb p\u00ebrditsh\u00ebm n\u00eb sht\u00ebpi.\ud83d\udc86\u200d\u2640\ufe0f<\/p>\n<p>\u2022 E v\u00ebrtetuar klinikisht se ndihmon n\u00eb reduktimin e shenjave t\u00eb dukshme t\u00eb plakjes.\ud83d\udc86\u200d\u2640\ufe0f<br \/>\n\u2022 Pajisja e radiofrekuenc\u00ebs n\u00eb sht\u00ebpi &#8211; e nj\u00ebjta teknologji e p\u00ebrdorur n\u00eb zyr\u00ebn e mjekut dhe medspas\ud83d\udc86\u200d\u2640\ufe0f<br \/>\n\u2022 Menaxhoni shenjat e dukshme t\u00eb plakjes dhe zbut rrudhat dhe linjat e holla\ud83d\udc86\u200d\u2640\ufe0f<br \/>\n\u2022 P\u00ebrmir\u00ebsoni tonin dhe struktur\u00ebn e l\u00ebkur\u00ebs duke zvog\u00ebluar madh\u00ebsin\u00eb e poreve.\ud83d\udc86\u200d\u2640\ufe0f<br \/>\n\u2022 Shihni rezultatet me vet\u00ebm dy trajtime 3-minut\u00ebshe n\u00eb dit\u00eb<br \/>\n\u2022 9 nivele intensiteti ju lejojn\u00eb t\u00eb p\u00ebrshtatni trajtimet tuaja me nivelin tuaj t\u00eb rehatis\u00eb\ud83d\udc86\u200d\u2640\ufe0f<br \/>\n\u2022kuron rrudhat \ud83d\udc86\u200d\u2640\ufe0f<br \/>\n\u2022 rigjeneron qelizat \ud83d\udc86\u200d\u2640\ufe0f<br \/>\n\u2022nxit qarkullimin e gjakut \ud83d\udc86\u200d\u2640\ufe0f<br \/>\n\u2022 P\u00ebrfshin Guid\u00ebn e Bukuris\u00eb<\/p>\n","protected":false},"excerpt":{"rendered":"<p>Mjet i bukuris\u00eb kund\u00ebr plakjes DermaWand\ud83d\udc86\u200d\u2640\ufe0f Zgjidhja p\u00ebr t&#8217;u dukur vite m\u00eb e re. \ud83d\udc86\u200d\u2640\ufe0fDermaWand\u00ae \u00ebsht\u00eb v\u00ebrtetuar klinikisht se ndihmon n\u00eb zbutjen e vijave t\u00eb imta\/rrudhat dhe p\u00ebrmir\u00ebson tonin dhe struktur\u00ebn e l\u00ebkur\u00ebs.\ud83d\udc86\u200d\u2640\ufe0f DermaWand\u00ae stimulon dhe rinovon duke d\u00ebrguar nj\u00eb rrym\u00eb t\u00eb but\u00eb pulsesh mikro-rryme t\u00eb nivelit t\u00eb ul\u00ebt (deri n\u00eb 100,000 cikle n\u00eb sekond\u00eb), &hellip; <a href=\"https:\/\/kindalbaniastore.com\/index.php\/product\/derma-wand-per-fytyren\/\" class=\"more-link\">Continue reading <span class=\"screen-reader-text\">Derma wand per fytyren<\/span><\/a><\/p>\n","protected":false},"featured_media":6012,"comment_status":"open","ping_status":"closed","template":"","meta":{"_joinchat":[]},"product_cat":[62,59,60,71],"product_tag":[],"class_list":["post-5995","product","type-product","status-publish","has-post-thumbnail","hentry","product_cat-estetik","product_cat-kozmetik","product_cat-masazh","product_cat-produkte-per-fytyren-dhe-trupin"],"_links":{"self":[{"href":"https:\/\/kindalbaniastore.com\/index.php\/wp-json\/wp\/v2\/product\/5995","targetHints":{"allow":["GET"]}}],"collection":[{"href":"https:\/\/kindalbaniastore.com\/index.php\/wp-json\/wp\/v2\/product"}],"about":[{"href":"https:\/\/kindalbaniastore.com\/index.php\/wp-json\/wp\/v2\/types\/product"}],"replies":[{"embeddable":true,"href":"https:\/\/kindalbaniastore.com\/index.php\/wp-json\/wp\/v2\/comments?post=5995"}],"version-history":[{"count":1,"href":"https:\/\/kindalbaniastore.com\/index.php\/wp-json\/wp\/v2\/product\/5995\/revisions"}],"predecessor-version":[{"id":6019,"href":"https:\/\/kindalbaniastore.com\/index.php\/wp-json\/wp\/v2\/product\/5995\/revisions\/6019"}],"wp:featuredmedia":[{"embeddable":true,"href":"https:\/\/kindalbaniastore.com\/index.php\/wp-json\/wp\/v2\/media\/6012"}],"wp:attachment":[{"href":"https:\/\/kindalbaniastore.com\/index.php\/wp-json\/wp\/v2\/media?parent=5995"}],"wp:term":[{"taxonomy":"product_cat","embeddable":true,"href":"https:\/\/kindalbaniastore.com\/index.php\/wp-json\/wp\/v2\/product_cat?post=5995"},{"taxonomy":"product_tag","embeddable":true,"href":"https:\/\/kindalbaniastore.com\/index.php\/wp-json\/wp\/v2\/product_tag?post=5995"}],"curies":[{"name":"wp","href":"https:\/\/api.w.org\/{rel}","templated":true}]}}