{"id":6317,"date":"2024-01-10T15:17:34","date_gmt":"2024-01-10T15:17:34","guid":{"rendered":"https:\/\/kindalbaniastore.com\/?post_type=product&#038;p=6317"},"modified":"2024-01-10T15:17:35","modified_gmt":"2024-01-10T15:17:35","slug":"balsam-per-muskujt","status":"publish","type":"product","link":"https:\/\/kindalbaniastore.com\/index.php\/product\/balsam-per-muskujt\/","title":{"rendered":"Balsam per muskujt."},"content":{"rendered":"<p>Krem masazhues per muskujt\ud83d\udc63<br \/>\nEfekt kurues dhe qetesues\ud83d\udc63<br \/>\nBalsam special me vaj\u00ebra esenciale nga mjek\u00ebsia tradicionale kineze, i cili qeteson muskujt e lodhur, liron muskujt e tensionuar t\u00eb qaf\u00ebs dhe ka efekte pozitive n\u00eb sistemin muskuskeletor. Balsami gjithashtu mund t\u00eb p\u00ebrdoret p\u00ebr ngrohjen e muskujve para aktiviteteve sportive dhe masazh t\u00eb m\u00ebvonsh\u00ebm p\u00ebr zbutje t\u00eb tensionit t\u00eb muskuve. I p\u00ebrshtatsh\u00ebm p\u00ebr atlet\u00eb aktiv\u00eb, rezulton n\u00eb rigjenerim t\u00eb shpejt\u00eb dhe freskim. Nuk \u00ebsht\u00eb i p\u00ebrshtatsh\u00ebm p\u00ebr f\u00ebmij\u00eb n\u00ebn 3 vjet<\/p>\n","protected":false},"excerpt":{"rendered":"<p>Krem masazhues per muskujt\ud83d\udc63 Efekt kurues dhe qetesues\ud83d\udc63 Balsam special me vaj\u00ebra esenciale nga mjek\u00ebsia tradicionale kineze, i cili qeteson muskujt e lodhur, liron muskujt e tensionuar t\u00eb qaf\u00ebs dhe ka efekte pozitive n\u00eb sistemin muskuskeletor. Balsami gjithashtu mund t\u00eb p\u00ebrdoret p\u00ebr ngrohjen e muskujve para aktiviteteve sportive dhe masazh t\u00eb m\u00ebvonsh\u00ebm p\u00ebr zbutje t\u00eb &hellip; <a href=\"https:\/\/kindalbaniastore.com\/index.php\/product\/balsam-per-muskujt\/\" class=\"more-link\">Continue reading <span class=\"screen-reader-text\">Balsam per muskujt.<\/span><\/a><\/p>\n","protected":false},"featured_media":6319,"comment_status":"open","ping_status":"closed","template":"","meta":{"_joinchat":[]},"product_cat":[61,60],"product_tag":[],"class_list":["post-6317","product","type-product","status-publish","has-post-thumbnail","hentry","product_cat-fizioterapi","product_cat-masazh"],"_links":{"self":[{"href":"https:\/\/kindalbaniastore.com\/index.php\/wp-json\/wp\/v2\/product\/6317","targetHints":{"allow":["GET"]}}],"collection":[{"href":"https:\/\/kindalbaniastore.com\/index.php\/wp-json\/wp\/v2\/product"}],"about":[{"href":"https:\/\/kindalbaniastore.com\/index.php\/wp-json\/wp\/v2\/types\/product"}],"replies":[{"embeddable":true,"href":"https:\/\/kindalbaniastore.com\/index.php\/wp-json\/wp\/v2\/comments?post=6317"}],"version-history":[{"count":1,"href":"https:\/\/kindalbaniastore.com\/index.php\/wp-json\/wp\/v2\/product\/6317\/revisions"}],"predecessor-version":[{"id":6324,"href":"https:\/\/kindalbaniastore.com\/index.php\/wp-json\/wp\/v2\/product\/6317\/revisions\/6324"}],"wp:featuredmedia":[{"embeddable":true,"href":"https:\/\/kindalbaniastore.com\/index.php\/wp-json\/wp\/v2\/media\/6319"}],"wp:attachment":[{"href":"https:\/\/kindalbaniastore.com\/index.php\/wp-json\/wp\/v2\/media?parent=6317"}],"wp:term":[{"taxonomy":"product_cat","embeddable":true,"href":"https:\/\/kindalbaniastore.com\/index.php\/wp-json\/wp\/v2\/product_cat?post=6317"},{"taxonomy":"product_tag","embeddable":true,"href":"https:\/\/kindalbaniastore.com\/index.php\/wp-json\/wp\/v2\/product_tag?post=6317"}],"curies":[{"name":"wp","href":"https:\/\/api.w.org\/{rel}","templated":true}]}}