{"id":6342,"date":"2024-01-10T16:04:01","date_gmt":"2024-01-10T16:04:01","guid":{"rendered":"https:\/\/kindalbaniastore.com\/?post_type=product&#038;p=6342"},"modified":"2024-01-10T16:04:01","modified_gmt":"2024-01-10T16:04:01","slug":"kupa-elektrike-inteligjente-per-masazh","status":"publish","type":"product","link":"https:\/\/kindalbaniastore.com\/index.php\/product\/kupa-elektrike-inteligjente-per-masazh\/","title":{"rendered":"Kupa elektrike inteligjente  per masazh"},"content":{"rendered":"<p>Seti i terapis\u00eb me kupa inteligjente: Pajisja e re elektrike e kupave \u00ebsht\u00eb nj\u00eb kombinim perfekt i pajisjeve tradicionale t\u00eb kupave dhe teknologjis\u00eb moderne, duke kombinuar aspirat\u00ebn dinamike dhe terapin\u00eb e masazhit me ngrohjen vet\u00ebm n\u00eb drit\u00ebn e kuqe\ud83e\udd70<br \/>\nkupa inteligjente profesionale \ud83c\udf39<\/p>\n<p>\ud83c\udf3bPer te gjjthe ju sportista \ud83c\udfc3dhe ju qe vuani nga pneumonja dhe bronkiti apo dhe ftohja,ne e kemi zgjidhjen per ju.<br \/>\n\ud83c\udf38Sipas mjek\u00ebsis\u00eb tradicionale kineze terapia (masazhi) me kupa inteligjente \u00ebsht\u00eb nj\u00eb metod\u00eb me efikase dhe me profesionale p\u00ebr t\u00eb krijuar nj\u00eb vakum n\u00eb l\u00ebkur\u00ebn e pacientit p\u00ebr t\u00eb larguar gjakun e ndenjur dhe limf\u00ebn e keqe, \ud83c\udf3aduke p\u00ebrmir\u00ebsuar frym\u00ebmarrjen dhe s\u00ebmundje t\u00eb tilla si ftohje\u2744, pneumonia dhe bronkiti.\ud83e\udd12<br \/>\n\ud83c\udff5Kupat gjithashtu p\u00ebrdoren n\u00eb shpin\u00eb, qaf\u00eb, shpatull ku jan\u00eb konstatuar probleme me kontraktimet muskulare.<br \/>\n\ud83c\udf37Kupat nuk rekomandohen n\u00eb rastin e njer\u00ebzve q\u00eb vuajn\u00eb nga s\u00ebmundjet si ul\u00e7erat e l\u00ebkur\u00ebs ose n\u00eb rajonet e barkut ose n\u00eb rastet e grave shtatz\u00ebna.<\/p>\n","protected":false},"excerpt":{"rendered":"<p>Seti i terapis\u00eb me kupa inteligjente: Pajisja e re elektrike e kupave \u00ebsht\u00eb nj\u00eb kombinim perfekt i pajisjeve tradicionale t\u00eb kupave dhe teknologjis\u00eb moderne, duke kombinuar aspirat\u00ebn dinamike dhe terapin\u00eb e masazhit me ngrohjen vet\u00ebm n\u00eb drit\u00ebn e kuqe\ud83e\udd70 kupa inteligjente profesionale \ud83c\udf39 \ud83c\udf3bPer te gjjthe ju sportista \ud83c\udfc3dhe ju qe vuani nga pneumonja dhe &hellip; <a href=\"https:\/\/kindalbaniastore.com\/index.php\/product\/kupa-elektrike-inteligjente-per-masazh\/\" class=\"more-link\">Continue reading <span class=\"screen-reader-text\">Kupa elektrike inteligjente  per masazh<\/span><\/a><\/p>\n","protected":false},"featured_media":6363,"comment_status":"open","ping_status":"closed","template":"","meta":{"_joinchat":[]},"product_cat":[62,61,60],"product_tag":[],"class_list":["post-6342","product","type-product","status-publish","has-post-thumbnail","hentry","product_cat-estetik","product_cat-fizioterapi","product_cat-masazh"],"_links":{"self":[{"href":"https:\/\/kindalbaniastore.com\/index.php\/wp-json\/wp\/v2\/product\/6342","targetHints":{"allow":["GET"]}}],"collection":[{"href":"https:\/\/kindalbaniastore.com\/index.php\/wp-json\/wp\/v2\/product"}],"about":[{"href":"https:\/\/kindalbaniastore.com\/index.php\/wp-json\/wp\/v2\/types\/product"}],"replies":[{"embeddable":true,"href":"https:\/\/kindalbaniastore.com\/index.php\/wp-json\/wp\/v2\/comments?post=6342"}],"version-history":[{"count":2,"href":"https:\/\/kindalbaniastore.com\/index.php\/wp-json\/wp\/v2\/product\/6342\/revisions"}],"predecessor-version":[{"id":6366,"href":"https:\/\/kindalbaniastore.com\/index.php\/wp-json\/wp\/v2\/product\/6342\/revisions\/6366"}],"wp:featuredmedia":[{"embeddable":true,"href":"https:\/\/kindalbaniastore.com\/index.php\/wp-json\/wp\/v2\/media\/6363"}],"wp:attachment":[{"href":"https:\/\/kindalbaniastore.com\/index.php\/wp-json\/wp\/v2\/media?parent=6342"}],"wp:term":[{"taxonomy":"product_cat","embeddable":true,"href":"https:\/\/kindalbaniastore.com\/index.php\/wp-json\/wp\/v2\/product_cat?post=6342"},{"taxonomy":"product_tag","embeddable":true,"href":"https:\/\/kindalbaniastore.com\/index.php\/wp-json\/wp\/v2\/product_tag?post=6342"}],"curies":[{"name":"wp","href":"https:\/\/api.w.org\/{rel}","templated":true}]}}