{"id":6367,"date":"2024-01-15T13:59:24","date_gmt":"2024-01-15T13:59:24","guid":{"rendered":"https:\/\/kindalbaniastore.com\/?post_type=product&#038;p=6367"},"modified":"2024-01-15T13:59:25","modified_gmt":"2024-01-15T13:59:25","slug":"facial-gun-masazhues","status":"publish","type":"product","link":"https:\/\/kindalbaniastore.com\/index.php\/product\/facial-gun-masazhues\/","title":{"rendered":"Facial gun masazhues."},"content":{"rendered":"<p>Massage gun,masazhuesi, e p\u00ebrshtatshme p\u00ebr t\u00eb gjith\u00eb trupin.<\/p>\n<p>Karakteristikat:<\/p>\n<p>Zbut ngurt\u00ebsimin dhe dhimbjen e muskujve tuaj.<br \/>\nP\u00ebrmir\u00ebson qarkullimin e gjakut dhe largon dhimbjet e nyjeve, ky\u00e7eve, qaf\u00ebs dhe shpatullave.<br \/>\nP\u00ebrmir\u00ebson sh\u00ebndetin e indeve t\u00eb buta. Rritni koh\u00ebn e b\u00ebrjes s\u00eb ushtrimeve.<br \/>\nDisa koka t\u00eb ndryshme p\u00ebr masazhim n\u00eb pjes\u00eb t\u00eb ndryshme t\u00eb trupit.<br \/>\nShum\u00eb praktik, mund ta merrni kudo me vete.<br \/>\nPunon me an\u00eb t\u00eb bateris\u00eb s\u00eb rikarikueshme.<br \/>\nPaketimi p\u00ebrmban:<\/p>\n<p>Masazhieren.<br \/>\nKat\u00ebr koka t\u00eb ndryshme.<br \/>\nFish\u00eb karimikimi USB to Type-C.<br \/>\nManual p\u00ebrdorimi.<\/p>\n","protected":false},"excerpt":{"rendered":"<p>Massage gun,masazhuesi, e p\u00ebrshtatshme p\u00ebr t\u00eb gjith\u00eb trupin. Karakteristikat: Zbut ngurt\u00ebsimin dhe dhimbjen e muskujve tuaj. P\u00ebrmir\u00ebson qarkullimin e gjakut dhe largon dhimbjet e nyjeve, ky\u00e7eve, qaf\u00ebs dhe shpatullave. P\u00ebrmir\u00ebson sh\u00ebndetin e indeve t\u00eb buta. Rritni koh\u00ebn e b\u00ebrjes s\u00eb ushtrimeve. Disa koka t\u00eb ndryshme p\u00ebr masazhim n\u00eb pjes\u00eb t\u00eb ndryshme t\u00eb trupit. Shum\u00eb praktik, &hellip; <a href=\"https:\/\/kindalbaniastore.com\/index.php\/product\/facial-gun-masazhues\/\" class=\"more-link\">Continue reading <span class=\"screen-reader-text\">Facial gun masazhues.<\/span><\/a><\/p>\n","protected":false},"featured_media":6372,"comment_status":"open","ping_status":"closed","template":"","meta":{"_joinchat":[]},"product_cat":[61,60],"product_tag":[],"class_list":["post-6367","product","type-product","status-publish","has-post-thumbnail","hentry","product_cat-fizioterapi","product_cat-masazh"],"_links":{"self":[{"href":"https:\/\/kindalbaniastore.com\/index.php\/wp-json\/wp\/v2\/product\/6367","targetHints":{"allow":["GET"]}}],"collection":[{"href":"https:\/\/kindalbaniastore.com\/index.php\/wp-json\/wp\/v2\/product"}],"about":[{"href":"https:\/\/kindalbaniastore.com\/index.php\/wp-json\/wp\/v2\/types\/product"}],"replies":[{"embeddable":true,"href":"https:\/\/kindalbaniastore.com\/index.php\/wp-json\/wp\/v2\/comments?post=6367"}],"version-history":[{"count":1,"href":"https:\/\/kindalbaniastore.com\/index.php\/wp-json\/wp\/v2\/product\/6367\/revisions"}],"predecessor-version":[{"id":6374,"href":"https:\/\/kindalbaniastore.com\/index.php\/wp-json\/wp\/v2\/product\/6367\/revisions\/6374"}],"wp:featuredmedia":[{"embeddable":true,"href":"https:\/\/kindalbaniastore.com\/index.php\/wp-json\/wp\/v2\/media\/6372"}],"wp:attachment":[{"href":"https:\/\/kindalbaniastore.com\/index.php\/wp-json\/wp\/v2\/media?parent=6367"}],"wp:term":[{"taxonomy":"product_cat","embeddable":true,"href":"https:\/\/kindalbaniastore.com\/index.php\/wp-json\/wp\/v2\/product_cat?post=6367"},{"taxonomy":"product_tag","embeddable":true,"href":"https:\/\/kindalbaniastore.com\/index.php\/wp-json\/wp\/v2\/product_tag?post=6367"}],"curies":[{"name":"wp","href":"https:\/\/api.w.org\/{rel}","templated":true}]}}