{"id":6391,"date":"2024-01-15T15:34:31","date_gmt":"2024-01-15T15:34:31","guid":{"rendered":"https:\/\/kindalbaniastore.com\/?post_type=product&#038;p=6391"},"modified":"2024-01-15T15:34:31","modified_gmt":"2024-01-15T15:34:31","slug":"organizues-bizhuterish","status":"publish","type":"product","link":"https:\/\/kindalbaniastore.com\/index.php\/product\/organizues-bizhuterish\/","title":{"rendered":"Organizues bizhuterish"},"content":{"rendered":"<p>Kuti bizhuterish portative<\/p>\n<p>\u25ab\ufe0fMaterial PET i trashur me cil\u00ebsi t\u00eb lart\u00eb, i q\u00ebndruesh\u00ebm dhe rezistent.<br \/>\n\u25ab\ufe0fI pap\u00ebrshkuesh\u00ebm nga pluhuri, kapak transparent p\u00ebr t\u00eb par\u00eb p\u00ebrmbajtjen e kutis\u00eb s\u00eb pjes\u00ebve.<br \/>\n\u25ab\ufe0fDuke adoptuar modele t\u00eb shumta rrjeti, ju mund t\u00eb ruani aksesor\u00eb sipas nevojave t\u00eb ndryshme<br \/>\n\u25ab\ufe0fI p\u00ebrshtatsh\u00ebm p\u00ebr ruajtjen e vath\u00ebve, gjerdan\u00ebve, rruaza, unaza ose aksesor\u00eb t\u00eb tjer\u00eb t\u00eb vegj\u00ebl, manikyr, kozmetik\u00eb, pilula dhe produkte t\u00eb tjera.<br \/>\n\u25ab\ufe0f Dizajn i thjesht\u00eb por n\u00eb mod\u00eb, do t&#8217;ju p\u00eblqej\u00eb.<\/p>\n<p>Specifikime:<\/p>\n<p>Materiali: PET (kadife e but\u00eb)<\/p>\n","protected":false},"excerpt":{"rendered":"<p>Kuti bizhuterish portative \u25ab\ufe0fMaterial PET i trashur me cil\u00ebsi t\u00eb lart\u00eb, i q\u00ebndruesh\u00ebm dhe rezistent. \u25ab\ufe0fI pap\u00ebrshkuesh\u00ebm nga pluhuri, kapak transparent p\u00ebr t\u00eb par\u00eb p\u00ebrmbajtjen e kutis\u00eb s\u00eb pjes\u00ebve. \u25ab\ufe0fDuke adoptuar modele t\u00eb shumta rrjeti, ju mund t\u00eb ruani aksesor\u00eb sipas nevojave t\u00eb ndryshme \u25ab\ufe0fI p\u00ebrshtatsh\u00ebm p\u00ebr ruajtjen e vath\u00ebve, gjerdan\u00ebve, rruaza, unaza ose aksesor\u00eb &hellip; <a href=\"https:\/\/kindalbaniastore.com\/index.php\/product\/organizues-bizhuterish\/\" class=\"more-link\">Continue reading <span class=\"screen-reader-text\">Organizues bizhuterish<\/span><\/a><\/p>\n","protected":false},"featured_media":6396,"comment_status":"open","ping_status":"closed","template":"","meta":{"_joinchat":[]},"product_cat":[62,59],"product_tag":[],"class_list":["post-6391","product","type-product","status-publish","has-post-thumbnail","hentry","product_cat-estetik","product_cat-kozmetik"],"_links":{"self":[{"href":"https:\/\/kindalbaniastore.com\/index.php\/wp-json\/wp\/v2\/product\/6391","targetHints":{"allow":["GET"]}}],"collection":[{"href":"https:\/\/kindalbaniastore.com\/index.php\/wp-json\/wp\/v2\/product"}],"about":[{"href":"https:\/\/kindalbaniastore.com\/index.php\/wp-json\/wp\/v2\/types\/product"}],"replies":[{"embeddable":true,"href":"https:\/\/kindalbaniastore.com\/index.php\/wp-json\/wp\/v2\/comments?post=6391"}],"version-history":[{"count":1,"href":"https:\/\/kindalbaniastore.com\/index.php\/wp-json\/wp\/v2\/product\/6391\/revisions"}],"predecessor-version":[{"id":6403,"href":"https:\/\/kindalbaniastore.com\/index.php\/wp-json\/wp\/v2\/product\/6391\/revisions\/6403"}],"wp:featuredmedia":[{"embeddable":true,"href":"https:\/\/kindalbaniastore.com\/index.php\/wp-json\/wp\/v2\/media\/6396"}],"wp:attachment":[{"href":"https:\/\/kindalbaniastore.com\/index.php\/wp-json\/wp\/v2\/media?parent=6391"}],"wp:term":[{"taxonomy":"product_cat","embeddable":true,"href":"https:\/\/kindalbaniastore.com\/index.php\/wp-json\/wp\/v2\/product_cat?post=6391"},{"taxonomy":"product_tag","embeddable":true,"href":"https:\/\/kindalbaniastore.com\/index.php\/wp-json\/wp\/v2\/product_tag?post=6391"}],"curies":[{"name":"wp","href":"https:\/\/api.w.org\/{rel}","templated":true}]}}