{"id":6548,"date":"2024-01-18T17:04:50","date_gmt":"2024-01-18T17:04:50","guid":{"rendered":"https:\/\/kindalbaniastore.com\/?post_type=product&#038;p=6548"},"modified":"2024-01-18T17:04:50","modified_gmt":"2024-01-18T17:04:50","slug":"set-per-kujdesin-e-mjekres","status":"publish","type":"product","link":"https:\/\/kindalbaniastore.com\/index.php\/product\/set-per-kujdesin-e-mjekres\/","title":{"rendered":"Set per kujdesin e mjekres"},"content":{"rendered":"<p>Kush tha qe nuk kemi produkte per meshkuj? \ud83e\udd79<br \/>\nSigurisht qe kemi mensuar dhe per to pasi dhe ata kane rutinen e tyre per kujdesin personal\ud83e\udd29<br \/>\nTashme duke qene se meshkujt me mjeker te bukur jane shtuar ne mase\ud83e\udd29<br \/>\nSolla kete set per kujdesin e mjekres\ud83e\udd29<br \/>\n\ud83d\udfe2SET P\u00cbR MJEKR\u00cbN &#8211; SHAMPO, VAJ, BALM<br \/>\n\u2022Seti i duhur p\u00ebr mjekr\u00ebn tuaj duke e ber\u00eb mjekr\u00ebn m\u00eb t\u00eb sh\u00ebndetshme dhe t\u00eb but\u00eb fal\u00eb p\u00ebrb\u00ebrjes q\u00eb kan\u00eb<br \/>\n\u2022P\u00ebrmbajn\u00eb: Vaj Xhinxheri, Vaj rozmarine ( e cili \u00ebsht\u00eb nj\u00eb nga vajrat m\u00eb t\u00eb p\u00ebrdorur p\u00ebr p\u00ebrkujdesin e flok\u00ebve dhe mjekrr\u00ebs) gjithashtu dhe trokoferol sic quhet ndryshe Vitamin\u00eb C<br \/>\nForcon ngjyren e mjekres dhe ndihmon qe te rritet dhe te jete e dendur<\/p>\n","protected":false},"excerpt":{"rendered":"<p>Kush tha qe nuk kemi produkte per meshkuj? \ud83e\udd79 Sigurisht qe kemi mensuar dhe per to pasi dhe ata kane rutinen e tyre per kujdesin personal\ud83e\udd29 Tashme duke qene se meshkujt me mjeker te bukur jane shtuar ne mase\ud83e\udd29 Solla kete set per kujdesin e mjekres\ud83e\udd29 \ud83d\udfe2SET P\u00cbR MJEKR\u00cbN &#8211; SHAMPO, VAJ, BALM \u2022Seti i &hellip; <a href=\"https:\/\/kindalbaniastore.com\/index.php\/product\/set-per-kujdesin-e-mjekres\/\" class=\"more-link\">Continue reading <span class=\"screen-reader-text\">Set per kujdesin e mjekres<\/span><\/a><\/p>\n","protected":false},"featured_media":6549,"comment_status":"open","ping_status":"closed","template":"","meta":{"_joinchat":[]},"product_cat":[223,62,59],"product_tag":[],"class_list":["post-6548","product","type-product","status-publish","has-post-thumbnail","hentry","product_cat-berber","product_cat-estetik","product_cat-kozmetik"],"_links":{"self":[{"href":"https:\/\/kindalbaniastore.com\/index.php\/wp-json\/wp\/v2\/product\/6548","targetHints":{"allow":["GET"]}}],"collection":[{"href":"https:\/\/kindalbaniastore.com\/index.php\/wp-json\/wp\/v2\/product"}],"about":[{"href":"https:\/\/kindalbaniastore.com\/index.php\/wp-json\/wp\/v2\/types\/product"}],"replies":[{"embeddable":true,"href":"https:\/\/kindalbaniastore.com\/index.php\/wp-json\/wp\/v2\/comments?post=6548"}],"version-history":[{"count":1,"href":"https:\/\/kindalbaniastore.com\/index.php\/wp-json\/wp\/v2\/product\/6548\/revisions"}],"predecessor-version":[{"id":6559,"href":"https:\/\/kindalbaniastore.com\/index.php\/wp-json\/wp\/v2\/product\/6548\/revisions\/6559"}],"wp:featuredmedia":[{"embeddable":true,"href":"https:\/\/kindalbaniastore.com\/index.php\/wp-json\/wp\/v2\/media\/6549"}],"wp:attachment":[{"href":"https:\/\/kindalbaniastore.com\/index.php\/wp-json\/wp\/v2\/media?parent=6548"}],"wp:term":[{"taxonomy":"product_cat","embeddable":true,"href":"https:\/\/kindalbaniastore.com\/index.php\/wp-json\/wp\/v2\/product_cat?post=6548"},{"taxonomy":"product_tag","embeddable":true,"href":"https:\/\/kindalbaniastore.com\/index.php\/wp-json\/wp\/v2\/product_tag?post=6548"}],"curies":[{"name":"wp","href":"https:\/\/api.w.org\/{rel}","templated":true}]}}