{"id":6608,"date":"2024-01-19T15:14:30","date_gmt":"2024-01-19T15:14:30","guid":{"rendered":"https:\/\/kindalbaniastore.com\/?post_type=product&#038;p=6608"},"modified":"2024-01-19T15:15:26","modified_gmt":"2024-01-19T15:15:26","slug":"epilator-me-lazer","status":"publish","type":"product","link":"https:\/\/kindalbaniastore.com\/index.php\/product\/epilator-me-lazer\/","title":{"rendered":"Epilator me lazer"},"content":{"rendered":"<p>Mini epilator me laser<\/p>\n<p>\u25ab\ufe0f M\u00ebnyr\u00eb automatike dhe manuale p\u00ebr zona t\u00eb ndryshme t\u00eb l\u00ebkur\u00ebs<br \/>\n\u25ab\ufe0f Flash p\u00ebr koh\u00eb m\u00eb t\u00eb gjat\u00eb p\u00ebrdorimi<br \/>\n\u25ab\ufe0f Ekran LCD p\u00ebr sigurimin e informacionit t\u00eb qart\u00eb p\u00ebr m\u00ebnyrat e pun\u00ebs, ndezjet e mbetura dhe nivelet e fuqis\u00eb<br \/>\n\u25ab\ufe0f900000 pulsime<br \/>\n\u25ab\ufe0fNiveli optimal i energjis\u00eb i rregulluesh\u00ebm sipas toleranc\u00ebs s\u00eb l\u00ebkur\u00ebs p\u00ebr t\u00eb siguruar trajtim pa dhimbje dhe t\u00eb leht\u00eb, pa d\u00ebmtuar l\u00ebkur\u00ebn<\/p>\n<p>Specifikim:<\/p>\n<p>Ngjyra: e bardh\u00eb<br \/>\nP\u00ebrmasat: 18x10cm<br \/>\nTensioni: 110-240V<\/p>\n","protected":false},"excerpt":{"rendered":"<p>Mini epilator me laser \u25ab\ufe0f M\u00ebnyr\u00eb automatike dhe manuale p\u00ebr zona t\u00eb ndryshme t\u00eb l\u00ebkur\u00ebs \u25ab\ufe0f Flash p\u00ebr koh\u00eb m\u00eb t\u00eb gjat\u00eb p\u00ebrdorimi \u25ab\ufe0f Ekran LCD p\u00ebr sigurimin e informacionit t\u00eb qart\u00eb p\u00ebr m\u00ebnyrat e pun\u00ebs, ndezjet e mbetura dhe nivelet e fuqis\u00eb \u25ab\ufe0f900000 pulsime \u25ab\ufe0fNiveli optimal i energjis\u00eb i rregulluesh\u00ebm sipas toleranc\u00ebs s\u00eb l\u00ebkur\u00ebs &hellip; <a href=\"https:\/\/kindalbaniastore.com\/index.php\/product\/epilator-me-lazer\/\" class=\"more-link\">Continue reading <span class=\"screen-reader-text\">Epilator me lazer<\/span><\/a><\/p>\n","protected":false},"featured_media":6650,"comment_status":"open","ping_status":"closed","template":"","meta":{"_joinchat":[]},"product_cat":[62,59,71],"product_tag":[],"class_list":["post-6608","product","type-product","status-publish","has-post-thumbnail","hentry","product_cat-estetik","product_cat-kozmetik","product_cat-produkte-per-fytyren-dhe-trupin"],"_links":{"self":[{"href":"https:\/\/kindalbaniastore.com\/index.php\/wp-json\/wp\/v2\/product\/6608","targetHints":{"allow":["GET"]}}],"collection":[{"href":"https:\/\/kindalbaniastore.com\/index.php\/wp-json\/wp\/v2\/product"}],"about":[{"href":"https:\/\/kindalbaniastore.com\/index.php\/wp-json\/wp\/v2\/types\/product"}],"replies":[{"embeddable":true,"href":"https:\/\/kindalbaniastore.com\/index.php\/wp-json\/wp\/v2\/comments?post=6608"}],"version-history":[{"count":1,"href":"https:\/\/kindalbaniastore.com\/index.php\/wp-json\/wp\/v2\/product\/6608\/revisions"}],"predecessor-version":[{"id":6659,"href":"https:\/\/kindalbaniastore.com\/index.php\/wp-json\/wp\/v2\/product\/6608\/revisions\/6659"}],"wp:featuredmedia":[{"embeddable":true,"href":"https:\/\/kindalbaniastore.com\/index.php\/wp-json\/wp\/v2\/media\/6650"}],"wp:attachment":[{"href":"https:\/\/kindalbaniastore.com\/index.php\/wp-json\/wp\/v2\/media?parent=6608"}],"wp:term":[{"taxonomy":"product_cat","embeddable":true,"href":"https:\/\/kindalbaniastore.com\/index.php\/wp-json\/wp\/v2\/product_cat?post=6608"},{"taxonomy":"product_tag","embeddable":true,"href":"https:\/\/kindalbaniastore.com\/index.php\/wp-json\/wp\/v2\/product_tag?post=6608"}],"curies":[{"name":"wp","href":"https:\/\/api.w.org\/{rel}","templated":true}]}}