{"id":6707,"date":"2024-01-23T15:57:35","date_gmt":"2024-01-23T15:57:35","guid":{"rendered":"https:\/\/kindalbaniastore.com\/?post_type=product&#038;p=6707"},"modified":"2024-01-23T15:57:35","modified_gmt":"2024-01-23T15:57:35","slug":"serum-me-uje-orizi-per-fytyrenset-dy-cope","status":"publish","type":"product","link":"https:\/\/kindalbaniastore.com\/index.php\/product\/serum-me-uje-orizi-per-fytyrenset-dy-cope\/","title":{"rendered":"Serum me uje orizi per fytyren,set dy cope"},"content":{"rendered":"<p>Serum  me uje orizi i ben nje pastrim te thelle fytyres tuaj<br \/>\nVetit\u00eb ngjit\u00ebse superiore nga ekstrakti i orizit qet\u00ebson l\u00ebkur\u00ebn e irrituar. Ai\u00a0mund t\u00eb p\u00ebrdoret si nj\u00eb serum p\u00ebr l\u00ebkur\u00ebn gjat\u00eb rtutines tuaj baz\u00eb t\u00eb kujdesit t\u00eb l\u00ebkur\u00ebs p\u00ebr t\u00eb\u00a0rritur\u00a0mbajtjen e lag\u00ebshtis\u00eb. Thuhet se acidi glikolik n\u00eb oriz ndihmon n\u00eb prodhimin e kolagjenit dhe elastin\u00ebs, t\u00eb cilat barazojn\u00eb tonin e l\u00ebkur\u00ebs dhe zbutin sip\u00ebrfaqen e saj. Ekstrakti i orizit ka gjithashtu p\u00ebrfitime t\u00eb mahnitshme hidratimi.<\/p>\n<p>Nga koka te k\u00ebmb\u00ebt, ky produkt me shum\u00eb kujdes \u00ebsht\u00eb kaq natyral, saq\u00eb \u00ebsht\u00eb i sigurt p\u00ebr llojet e ndjeshme t\u00eb l\u00ebkur\u00ebs dhe f\u00ebmij\u00ebt gjithashtu.<\/p>\n<p>\ud83d\udc9be pasur me vitamina te cilat ushqejne lekuren<br \/>\n\ud83d\udc9bnepermjet terheqjes ajo largon cdo papasterti nga fytyra si dhe largon pikat e zeza<br \/>\n\ud83d\udc9bkjo maske largon gjithashtu pushin nga fytyra juaj<br \/>\n\ud83d\udc9blargon lekuren e vdekur<br \/>\n\ud83d\udc9bi jep lekures shkelqim dhe butesi<br \/>\n\ud83d\udc9bnje maske shume efektive ndaj rrudhave sepse i largon ato<br \/>\n\ud83d\udc9b100%bimore<br \/>\n\ud83d\udc9bdermatologjikisht e aprovuar<\/p>\n","protected":false},"excerpt":{"rendered":"<p>Serum me uje orizi i ben nje pastrim te thelle fytyres tuaj Vetit\u00eb ngjit\u00ebse superiore nga ekstrakti i orizit qet\u00ebson l\u00ebkur\u00ebn e irrituar. Ai\u00a0mund t\u00eb p\u00ebrdoret si nj\u00eb serum p\u00ebr l\u00ebkur\u00ebn gjat\u00eb rtutines tuaj baz\u00eb t\u00eb kujdesit t\u00eb l\u00ebkur\u00ebs p\u00ebr t\u00eb\u00a0rritur\u00a0mbajtjen e lag\u00ebshtis\u00eb. Thuhet se acidi glikolik n\u00eb oriz ndihmon n\u00eb prodhimin e kolagjenit dhe &hellip; <a href=\"https:\/\/kindalbaniastore.com\/index.php\/product\/serum-me-uje-orizi-per-fytyrenset-dy-cope\/\" class=\"more-link\">Continue reading <span class=\"screen-reader-text\">Serum me uje orizi per fytyren,set dy cope<\/span><\/a><\/p>\n","protected":false},"featured_media":6708,"comment_status":"open","ping_status":"closed","template":"","meta":{"_joinchat":[]},"product_cat":[62,59,71],"product_tag":[],"class_list":["post-6707","product","type-product","status-publish","has-post-thumbnail","hentry","product_cat-estetik","product_cat-kozmetik","product_cat-produkte-per-fytyren-dhe-trupin"],"_links":{"self":[{"href":"https:\/\/kindalbaniastore.com\/index.php\/wp-json\/wp\/v2\/product\/6707","targetHints":{"allow":["GET"]}}],"collection":[{"href":"https:\/\/kindalbaniastore.com\/index.php\/wp-json\/wp\/v2\/product"}],"about":[{"href":"https:\/\/kindalbaniastore.com\/index.php\/wp-json\/wp\/v2\/types\/product"}],"replies":[{"embeddable":true,"href":"https:\/\/kindalbaniastore.com\/index.php\/wp-json\/wp\/v2\/comments?post=6707"}],"version-history":[{"count":1,"href":"https:\/\/kindalbaniastore.com\/index.php\/wp-json\/wp\/v2\/product\/6707\/revisions"}],"predecessor-version":[{"id":6712,"href":"https:\/\/kindalbaniastore.com\/index.php\/wp-json\/wp\/v2\/product\/6707\/revisions\/6712"}],"wp:featuredmedia":[{"embeddable":true,"href":"https:\/\/kindalbaniastore.com\/index.php\/wp-json\/wp\/v2\/media\/6708"}],"wp:attachment":[{"href":"https:\/\/kindalbaniastore.com\/index.php\/wp-json\/wp\/v2\/media?parent=6707"}],"wp:term":[{"taxonomy":"product_cat","embeddable":true,"href":"https:\/\/kindalbaniastore.com\/index.php\/wp-json\/wp\/v2\/product_cat?post=6707"},{"taxonomy":"product_tag","embeddable":true,"href":"https:\/\/kindalbaniastore.com\/index.php\/wp-json\/wp\/v2\/product_tag?post=6707"}],"curies":[{"name":"wp","href":"https:\/\/api.w.org\/{rel}","templated":true}]}}