{"id":6713,"date":"2024-01-24T16:55:45","date_gmt":"2024-01-24T16:55:45","guid":{"rendered":"https:\/\/kindalbaniastore.com\/?post_type=product&#038;p=6713"},"modified":"2024-01-24T16:55:45","modified_gmt":"2024-01-24T16:55:45","slug":"mop-pastrimi","status":"publish","type":"product","link":"https:\/\/kindalbaniastore.com\/index.php\/product\/mop-pastrimi\/","title":{"rendered":"Mop pastrimi"},"content":{"rendered":"<p>Mopi me i kerkuar erdhi perseri\u2705\ufe0f<br \/>\nPerfekte p\u00ebr dysheme pa irritim\u2705\ufe0f<br \/>\n Shtupa \u00ebsht\u00eb e pajisur m\u00eb fije pambuku dyshe p\u00ebr: pastrim t\u00eb thell\u00eb, absorbim t\u00eb lart\u00eb, q\u00ebndrueshm\u00ebri t\u00eb gjat\u00eb.\u2705\ufe0f<br \/>\nIdeale p\u00ebr \u00e7do lloj larje.\u2705\ufe0f<br \/>\nKursen kohe \u2705\ufe0f<br \/>\nPastron ne menyre perfekte\u2705<\/p>\n","protected":false},"excerpt":{"rendered":"<p>Mopi me i kerkuar erdhi perseri\u2705\ufe0f Perfekte p\u00ebr dysheme pa irritim\u2705\ufe0f Shtupa \u00ebsht\u00eb e pajisur m\u00eb fije pambuku dyshe p\u00ebr: pastrim t\u00eb thell\u00eb, absorbim t\u00eb lart\u00eb, q\u00ebndrueshm\u00ebri t\u00eb gjat\u00eb.\u2705\ufe0f Ideale p\u00ebr \u00e7do lloj larje.\u2705\ufe0f Kursen kohe \u2705\ufe0f Pastron ne menyre perfekte\u2705<\/p>\n","protected":false},"featured_media":6714,"comment_status":"open","ping_status":"closed","template":"","meta":{"_joinchat":[]},"product_cat":[66],"product_tag":[],"class_list":["post-6713","product","type-product","status-publish","has-post-thumbnail","hentry","product_cat-produkte-per-shtepi"],"_links":{"self":[{"href":"https:\/\/kindalbaniastore.com\/index.php\/wp-json\/wp\/v2\/product\/6713","targetHints":{"allow":["GET"]}}],"collection":[{"href":"https:\/\/kindalbaniastore.com\/index.php\/wp-json\/wp\/v2\/product"}],"about":[{"href":"https:\/\/kindalbaniastore.com\/index.php\/wp-json\/wp\/v2\/types\/product"}],"replies":[{"embeddable":true,"href":"https:\/\/kindalbaniastore.com\/index.php\/wp-json\/wp\/v2\/comments?post=6713"}],"version-history":[{"count":1,"href":"https:\/\/kindalbaniastore.com\/index.php\/wp-json\/wp\/v2\/product\/6713\/revisions"}],"predecessor-version":[{"id":6724,"href":"https:\/\/kindalbaniastore.com\/index.php\/wp-json\/wp\/v2\/product\/6713\/revisions\/6724"}],"wp:featuredmedia":[{"embeddable":true,"href":"https:\/\/kindalbaniastore.com\/index.php\/wp-json\/wp\/v2\/media\/6714"}],"wp:attachment":[{"href":"https:\/\/kindalbaniastore.com\/index.php\/wp-json\/wp\/v2\/media?parent=6713"}],"wp:term":[{"taxonomy":"product_cat","embeddable":true,"href":"https:\/\/kindalbaniastore.com\/index.php\/wp-json\/wp\/v2\/product_cat?post=6713"},{"taxonomy":"product_tag","embeddable":true,"href":"https:\/\/kindalbaniastore.com\/index.php\/wp-json\/wp\/v2\/product_tag?post=6713"}],"curies":[{"name":"wp","href":"https:\/\/api.w.org\/{rel}","templated":true}]}}