{"id":6770,"date":"2024-01-25T13:55:00","date_gmt":"2024-01-25T13:55:00","guid":{"rendered":"https:\/\/kindalbaniastore.com\/?post_type=product&#038;p=6770"},"modified":"2024-01-25T13:55:01","modified_gmt":"2024-01-25T13:55:01","slug":"grirese-manuale-per-lakren-dhe-perimet-e-tjera","status":"publish","type":"product","link":"https:\/\/kindalbaniastore.com\/index.php\/product\/grirese-manuale-per-lakren-dhe-perimet-e-tjera\/","title":{"rendered":"Grirese manuale per lakren dhe perimet e tjera"},"content":{"rendered":"<p>Grirese manuale per lakren   prej \u00e7eliku t\u00eb pandryshksh\u00ebm, nj\u00eb teh prer\u00ebs, nj\u00eb teh t\u00eb trash\u00eb grir\u00ebs dhe nj\u00eb teh t\u00eb im\u00ebt grir\u00ebse. \u00cbsht\u00eb perfekt p\u00ebr prerjen e patateve, kastravecit, grirjes s\u00eb djathit, karrot\u00ebs, bluarjes s\u00eb arrave etj.\u2705\ufe0f<br \/>\nSiguri ne ushqim dhe e leht\u00eb p\u00ebr t\u2019u pastruar. \u2705\ufe0f<br \/>\nMateriali kryesor \u00ebsht\u00eb pa BPA, kazani \u00ebsht\u00eb prej \u00e7eliku inox, i cili \u00ebsht\u00eb i sigurt dhe i fort\u00eb. \u2705\ufe0f<br \/>\nPastrim i thjesht\u00eb, thjesht pastroni renden rrotulluese n\u00ebn uj\u00eb t\u00eb rrjedhsh\u00ebm.\u2705\ufe0f<br \/>\nRuli 360 grad\u00eb pret ushqimin gjat\u00eb gjith\u00eb koh\u00ebs kur rrotulloni dorez\u00ebn\u2705<\/p>\n","protected":false},"excerpt":{"rendered":"<p>Grirese manuale per lakren prej \u00e7eliku t\u00eb pandryshksh\u00ebm, nj\u00eb teh prer\u00ebs, nj\u00eb teh t\u00eb trash\u00eb grir\u00ebs dhe nj\u00eb teh t\u00eb im\u00ebt grir\u00ebse. \u00cbsht\u00eb perfekt p\u00ebr prerjen e patateve, kastravecit, grirjes s\u00eb djathit, karrot\u00ebs, bluarjes s\u00eb arrave etj.\u2705\ufe0f Siguri ne ushqim dhe e leht\u00eb p\u00ebr t\u2019u pastruar. \u2705\ufe0f Materiali kryesor \u00ebsht\u00eb pa BPA, kazani \u00ebsht\u00eb prej &hellip; <a href=\"https:\/\/kindalbaniastore.com\/index.php\/product\/grirese-manuale-per-lakren-dhe-perimet-e-tjera\/\" class=\"more-link\">Continue reading <span class=\"screen-reader-text\">Grirese manuale per lakren dhe perimet e tjera<\/span><\/a><\/p>\n","protected":false},"featured_media":6775,"comment_status":"open","ping_status":"closed","template":"","meta":{"_joinchat":[]},"product_cat":[66],"product_tag":[],"class_list":["post-6770","product","type-product","status-publish","has-post-thumbnail","hentry","product_cat-produkte-per-shtepi"],"_links":{"self":[{"href":"https:\/\/kindalbaniastore.com\/index.php\/wp-json\/wp\/v2\/product\/6770","targetHints":{"allow":["GET"]}}],"collection":[{"href":"https:\/\/kindalbaniastore.com\/index.php\/wp-json\/wp\/v2\/product"}],"about":[{"href":"https:\/\/kindalbaniastore.com\/index.php\/wp-json\/wp\/v2\/types\/product"}],"replies":[{"embeddable":true,"href":"https:\/\/kindalbaniastore.com\/index.php\/wp-json\/wp\/v2\/comments?post=6770"}],"version-history":[{"count":1,"href":"https:\/\/kindalbaniastore.com\/index.php\/wp-json\/wp\/v2\/product\/6770\/revisions"}],"predecessor-version":[{"id":6777,"href":"https:\/\/kindalbaniastore.com\/index.php\/wp-json\/wp\/v2\/product\/6770\/revisions\/6777"}],"wp:featuredmedia":[{"embeddable":true,"href":"https:\/\/kindalbaniastore.com\/index.php\/wp-json\/wp\/v2\/media\/6775"}],"wp:attachment":[{"href":"https:\/\/kindalbaniastore.com\/index.php\/wp-json\/wp\/v2\/media?parent=6770"}],"wp:term":[{"taxonomy":"product_cat","embeddable":true,"href":"https:\/\/kindalbaniastore.com\/index.php\/wp-json\/wp\/v2\/product_cat?post=6770"},{"taxonomy":"product_tag","embeddable":true,"href":"https:\/\/kindalbaniastore.com\/index.php\/wp-json\/wp\/v2\/product_tag?post=6770"}],"curies":[{"name":"wp","href":"https:\/\/api.w.org\/{rel}","templated":true}]}}