{"id":6878,"date":"2024-01-26T14:28:29","date_gmt":"2024-01-26T14:28:29","guid":{"rendered":"https:\/\/kindalbaniastore.com\/?post_type=product&#038;p=6878"},"modified":"2024-01-26T14:28:29","modified_gmt":"2024-01-26T14:28:29","slug":"raft-organizues-per-tualet","status":"publish","type":"product","link":"https:\/\/kindalbaniastore.com\/index.php\/product\/raft-organizues-per-tualet\/","title":{"rendered":"Raft organizues per tualet"},"content":{"rendered":"<p>Raft organizues tualeti<\/p>\n<p>\u25ab\ufe0fRaft magazinimi me kapacitet t\u00eb madh me kat\u00ebr nivele dhe me lart\u00ebsi rregullimi fleksib\u00ebl sipas madh\u00ebsive t\u00eb ndryshme t\u00eb shisheve t\u00eb tualetit.<br \/>\n\u25ab\ufe0fZgjidhje perfekte p\u00ebr ruajtjen e hap\u00ebsir\u00ebs.<br \/>\n\u25ab\ufe0fShtylla e sip\u00ebrme me susta t\u00eb integruar q\u00eb siguron tensionin nevojiten p\u00ebr t\u00eb mbajtur shtyll\u00ebn n\u00eb vend<br \/>\n\u25ab\ufe0fSip\u00ebrfaqja e but\u00eb nuk do t\u00eb d\u00ebmtoj\u00eb dyshemen\u00eb dhe tavanin, rrit f\u00ebrkimin p\u00ebr fiksim m\u00eb t\u00eb q\u00ebndruesh\u00ebm.<br \/>\nInstalohet leht\u00eb pa pasur nevoj\u00eb p\u00ebr mjete, pa shpuar asnj\u00eb vrim\u00eb.<br \/>\n\u25ab\ufe0fKy mobilim i banj\u00ebs \u00ebsht\u00eb ideal p\u00ebr shampo, sfungjer\u00eb, condicioner ose element\u00eb thelb\u00ebsor\u00eb gjat\u00eb banj\u00ebs dhe e mban at\u00eb n\u00eb m\u00ebnyr\u00eb efektive t\u00eb mir\u00eborganizuar.<\/p>\n<p>Specifikim<br \/>\nMateriali: Tub i p\u00ebrb\u00ebr\u00eb prej \u00e7eliku inox 430\/PP\/ABS<br \/>\nNgjyra e raftit: e bardh\u00eb<br \/>\nDiametri i tubit: 025.4\/D22.2mm<br \/>\nMadh\u00ebsia: rreth 185-240&amp;255-310cm Rezistenca ndaj pesh\u00ebs: \u00e7do palet\u00eb mund t\u00eb p\u00ebrballoj\u00eb rreth 5 kg<br \/>\nLart\u00ebsia e rregullueshme &#8211; P\u00ebr t&#8217;i p\u00ebrshtatur n\u00eb m\u00ebnyr\u00eb t\u00eb p\u00ebrsosur raftet e murit t\u00eb banj\u00ebs nga 185-240 &amp; 255-310 cm<\/p>\n","protected":false},"excerpt":{"rendered":"<p>Raft organizues tualeti \u25ab\ufe0fRaft magazinimi me kapacitet t\u00eb madh me kat\u00ebr nivele dhe me lart\u00ebsi rregullimi fleksib\u00ebl sipas madh\u00ebsive t\u00eb ndryshme t\u00eb shisheve t\u00eb tualetit. \u25ab\ufe0fZgjidhje perfekte p\u00ebr ruajtjen e hap\u00ebsir\u00ebs. \u25ab\ufe0fShtylla e sip\u00ebrme me susta t\u00eb integruar q\u00eb siguron tensionin nevojiten p\u00ebr t\u00eb mbajtur shtyll\u00ebn n\u00eb vend \u25ab\ufe0fSip\u00ebrfaqja e but\u00eb nuk do t\u00eb d\u00ebmtoj\u00eb &hellip; <a href=\"https:\/\/kindalbaniastore.com\/index.php\/product\/raft-organizues-per-tualet\/\" class=\"more-link\">Continue reading <span class=\"screen-reader-text\">Raft organizues per tualet<\/span><\/a><\/p>\n","protected":false},"featured_media":6880,"comment_status":"open","ping_status":"closed","template":"","meta":{"_joinchat":[]},"product_cat":[66],"product_tag":[],"class_list":["post-6878","product","type-product","status-publish","has-post-thumbnail","hentry","product_cat-produkte-per-shtepi"],"_links":{"self":[{"href":"https:\/\/kindalbaniastore.com\/index.php\/wp-json\/wp\/v2\/product\/6878","targetHints":{"allow":["GET"]}}],"collection":[{"href":"https:\/\/kindalbaniastore.com\/index.php\/wp-json\/wp\/v2\/product"}],"about":[{"href":"https:\/\/kindalbaniastore.com\/index.php\/wp-json\/wp\/v2\/types\/product"}],"replies":[{"embeddable":true,"href":"https:\/\/kindalbaniastore.com\/index.php\/wp-json\/wp\/v2\/comments?post=6878"}],"version-history":[{"count":1,"href":"https:\/\/kindalbaniastore.com\/index.php\/wp-json\/wp\/v2\/product\/6878\/revisions"}],"predecessor-version":[{"id":6887,"href":"https:\/\/kindalbaniastore.com\/index.php\/wp-json\/wp\/v2\/product\/6878\/revisions\/6887"}],"wp:featuredmedia":[{"embeddable":true,"href":"https:\/\/kindalbaniastore.com\/index.php\/wp-json\/wp\/v2\/media\/6880"}],"wp:attachment":[{"href":"https:\/\/kindalbaniastore.com\/index.php\/wp-json\/wp\/v2\/media?parent=6878"}],"wp:term":[{"taxonomy":"product_cat","embeddable":true,"href":"https:\/\/kindalbaniastore.com\/index.php\/wp-json\/wp\/v2\/product_cat?post=6878"},{"taxonomy":"product_tag","embeddable":true,"href":"https:\/\/kindalbaniastore.com\/index.php\/wp-json\/wp\/v2\/product_tag?post=6878"}],"curies":[{"name":"wp","href":"https:\/\/api.w.org\/{rel}","templated":true}]}}