{"id":6888,"date":"2024-01-26T14:41:59","date_gmt":"2024-01-26T14:41:59","guid":{"rendered":"https:\/\/kindalbaniastore.com\/?post_type=product&#038;p=6888"},"modified":"2024-01-26T14:42:00","modified_gmt":"2024-01-26T14:42:00","slug":"kontenitore-ushqimi","status":"publish","type":"product","link":"https:\/\/kindalbaniastore.com\/index.php\/product\/kontenitore-ushqimi\/","title":{"rendered":"Kontenitor\u00eb ushqimi"},"content":{"rendered":"<p>Kontenitor\u00eb ushqimi<\/p>\n<p>P\u00ebrshkrim i detajuar:<\/p>\n<p>\u25ab\ufe0fKapak druri me mbyllje hermetike e cila rrit bukurin\u00eb artistike dhe leht\u00ebson ruajtjen e arrave dhe fasuleve t\u00eb ndryshme<br \/>\n\u25ab\ufe0fKontenitor\u00eb qelqi t\u00eb tejdukshme e b\u00ebn t\u00eb leht\u00eb shikimin e p\u00ebrmbajtjes me nj\u00eb shikim.<br \/>\n\u25ab\ufe0fK\u00ebto kontenitor\u00eb kuzhine jan\u00eb t\u00eb grumbullueshme p\u00ebr ruajtjen e hap\u00ebsir\u00ebs kur \u00ebsht\u00eb e nevojshme dhe ndihmojn\u00eb n\u00eb parandalimin e rr\u00ebmuj\u00ebs s\u00eb kabinetit t\u00eb leht\u00eb p\u00ebr t\u2019u mir\u00ebmbajtur, k\u00ebnaqin ruajtjen e p\u00ebrditshme t\u00eb arrave, kokrrave t\u00eb kafes\u00eb, \u00e7ajit dhe shijeve t\u00eb tjera<br \/>\n\u25ab\ufe0f Madh\u00ebsi t\u00eb ndyshme p\u00ebr t\u00eb leht\u00ebsuar organizimin<br \/>\n\u25ab\ufe0fT\u00eb lehta p\u00ebr t\u2019u pastruar<\/p>\n<p>Specifikim<br \/>\nMateriali: qelq + kapak druri<br \/>\nNgjyra: transparente<br \/>\nForma: rrethore<br \/>\nSasia: 500ml \/ 700ml \/ 1000ml<br \/>\nP\u00ebrmasat: 9&#215;10.5cm \/ 9&#215;13.5cm \/ 9.8&#215;17.8cm<\/p>\n","protected":false},"excerpt":{"rendered":"<p>Kontenitor\u00eb ushqimi P\u00ebrshkrim i detajuar: \u25ab\ufe0fKapak druri me mbyllje hermetike e cila rrit bukurin\u00eb artistike dhe leht\u00ebson ruajtjen e arrave dhe fasuleve t\u00eb ndryshme \u25ab\ufe0fKontenitor\u00eb qelqi t\u00eb tejdukshme e b\u00ebn t\u00eb leht\u00eb shikimin e p\u00ebrmbajtjes me nj\u00eb shikim. \u25ab\ufe0fK\u00ebto kontenitor\u00eb kuzhine jan\u00eb t\u00eb grumbullueshme p\u00ebr ruajtjen e hap\u00ebsir\u00ebs kur \u00ebsht\u00eb e nevojshme dhe ndihmojn\u00eb n\u00eb &hellip; <a href=\"https:\/\/kindalbaniastore.com\/index.php\/product\/kontenitore-ushqimi\/\" class=\"more-link\">Continue reading <span class=\"screen-reader-text\">Kontenitor\u00eb ushqimi<\/span><\/a><\/p>\n","protected":false},"featured_media":6896,"comment_status":"open","ping_status":"closed","template":"","meta":{"_joinchat":[]},"product_cat":[66],"product_tag":[],"class_list":["post-6888","product","type-product","status-publish","has-post-thumbnail","hentry","product_cat-produkte-per-shtepi"],"_links":{"self":[{"href":"https:\/\/kindalbaniastore.com\/index.php\/wp-json\/wp\/v2\/product\/6888","targetHints":{"allow":["GET"]}}],"collection":[{"href":"https:\/\/kindalbaniastore.com\/index.php\/wp-json\/wp\/v2\/product"}],"about":[{"href":"https:\/\/kindalbaniastore.com\/index.php\/wp-json\/wp\/v2\/types\/product"}],"replies":[{"embeddable":true,"href":"https:\/\/kindalbaniastore.com\/index.php\/wp-json\/wp\/v2\/comments?post=6888"}],"version-history":[{"count":1,"href":"https:\/\/kindalbaniastore.com\/index.php\/wp-json\/wp\/v2\/product\/6888\/revisions"}],"predecessor-version":[{"id":6899,"href":"https:\/\/kindalbaniastore.com\/index.php\/wp-json\/wp\/v2\/product\/6888\/revisions\/6899"}],"wp:featuredmedia":[{"embeddable":true,"href":"https:\/\/kindalbaniastore.com\/index.php\/wp-json\/wp\/v2\/media\/6896"}],"wp:attachment":[{"href":"https:\/\/kindalbaniastore.com\/index.php\/wp-json\/wp\/v2\/media?parent=6888"}],"wp:term":[{"taxonomy":"product_cat","embeddable":true,"href":"https:\/\/kindalbaniastore.com\/index.php\/wp-json\/wp\/v2\/product_cat?post=6888"},{"taxonomy":"product_tag","embeddable":true,"href":"https:\/\/kindalbaniastore.com\/index.php\/wp-json\/wp\/v2\/product_tag?post=6888"}],"curies":[{"name":"wp","href":"https:\/\/api.w.org\/{rel}","templated":true}]}}