{"id":6964,"date":"2024-01-29T15:31:31","date_gmt":"2024-01-29T15:31:31","guid":{"rendered":"https:\/\/kindalbaniastore.com\/?post_type=product&#038;p=6964"},"modified":"2024-01-29T15:31:32","modified_gmt":"2024-01-29T15:31:32","slug":"shtrydhese-manuale","status":"publish","type":"product","link":"https:\/\/kindalbaniastore.com\/index.php\/product\/shtrydhese-manuale\/","title":{"rendered":"Shtrydhese manuale"},"content":{"rendered":"<p>Shtrydhese manuale per agrumet \ud83c\udf4a\ud83c\udf4b<br \/>\n&#8220;E dizenjuar me nj\u00eb baz\u00eb thith\u00ebse dhe nj\u00eb dorez\u00eb t\u00eb relaksuar me maniv\u00eb p\u00ebr t\u2019ju ndihmuar t\u00eb p\u00ebrdorni me leht\u00ebsi shtrydh\u00ebsin.\ud83c\udf4a<br \/>\n\u2705B\u00ebr\u00eb nga materiali ABS i kategoris\u00eb ushqimore, pa BPA, nuk prodhohen kimikate toksike gjat\u00eb procesit t\u00eb nxjerrjes.\ud83c\udf4a Kjo shtrydh\u00ebse frutash manuale mund t\u00eb p\u00ebrdoret p\u00ebr l\u00ebng limoni, portokalli, shalqi, domate, rrush, sheg\u00eb dhe lloje t\u00eb tjera frutash.\ud83c\udf4a<br \/>\n\ud83c\udf53 Doreza e gjat\u00eb e shtrydh\u00ebse frutash limoni ka nj\u00eb buz\u00eb t\u00eb rrumbullakosur q\u00eb nuk rr\u00ebshqet dhe \u00ebsht\u00eb shum\u00eb e rehatshme p\u00ebr t&#8217;u p\u00ebrdorur.\ud83c\udf4a<br \/>\n\ud83c\udf4aGjat\u00ebsia m\u00eb e gjat\u00eb e dorez\u00ebs ju lejon t\u00eb merrni fuqin\u00eb e saj dhe e b\u00ebn shtrydhjen v\u00ebrtet t\u00eb leht\u00eb.\ud83c\udf4a<br \/>\n\ud83e\udd55P\u00ebrb\u00ebr\u00ebsit e k\u00ebtij shtrydh\u00ebsi t\u00eb l\u00ebngut t\u00eb frutave jan\u00eb t\u00eb l\u00ebvizsh\u00ebm p\u00ebr pastrim t\u00eb leht\u00eb\ud83c\udf4a<\/p>\n","protected":false},"excerpt":{"rendered":"<p>Shtrydhese manuale per agrumet \ud83c\udf4a\ud83c\udf4b &#8220;E dizenjuar me nj\u00eb baz\u00eb thith\u00ebse dhe nj\u00eb dorez\u00eb t\u00eb relaksuar me maniv\u00eb p\u00ebr t\u2019ju ndihmuar t\u00eb p\u00ebrdorni me leht\u00ebsi shtrydh\u00ebsin.\ud83c\udf4a \u2705B\u00ebr\u00eb nga materiali ABS i kategoris\u00eb ushqimore, pa BPA, nuk prodhohen kimikate toksike gjat\u00eb procesit t\u00eb nxjerrjes.\ud83c\udf4a Kjo shtrydh\u00ebse frutash manuale mund t\u00eb p\u00ebrdoret p\u00ebr l\u00ebng limoni, portokalli, shalqi, &hellip; <a href=\"https:\/\/kindalbaniastore.com\/index.php\/product\/shtrydhese-manuale\/\" class=\"more-link\">Continue reading <span class=\"screen-reader-text\">Shtrydhese manuale<\/span><\/a><\/p>\n","protected":false},"featured_media":6973,"comment_status":"open","ping_status":"closed","template":"","meta":{"_joinchat":[]},"product_cat":[225,66],"product_tag":[],"class_list":["post-6964","product","type-product","status-publish","has-post-thumbnail","hentry","product_cat-ene-kuzhine","product_cat-produkte-per-shtepi"],"_links":{"self":[{"href":"https:\/\/kindalbaniastore.com\/index.php\/wp-json\/wp\/v2\/product\/6964","targetHints":{"allow":["GET"]}}],"collection":[{"href":"https:\/\/kindalbaniastore.com\/index.php\/wp-json\/wp\/v2\/product"}],"about":[{"href":"https:\/\/kindalbaniastore.com\/index.php\/wp-json\/wp\/v2\/types\/product"}],"replies":[{"embeddable":true,"href":"https:\/\/kindalbaniastore.com\/index.php\/wp-json\/wp\/v2\/comments?post=6964"}],"version-history":[{"count":1,"href":"https:\/\/kindalbaniastore.com\/index.php\/wp-json\/wp\/v2\/product\/6964\/revisions"}],"predecessor-version":[{"id":6976,"href":"https:\/\/kindalbaniastore.com\/index.php\/wp-json\/wp\/v2\/product\/6964\/revisions\/6976"}],"wp:featuredmedia":[{"embeddable":true,"href":"https:\/\/kindalbaniastore.com\/index.php\/wp-json\/wp\/v2\/media\/6973"}],"wp:attachment":[{"href":"https:\/\/kindalbaniastore.com\/index.php\/wp-json\/wp\/v2\/media?parent=6964"}],"wp:term":[{"taxonomy":"product_cat","embeddable":true,"href":"https:\/\/kindalbaniastore.com\/index.php\/wp-json\/wp\/v2\/product_cat?post=6964"},{"taxonomy":"product_tag","embeddable":true,"href":"https:\/\/kindalbaniastore.com\/index.php\/wp-json\/wp\/v2\/product_tag?post=6964"}],"curies":[{"name":"wp","href":"https:\/\/api.w.org\/{rel}","templated":true}]}}