{"id":6997,"date":"2024-01-30T16:53:45","date_gmt":"2024-01-30T16:53:45","guid":{"rendered":"https:\/\/kindalbaniastore.com\/?post_type=product&#038;p=6997"},"modified":"2024-01-30T16:53:46","modified_gmt":"2024-01-30T16:53:46","slug":"pasqyre-dekorative","status":"publish","type":"product","link":"https:\/\/kindalbaniastore.com\/index.php\/product\/pasqyre-dekorative\/","title":{"rendered":"Pasqyre dekorative"},"content":{"rendered":"<p>Pasqyr\u00eb dekorative<\/p>\n<p>\u25ab\ufe0fPasqyra \u00ebsht\u00eb nj\u00eb dekorim perfekt p\u00ebr sht\u00ebpin\u00eb, zyr\u00ebn, dhom\u00ebn e ndenj\u00ebs, dhom\u00ebn e gjumit, kuzhin\u00ebn, banj\u00ebn, etj<br \/>\n\u25ab\ufe0fMund t\u00eb p\u00ebrdoret si dhurat\u00eb p\u00ebr familjen dhe migte.<br \/>\n\u25ab\ufe0fDizajn i thjesht\u00eb dhe elegant n\u00eb forme trek\u00ebnd\u00ebshi t\u00eb \u00e7rregullt.<br \/>\n\u25ab\ufe0fPasqyra ka me sip\u00ebrfaqe t\u00eb qart\u00eb dhe reflektim t\u00eb mire.<\/p>\n<p>Specifikim<br \/>\nMateriali: korniz\u00eb plastike<br \/>\nNgjyra: roz\u00eb, e zez\u00eb, e bardh\u00eb<br \/>\nPermasat: 24.3&#215;40.5cm<\/p>\n","protected":false},"excerpt":{"rendered":"<p>Pasqyr\u00eb dekorative \u25ab\ufe0fPasqyra \u00ebsht\u00eb nj\u00eb dekorim perfekt p\u00ebr sht\u00ebpin\u00eb, zyr\u00ebn, dhom\u00ebn e ndenj\u00ebs, dhom\u00ebn e gjumit, kuzhin\u00ebn, banj\u00ebn, etj \u25ab\ufe0fMund t\u00eb p\u00ebrdoret si dhurat\u00eb p\u00ebr familjen dhe migte. \u25ab\ufe0fDizajn i thjesht\u00eb dhe elegant n\u00eb forme trek\u00ebnd\u00ebshi t\u00eb \u00e7rregullt. \u25ab\ufe0fPasqyra ka me sip\u00ebrfaqe t\u00eb qart\u00eb dhe reflektim t\u00eb mire. Specifikim Materiali: korniz\u00eb plastike Ngjyra: roz\u00eb, e &hellip; <a href=\"https:\/\/kindalbaniastore.com\/index.php\/product\/pasqyre-dekorative\/\" class=\"more-link\">Continue reading <span class=\"screen-reader-text\">Pasqyre dekorative<\/span><\/a><\/p>\n","protected":false},"featured_media":7009,"comment_status":"open","ping_status":"closed","template":"","meta":{"_joinchat":[]},"product_cat":[62,221,61,59,131,60,67,66],"product_tag":[],"class_list":["post-6997","product","type-product","status-publish","has-post-thumbnail","hentry","product_cat-estetik","product_cat-fitnes","product_cat-fizioterapi","product_cat-kozmetik","product_cat-make-up","product_cat-masazh","product_cat-moda","product_cat-produkte-per-shtepi"],"_links":{"self":[{"href":"https:\/\/kindalbaniastore.com\/index.php\/wp-json\/wp\/v2\/product\/6997","targetHints":{"allow":["GET"]}}],"collection":[{"href":"https:\/\/kindalbaniastore.com\/index.php\/wp-json\/wp\/v2\/product"}],"about":[{"href":"https:\/\/kindalbaniastore.com\/index.php\/wp-json\/wp\/v2\/types\/product"}],"replies":[{"embeddable":true,"href":"https:\/\/kindalbaniastore.com\/index.php\/wp-json\/wp\/v2\/comments?post=6997"}],"version-history":[{"count":1,"href":"https:\/\/kindalbaniastore.com\/index.php\/wp-json\/wp\/v2\/product\/6997\/revisions"}],"predecessor-version":[{"id":7018,"href":"https:\/\/kindalbaniastore.com\/index.php\/wp-json\/wp\/v2\/product\/6997\/revisions\/7018"}],"wp:featuredmedia":[{"embeddable":true,"href":"https:\/\/kindalbaniastore.com\/index.php\/wp-json\/wp\/v2\/media\/7009"}],"wp:attachment":[{"href":"https:\/\/kindalbaniastore.com\/index.php\/wp-json\/wp\/v2\/media?parent=6997"}],"wp:term":[{"taxonomy":"product_cat","embeddable":true,"href":"https:\/\/kindalbaniastore.com\/index.php\/wp-json\/wp\/v2\/product_cat?post=6997"},{"taxonomy":"product_tag","embeddable":true,"href":"https:\/\/kindalbaniastore.com\/index.php\/wp-json\/wp\/v2\/product_tag?post=6997"}],"curies":[{"name":"wp","href":"https:\/\/api.w.org\/{rel}","templated":true}]}}