{"id":7047,"date":"2024-01-31T15:10:46","date_gmt":"2024-01-31T15:10:46","guid":{"rendered":"https:\/\/kindalbaniastore.com\/?post_type=product&#038;p=7047"},"modified":"2024-01-31T15:10:47","modified_gmt":"2024-01-31T15:10:47","slug":"ekspozues-per-bizhuterite","status":"publish","type":"product","link":"https:\/\/kindalbaniastore.com\/index.php\/product\/ekspozues-per-bizhuterite\/","title":{"rendered":"Ekspozues per bizhuterite"},"content":{"rendered":"<p>Ekspozitor p\u00ebr bizhuteri<\/p>\n<p>Shfaqni n\u00eb m\u00ebnyr\u00eb elegante var\u00ebse tuaja. Perfekte p\u00ebr organizimin e bizhuterive n\u00eb sht\u00ebpi ose ekspozit\u00ebn e dyqaneve t\u00eb bizhuterive<br \/>\nMbuluar me kadife t\u00eb but\u00eb, parandalon gjerdanet tuaja nga g\u00ebrvishtjet<br \/>\nelegante, luksoze, cil\u00ebsi e lart\u00eb, e q\u00ebndrueshme dhe e leht\u00eb p\u00ebr t&#8217;u p\u00ebrdorur<\/p>\n<p>Specifikim<br \/>\nMadh\u00ebsia: 30&#215;20.5cm \/ 34x24cm \/ 23x20cm \/ 23x18cm<br \/>\nMateriali: Kadife + PVC<br \/>\nNgjyra: gri, e zez\u00eb<\/p>\n","protected":false},"excerpt":{"rendered":"<p>Ekspozitor p\u00ebr bizhuteri Shfaqni n\u00eb m\u00ebnyr\u00eb elegante var\u00ebse tuaja. Perfekte p\u00ebr organizimin e bizhuterive n\u00eb sht\u00ebpi ose ekspozit\u00ebn e dyqaneve t\u00eb bizhuterive Mbuluar me kadife t\u00eb but\u00eb, parandalon gjerdanet tuaja nga g\u00ebrvishtjet elegante, luksoze, cil\u00ebsi e lart\u00eb, e q\u00ebndrueshme dhe e leht\u00eb p\u00ebr t&#8217;u p\u00ebrdorur Specifikim Madh\u00ebsia: 30&#215;20.5cm \/ 34x24cm \/ 23x20cm \/ 23x18cm Materiali: &hellip; <a href=\"https:\/\/kindalbaniastore.com\/index.php\/product\/ekspozues-per-bizhuterite\/\" class=\"more-link\">Continue reading <span class=\"screen-reader-text\">Ekspozues per bizhuterite<\/span><\/a><\/p>\n","protected":false},"featured_media":7052,"comment_status":"open","ping_status":"closed","template":"","meta":{"_joinchat":[]},"product_cat":[62,59,131],"product_tag":[],"class_list":["post-7047","product","type-product","status-publish","has-post-thumbnail","hentry","product_cat-estetik","product_cat-kozmetik","product_cat-make-up"],"_links":{"self":[{"href":"https:\/\/kindalbaniastore.com\/index.php\/wp-json\/wp\/v2\/product\/7047","targetHints":{"allow":["GET"]}}],"collection":[{"href":"https:\/\/kindalbaniastore.com\/index.php\/wp-json\/wp\/v2\/product"}],"about":[{"href":"https:\/\/kindalbaniastore.com\/index.php\/wp-json\/wp\/v2\/types\/product"}],"replies":[{"embeddable":true,"href":"https:\/\/kindalbaniastore.com\/index.php\/wp-json\/wp\/v2\/comments?post=7047"}],"version-history":[{"count":1,"href":"https:\/\/kindalbaniastore.com\/index.php\/wp-json\/wp\/v2\/product\/7047\/revisions"}],"predecessor-version":[{"id":7056,"href":"https:\/\/kindalbaniastore.com\/index.php\/wp-json\/wp\/v2\/product\/7047\/revisions\/7056"}],"wp:featuredmedia":[{"embeddable":true,"href":"https:\/\/kindalbaniastore.com\/index.php\/wp-json\/wp\/v2\/media\/7052"}],"wp:attachment":[{"href":"https:\/\/kindalbaniastore.com\/index.php\/wp-json\/wp\/v2\/media?parent=7047"}],"wp:term":[{"taxonomy":"product_cat","embeddable":true,"href":"https:\/\/kindalbaniastore.com\/index.php\/wp-json\/wp\/v2\/product_cat?post=7047"},{"taxonomy":"product_tag","embeddable":true,"href":"https:\/\/kindalbaniastore.com\/index.php\/wp-json\/wp\/v2\/product_tag?post=7047"}],"curies":[{"name":"wp","href":"https:\/\/api.w.org\/{rel}","templated":true}]}}