{"id":7057,"date":"2024-01-31T15:15:32","date_gmt":"2024-01-31T15:15:32","guid":{"rendered":"https:\/\/kindalbaniastore.com\/?post_type=product&#038;p=7057"},"modified":"2024-01-31T15:15:32","modified_gmt":"2024-01-31T15:15:32","slug":"kuti-organizuese-per-oret-2","status":"publish","type":"product","link":"https:\/\/kindalbaniastore.com\/index.php\/product\/kuti-organizuese-per-oret-2\/","title":{"rendered":"kuti organizuese per oret"},"content":{"rendered":"<p>Kuti organizuese p\u00ebr or\u00ebt<\/p>\n<p>Kutia elegante e punuar nga materialet e plastik\u00ebs dhe l\u00ebkur\u00ebs imitim mund t\u00eb organizoj\u00eb gjith\u00ebsej 10 or\u00eb. Elegante dhe shum\u00eb praktike duke q\u00ebn\u00eb se vjen e pajisur me pjes\u00ebn e sirtarit.<br \/>\nLeht\u00ebsisht e pastrueshme.<\/p>\n<p>Specifikim<br \/>\nMateriali: l\u00ebkur\u00eb PU<br \/>\nNgjyra: e zez\u00eb<br \/>\nP\u00ebrmasat: 28&#215;20.3&#215;16.5cm<\/p>\n","protected":false},"excerpt":{"rendered":"<p>Kuti organizuese p\u00ebr or\u00ebt Kutia elegante e punuar nga materialet e plastik\u00ebs dhe l\u00ebkur\u00ebs imitim mund t\u00eb organizoj\u00eb gjith\u00ebsej 10 or\u00eb. Elegante dhe shum\u00eb praktike duke q\u00ebn\u00eb se vjen e pajisur me pjes\u00ebn e sirtarit. Leht\u00ebsisht e pastrueshme. Specifikim Materiali: l\u00ebkur\u00eb PU Ngjyra: e zez\u00eb P\u00ebrmasat: 28&#215;20.3&#215;16.5cm<\/p>\n","protected":false},"featured_media":7065,"comment_status":"open","ping_status":"closed","template":"","meta":{"_joinchat":[]},"product_cat":[220,62,59,131],"product_tag":[],"class_list":["post-7057","product","type-product","status-publish","has-post-thumbnail","hentry","product_cat-canta-dhe-kuleta","product_cat-estetik","product_cat-kozmetik","product_cat-make-up"],"_links":{"self":[{"href":"https:\/\/kindalbaniastore.com\/index.php\/wp-json\/wp\/v2\/product\/7057","targetHints":{"allow":["GET"]}}],"collection":[{"href":"https:\/\/kindalbaniastore.com\/index.php\/wp-json\/wp\/v2\/product"}],"about":[{"href":"https:\/\/kindalbaniastore.com\/index.php\/wp-json\/wp\/v2\/types\/product"}],"replies":[{"embeddable":true,"href":"https:\/\/kindalbaniastore.com\/index.php\/wp-json\/wp\/v2\/comments?post=7057"}],"version-history":[{"count":1,"href":"https:\/\/kindalbaniastore.com\/index.php\/wp-json\/wp\/v2\/product\/7057\/revisions"}],"predecessor-version":[{"id":7067,"href":"https:\/\/kindalbaniastore.com\/index.php\/wp-json\/wp\/v2\/product\/7057\/revisions\/7067"}],"wp:featuredmedia":[{"embeddable":true,"href":"https:\/\/kindalbaniastore.com\/index.php\/wp-json\/wp\/v2\/media\/7065"}],"wp:attachment":[{"href":"https:\/\/kindalbaniastore.com\/index.php\/wp-json\/wp\/v2\/media?parent=7057"}],"wp:term":[{"taxonomy":"product_cat","embeddable":true,"href":"https:\/\/kindalbaniastore.com\/index.php\/wp-json\/wp\/v2\/product_cat?post=7057"},{"taxonomy":"product_tag","embeddable":true,"href":"https:\/\/kindalbaniastore.com\/index.php\/wp-json\/wp\/v2\/product_tag?post=7057"}],"curies":[{"name":"wp","href":"https:\/\/api.w.org\/{rel}","templated":true}]}}