{"id":7134,"date":"2024-02-02T14:54:02","date_gmt":"2024-02-02T14:54:02","guid":{"rendered":"https:\/\/kindalbaniastore.com\/?post_type=product&#038;p=7134"},"modified":"2024-02-02T14:54:03","modified_gmt":"2024-02-02T14:54:03","slug":"abazhur-per-femije","status":"publish","type":"product","link":"https:\/\/kindalbaniastore.com\/index.php\/product\/abazhur-per-femije\/","title":{"rendered":"Abazhur per femije"},"content":{"rendered":"<p>Abazhur p\u00ebr f\u00ebmij\u00eb 3n1<\/p>\n<p>Specifikim<br \/>\nMateriali: ABS<br \/>\nP\u00ebrmasat: 25x10cm<br \/>\nFuqia: 3W<br \/>\nKapaciteti: 300mAh<br \/>\nButon ON\/OFF: po<br \/>\nAksesor\u00eb: kabulli karikimit<\/p>\n","protected":false},"excerpt":{"rendered":"<p>Abazhur p\u00ebr f\u00ebmij\u00eb 3n1 Specifikim Materiali: ABS P\u00ebrmasat: 25x10cm Fuqia: 3W Kapaciteti: 300mAh Buton ON\/OFF: po Aksesor\u00eb: kabulli karikimit<\/p>\n","protected":false},"featured_media":7139,"comment_status":"open","ping_status":"closed","template":"","meta":{"_joinchat":[]},"product_cat":[63,222,66],"product_tag":[],"class_list":["post-7134","product","type-product","status-publish","has-post-thumbnail","hentry","product_cat-lodra","product_cat-produkte-per-femije","product_cat-produkte-per-shtepi"],"_links":{"self":[{"href":"https:\/\/kindalbaniastore.com\/index.php\/wp-json\/wp\/v2\/product\/7134","targetHints":{"allow":["GET"]}}],"collection":[{"href":"https:\/\/kindalbaniastore.com\/index.php\/wp-json\/wp\/v2\/product"}],"about":[{"href":"https:\/\/kindalbaniastore.com\/index.php\/wp-json\/wp\/v2\/types\/product"}],"replies":[{"embeddable":true,"href":"https:\/\/kindalbaniastore.com\/index.php\/wp-json\/wp\/v2\/comments?post=7134"}],"version-history":[{"count":1,"href":"https:\/\/kindalbaniastore.com\/index.php\/wp-json\/wp\/v2\/product\/7134\/revisions"}],"predecessor-version":[{"id":7145,"href":"https:\/\/kindalbaniastore.com\/index.php\/wp-json\/wp\/v2\/product\/7134\/revisions\/7145"}],"wp:featuredmedia":[{"embeddable":true,"href":"https:\/\/kindalbaniastore.com\/index.php\/wp-json\/wp\/v2\/media\/7139"}],"wp:attachment":[{"href":"https:\/\/kindalbaniastore.com\/index.php\/wp-json\/wp\/v2\/media?parent=7134"}],"wp:term":[{"taxonomy":"product_cat","embeddable":true,"href":"https:\/\/kindalbaniastore.com\/index.php\/wp-json\/wp\/v2\/product_cat?post=7134"},{"taxonomy":"product_tag","embeddable":true,"href":"https:\/\/kindalbaniastore.com\/index.php\/wp-json\/wp\/v2\/product_tag?post=7134"}],"curies":[{"name":"wp","href":"https:\/\/api.w.org\/{rel}","templated":true}]}}