{"id":7158,"date":"2024-02-02T15:03:41","date_gmt":"2024-02-02T15:03:41","guid":{"rendered":"https:\/\/kindalbaniastore.com\/?post_type=product&#038;p=7158"},"modified":"2024-02-02T15:03:41","modified_gmt":"2024-02-02T15:03:41","slug":"organizues-per-bizhuterite-2","status":"publish","type":"product","link":"https:\/\/kindalbaniastore.com\/index.php\/product\/organizues-per-bizhuterite-2\/","title":{"rendered":"Organizues per bizhuterite."},"content":{"rendered":"<p>Organizuese p\u00ebr bizhuteri<\/p>\n<p>Specifikim<br \/>\nMateriali: l\u00ebkur\u00eb PU<br \/>\nP\u00ebrmasat: 23x17x10cm<br \/>\nNgjyra: e bardh\u00eb, e zez\u00eb, roz\u00eb<\/p>\n","protected":false},"excerpt":{"rendered":"<p>Organizuese p\u00ebr bizhuteri Specifikim Materiali: l\u00ebkur\u00eb PU P\u00ebrmasat: 23x17x10cm Ngjyra: e bardh\u00eb, e zez\u00eb, roz\u00eb<\/p>\n","protected":false},"featured_media":7173,"comment_status":"open","ping_status":"closed","template":"","meta":{"_joinchat":[]},"product_cat":[220,59],"product_tag":[],"class_list":["post-7158","product","type-product","status-publish","has-post-thumbnail","hentry","product_cat-canta-dhe-kuleta","product_cat-kozmetik"],"_links":{"self":[{"href":"https:\/\/kindalbaniastore.com\/index.php\/wp-json\/wp\/v2\/product\/7158","targetHints":{"allow":["GET"]}}],"collection":[{"href":"https:\/\/kindalbaniastore.com\/index.php\/wp-json\/wp\/v2\/product"}],"about":[{"href":"https:\/\/kindalbaniastore.com\/index.php\/wp-json\/wp\/v2\/types\/product"}],"replies":[{"embeddable":true,"href":"https:\/\/kindalbaniastore.com\/index.php\/wp-json\/wp\/v2\/comments?post=7158"}],"version-history":[{"count":1,"href":"https:\/\/kindalbaniastore.com\/index.php\/wp-json\/wp\/v2\/product\/7158\/revisions"}],"predecessor-version":[{"id":7176,"href":"https:\/\/kindalbaniastore.com\/index.php\/wp-json\/wp\/v2\/product\/7158\/revisions\/7176"}],"wp:featuredmedia":[{"embeddable":true,"href":"https:\/\/kindalbaniastore.com\/index.php\/wp-json\/wp\/v2\/media\/7173"}],"wp:attachment":[{"href":"https:\/\/kindalbaniastore.com\/index.php\/wp-json\/wp\/v2\/media?parent=7158"}],"wp:term":[{"taxonomy":"product_cat","embeddable":true,"href":"https:\/\/kindalbaniastore.com\/index.php\/wp-json\/wp\/v2\/product_cat?post=7158"},{"taxonomy":"product_tag","embeddable":true,"href":"https:\/\/kindalbaniastore.com\/index.php\/wp-json\/wp\/v2\/product_tag?post=7158"}],"curies":[{"name":"wp","href":"https:\/\/api.w.org\/{rel}","templated":true}]}}