{"id":7264,"date":"2024-02-12T14:59:54","date_gmt":"2024-02-12T14:59:54","guid":{"rendered":"https:\/\/kindalbaniastore.com\/?post_type=product&#038;p=7264"},"modified":"2024-02-12T14:59:54","modified_gmt":"2024-02-12T14:59:54","slug":"furre-per-thonjte","status":"publish","type":"product","link":"https:\/\/kindalbaniastore.com\/index.php\/product\/furre-per-thonjte\/","title":{"rendered":"Furre per thonjte"},"content":{"rendered":"<p>Furre per thonjte\ud83d\udc85\ud83e\udd29\ud83e\udd70Ideale per tharjen e thonjve gjate punimit me xhel ose pedikyr dizanj i vecante elegant dhe ergonomik pershtatur per thonjte e kembes dhe dores.\ud83d\udc85\ud83d\udc85Me drite led integruar me opsionin e ndryshimit dhe gradimit te nxehtesise nuk demton thonjte per perdorim shtepiak ose profesional.\ud83d\udc85\ud83e\udd70<br \/>\nLlamba UV \/ LED  p\u00ebrdoret p\u00ebr polimerizimin e e xhelit dhe te gjithe bio-xhel\u00ebve.  Llamba ka nj\u00eb fund t\u00eb l\u00ebvizsh\u00ebm me magnet, i cili \u00ebsht\u00eb i p\u00ebrshtatsh\u00ebm kur kryeni nj\u00eb procedur\u00eb pedikyr.<br \/>\nLlamba Sun LED nuk nxehet gjat\u00eb funksionimit dhe nuk shkakton siklet ose djegie gjat\u00eb tharjes s\u00eb materialit. N\u00eb t\u00eb, ju mund t\u00eb thani nj\u00ebkoh\u00ebsisht t\u00eb 5 gishtat e nj\u00ebr\u00ebs dor\u00eb, gj\u00eb q\u00eb p\u00ebrshpejton ndjesh\u00ebm procedur\u00ebn. <\/p>\n","protected":false},"excerpt":{"rendered":"<p>Furre per thonjte\ud83d\udc85\ud83e\udd29\ud83e\udd70Ideale per tharjen e thonjve gjate punimit me xhel ose pedikyr dizanj i vecante elegant dhe ergonomik pershtatur per thonjte e kembes dhe dores.\ud83d\udc85\ud83d\udc85Me drite led integruar me opsionin e ndryshimit dhe gradimit te nxehtesise nuk demton thonjte per perdorim shtepiak ose profesional.\ud83d\udc85\ud83e\udd70 Llamba UV \/ LED p\u00ebrdoret p\u00ebr polimerizimin e e xhelit &hellip; <a href=\"https:\/\/kindalbaniastore.com\/index.php\/product\/furre-per-thonjte\/\" class=\"more-link\">Continue reading <span class=\"screen-reader-text\">Furre per thonjte<\/span><\/a><\/p>\n","protected":false},"featured_media":7271,"comment_status":"open","ping_status":"closed","template":"","meta":{"_joinchat":[]},"product_cat":[62,59,69],"product_tag":[],"class_list":["post-7264","product","type-product","status-publish","has-post-thumbnail","hentry","product_cat-estetik","product_cat-kozmetik","product_cat-produkte-per-thonjte"],"_links":{"self":[{"href":"https:\/\/kindalbaniastore.com\/index.php\/wp-json\/wp\/v2\/product\/7264","targetHints":{"allow":["GET"]}}],"collection":[{"href":"https:\/\/kindalbaniastore.com\/index.php\/wp-json\/wp\/v2\/product"}],"about":[{"href":"https:\/\/kindalbaniastore.com\/index.php\/wp-json\/wp\/v2\/types\/product"}],"replies":[{"embeddable":true,"href":"https:\/\/kindalbaniastore.com\/index.php\/wp-json\/wp\/v2\/comments?post=7264"}],"version-history":[{"count":1,"href":"https:\/\/kindalbaniastore.com\/index.php\/wp-json\/wp\/v2\/product\/7264\/revisions"}],"predecessor-version":[{"id":7274,"href":"https:\/\/kindalbaniastore.com\/index.php\/wp-json\/wp\/v2\/product\/7264\/revisions\/7274"}],"wp:featuredmedia":[{"embeddable":true,"href":"https:\/\/kindalbaniastore.com\/index.php\/wp-json\/wp\/v2\/media\/7271"}],"wp:attachment":[{"href":"https:\/\/kindalbaniastore.com\/index.php\/wp-json\/wp\/v2\/media?parent=7264"}],"wp:term":[{"taxonomy":"product_cat","embeddable":true,"href":"https:\/\/kindalbaniastore.com\/index.php\/wp-json\/wp\/v2\/product_cat?post=7264"},{"taxonomy":"product_tag","embeddable":true,"href":"https:\/\/kindalbaniastore.com\/index.php\/wp-json\/wp\/v2\/product_tag?post=7264"}],"curies":[{"name":"wp","href":"https:\/\/api.w.org\/{rel}","templated":true}]}}