{"id":7885,"date":"2024-03-11T17:02:18","date_gmt":"2024-03-11T17:02:18","guid":{"rendered":"https:\/\/kindalbaniastore.com\/?post_type=product&#038;p=7885"},"modified":"2024-03-11T17:02:19","modified_gmt":"2024-03-11T17:02:19","slug":"lime-per-kembet-2","status":"publish","type":"product","link":"https:\/\/kindalbaniastore.com\/index.php\/product\/lime-per-kembet-2\/","title":{"rendered":"Lime per kembet"},"content":{"rendered":"<p>Lim\u00eb  p\u00ebr k\u00ebmb\u00eb \ud83d\udc63<\/p>\n<p>Karakteristikat:\ud83d\udc63<\/p>\n<p>Largon menj\u00ebher\u00eb l\u00ebkur\u00ebn e that\u00eb, t\u00eb vdekur dhe kallot e pak\u00ebndshme nga thembra, shputa dhe gishtat e k\u00ebmb\u00ebve.<br \/>\nKoka mikro-g\u00ebrryese rrotullohet me fuqi t\u00eb lart\u00eb dhe rehati maksimale\ud83d\udc63<br \/>\nPer kembe te buta dhe plot shkelqim\ud83d\udc63<\/p>\n","protected":false},"excerpt":{"rendered":"<p>Lim\u00eb p\u00ebr k\u00ebmb\u00eb \ud83d\udc63 Karakteristikat:\ud83d\udc63 Largon menj\u00ebher\u00eb l\u00ebkur\u00ebn e that\u00eb, t\u00eb vdekur dhe kallot e pak\u00ebndshme nga thembra, shputa dhe gishtat e k\u00ebmb\u00ebve. Koka mikro-g\u00ebrryese rrotullohet me fuqi t\u00eb lart\u00eb dhe rehati maksimale\ud83d\udc63 Per kembe te buta dhe plot shkelqim\ud83d\udc63<\/p>\n","protected":false},"featured_media":7886,"comment_status":"open","ping_status":"closed","template":"","meta":{"_joinchat":[]},"product_cat":[62,224,59,70],"product_tag":[],"class_list":["post-7885","product","type-product","status-publish","has-post-thumbnail","hentry","product_cat-estetik","product_cat-farmaceutik","product_cat-kozmetik","product_cat-produkte-per-floket"],"_links":{"self":[{"href":"https:\/\/kindalbaniastore.com\/index.php\/wp-json\/wp\/v2\/product\/7885","targetHints":{"allow":["GET"]}}],"collection":[{"href":"https:\/\/kindalbaniastore.com\/index.php\/wp-json\/wp\/v2\/product"}],"about":[{"href":"https:\/\/kindalbaniastore.com\/index.php\/wp-json\/wp\/v2\/types\/product"}],"replies":[{"embeddable":true,"href":"https:\/\/kindalbaniastore.com\/index.php\/wp-json\/wp\/v2\/comments?post=7885"}],"version-history":[{"count":1,"href":"https:\/\/kindalbaniastore.com\/index.php\/wp-json\/wp\/v2\/product\/7885\/revisions"}],"predecessor-version":[{"id":7903,"href":"https:\/\/kindalbaniastore.com\/index.php\/wp-json\/wp\/v2\/product\/7885\/revisions\/7903"}],"wp:featuredmedia":[{"embeddable":true,"href":"https:\/\/kindalbaniastore.com\/index.php\/wp-json\/wp\/v2\/media\/7886"}],"wp:attachment":[{"href":"https:\/\/kindalbaniastore.com\/index.php\/wp-json\/wp\/v2\/media?parent=7885"}],"wp:term":[{"taxonomy":"product_cat","embeddable":true,"href":"https:\/\/kindalbaniastore.com\/index.php\/wp-json\/wp\/v2\/product_cat?post=7885"},{"taxonomy":"product_tag","embeddable":true,"href":"https:\/\/kindalbaniastore.com\/index.php\/wp-json\/wp\/v2\/product_tag?post=7885"}],"curies":[{"name":"wp","href":"https:\/\/api.w.org\/{rel}","templated":true}]}}