{"id":7950,"date":"2024-03-11T17:27:48","date_gmt":"2024-03-11T17:27:48","guid":{"rendered":"https:\/\/kindalbaniastore.com\/?post_type=product&#038;p=7950"},"modified":"2024-03-11T17:27:49","modified_gmt":"2024-03-11T17:27:49","slug":"maske-led-per-fytyren","status":"publish","type":"product","link":"https:\/\/kindalbaniastore.com\/index.php\/product\/maske-led-per-fytyren\/","title":{"rendered":"Maske led per fytyren"},"content":{"rendered":"<p>Mask\u00eb ultravilolet p\u00ebr trajtim fytyre<\/p>\n<p>Karakteristikat:<\/p>\n<p>P\u00ebrdorni mask\u00ebn LED n\u00eb shtrat, pasi t\u00eb keni p\u00ebrfunduar trajtimin vendoseni mask\u00ebn p\u00ebrs\u00ebri n\u00eb kuti, pa e l\u00ebn\u00eb n\u00eb shtrat.<br \/>\nMos p\u00ebrdorni uj\u00eb p\u00ebr t\u00eb pastruar mask\u00ebn LED, mos u zhytni n\u00eb uj\u00eb.<br \/>\nDrita e kuqe (630 nm): Rrit aktivitetin e qelizave, p\u00ebrshpejton metabolizmin dhe nxit formimin e kolagjenit.<br \/>\nDrita jeshile (520nm): Neutralizimi, ekuilibri dhe stabiliteti, mund t\u00eb zvogeloj\u00eb sekretimin e yndyr\u00ebs s\u00eb l\u00ebkur\u00ebs.<br \/>\nDrita blu (470 nm): Anti-inflamator baktericid, frenon inflamacionin, riparon l\u00ebkur\u00ebn.<br \/>\nDrita e verdhe (590 nm): P\u00ebrmir\u00ebson shk\u00ebmbimin e oksigjenit n\u00eb qeliz\u00eb, rimbush me energji qelizat e l\u00ebkur\u00ebs.<br \/>\nDrita vjollc\u00eb: Drita me frekuenc\u00eb t\u00eb dyfisht\u00eb, riparon aknet.<br \/>\nDrita cian: Rrit energjin\u00eb e qelizave dhe nxit metabolizmin.<br \/>\nDrita e bardhe: P\u00ebrmir\u00ebson linjat e holla dhe lekur\u00ebn e lirshme.<\/p>\n","protected":false},"excerpt":{"rendered":"<p>Mask\u00eb ultravilolet p\u00ebr trajtim fytyre Karakteristikat: P\u00ebrdorni mask\u00ebn LED n\u00eb shtrat, pasi t\u00eb keni p\u00ebrfunduar trajtimin vendoseni mask\u00ebn p\u00ebrs\u00ebri n\u00eb kuti, pa e l\u00ebn\u00eb n\u00eb shtrat. Mos p\u00ebrdorni uj\u00eb p\u00ebr t\u00eb pastruar mask\u00ebn LED, mos u zhytni n\u00eb uj\u00eb. Drita e kuqe (630 nm): Rrit aktivitetin e qelizave, p\u00ebrshpejton metabolizmin dhe nxit formimin e kolagjenit. &hellip; <a href=\"https:\/\/kindalbaniastore.com\/index.php\/product\/maske-led-per-fytyren\/\" class=\"more-link\">Continue reading <span class=\"screen-reader-text\">Maske led per fytyren<\/span><\/a><\/p>\n","protected":false},"featured_media":7959,"comment_status":"open","ping_status":"closed","template":"","meta":{"_joinchat":[]},"product_cat":[62,224,61,59,131,71],"product_tag":[],"class_list":["post-7950","product","type-product","status-publish","has-post-thumbnail","hentry","product_cat-estetik","product_cat-farmaceutik","product_cat-fizioterapi","product_cat-kozmetik","product_cat-make-up","product_cat-produkte-per-fytyren-dhe-trupin"],"_links":{"self":[{"href":"https:\/\/kindalbaniastore.com\/index.php\/wp-json\/wp\/v2\/product\/7950","targetHints":{"allow":["GET"]}}],"collection":[{"href":"https:\/\/kindalbaniastore.com\/index.php\/wp-json\/wp\/v2\/product"}],"about":[{"href":"https:\/\/kindalbaniastore.com\/index.php\/wp-json\/wp\/v2\/types\/product"}],"replies":[{"embeddable":true,"href":"https:\/\/kindalbaniastore.com\/index.php\/wp-json\/wp\/v2\/comments?post=7950"}],"version-history":[{"count":1,"href":"https:\/\/kindalbaniastore.com\/index.php\/wp-json\/wp\/v2\/product\/7950\/revisions"}],"predecessor-version":[{"id":7963,"href":"https:\/\/kindalbaniastore.com\/index.php\/wp-json\/wp\/v2\/product\/7950\/revisions\/7963"}],"wp:featuredmedia":[{"embeddable":true,"href":"https:\/\/kindalbaniastore.com\/index.php\/wp-json\/wp\/v2\/media\/7959"}],"wp:attachment":[{"href":"https:\/\/kindalbaniastore.com\/index.php\/wp-json\/wp\/v2\/media?parent=7950"}],"wp:term":[{"taxonomy":"product_cat","embeddable":true,"href":"https:\/\/kindalbaniastore.com\/index.php\/wp-json\/wp\/v2\/product_cat?post=7950"},{"taxonomy":"product_tag","embeddable":true,"href":"https:\/\/kindalbaniastore.com\/index.php\/wp-json\/wp\/v2\/product_tag?post=7950"}],"curies":[{"name":"wp","href":"https:\/\/api.w.org\/{rel}","templated":true}]}}