{"id":8014,"date":"2024-03-18T14:59:54","date_gmt":"2024-03-18T14:59:54","guid":{"rendered":"https:\/\/kindalbaniastore.com\/?post_type=product&#038;p=8014"},"modified":"2024-03-18T14:59:55","modified_gmt":"2024-03-18T14:59:55","slug":"kthyese-per-qerpiket","status":"publish","type":"product","link":"https:\/\/kindalbaniastore.com\/index.php\/product\/kthyese-per-qerpiket\/","title":{"rendered":"Kthyese per qerpiket"},"content":{"rendered":"<p>Kthyese per qerpiket \u2665\ufe0fNje paisje e cila do te kthehet ne nje domosdoshmeri per bukurine tuaj pasi  I ben qerpiket te duken me te plote \ud83d\udc41<br \/>\nKthen cdo fije te qerpikeve dhe I ben te duken te bukur\ud83d\udc41<br \/>\nPer sy te bukur dhe plot qerpik \ud83d\udc41<br \/>\nE pershtatshme per tu marre kudo me vete pasi nuk ze vend \ud83d\udc41<br \/>\nP\u00ebr shkak se kjo kthyese  k\u00ebrkon m\u00eb pak presion, t\u00ebrheqje ose shtr\u00ebngim p\u00ebr t\u00eb marr\u00eb efektin e kthimit , ajo dredhon qerpik\u00ebt tuaj pa shkaktuar demtime ose bezdi \ud83d\udc41\ud83d\udc95<\/p>\n","protected":false},"excerpt":{"rendered":"<p>Kthyese per qerpiket \u2665\ufe0fNje paisje e cila do te kthehet ne nje domosdoshmeri per bukurine tuaj pasi I ben qerpiket te duken me te plote \ud83d\udc41 Kthen cdo fije te qerpikeve dhe I ben te duken te bukur\ud83d\udc41 Per sy te bukur dhe plot qerpik \ud83d\udc41 E pershtatshme per tu marre kudo me vete pasi &hellip; <a href=\"https:\/\/kindalbaniastore.com\/index.php\/product\/kthyese-per-qerpiket\/\" class=\"more-link\">Continue reading <span class=\"screen-reader-text\">Kthyese per qerpiket<\/span><\/a><\/p>\n","protected":false},"featured_media":8020,"comment_status":"open","ping_status":"closed","template":"","meta":{"_joinchat":[]},"product_cat":[62,59,131],"product_tag":[],"class_list":["post-8014","product","type-product","status-publish","has-post-thumbnail","hentry","product_cat-estetik","product_cat-kozmetik","product_cat-make-up"],"_links":{"self":[{"href":"https:\/\/kindalbaniastore.com\/index.php\/wp-json\/wp\/v2\/product\/8014","targetHints":{"allow":["GET"]}}],"collection":[{"href":"https:\/\/kindalbaniastore.com\/index.php\/wp-json\/wp\/v2\/product"}],"about":[{"href":"https:\/\/kindalbaniastore.com\/index.php\/wp-json\/wp\/v2\/types\/product"}],"replies":[{"embeddable":true,"href":"https:\/\/kindalbaniastore.com\/index.php\/wp-json\/wp\/v2\/comments?post=8014"}],"version-history":[{"count":1,"href":"https:\/\/kindalbaniastore.com\/index.php\/wp-json\/wp\/v2\/product\/8014\/revisions"}],"predecessor-version":[{"id":8022,"href":"https:\/\/kindalbaniastore.com\/index.php\/wp-json\/wp\/v2\/product\/8014\/revisions\/8022"}],"wp:featuredmedia":[{"embeddable":true,"href":"https:\/\/kindalbaniastore.com\/index.php\/wp-json\/wp\/v2\/media\/8020"}],"wp:attachment":[{"href":"https:\/\/kindalbaniastore.com\/index.php\/wp-json\/wp\/v2\/media?parent=8014"}],"wp:term":[{"taxonomy":"product_cat","embeddable":true,"href":"https:\/\/kindalbaniastore.com\/index.php\/wp-json\/wp\/v2\/product_cat?post=8014"},{"taxonomy":"product_tag","embeddable":true,"href":"https:\/\/kindalbaniastore.com\/index.php\/wp-json\/wp\/v2\/product_tag?post=8014"}],"curies":[{"name":"wp","href":"https:\/\/api.w.org\/{rel}","templated":true}]}}