{"id":8220,"date":"2024-04-01T16:14:24","date_gmt":"2024-04-01T16:14:24","guid":{"rendered":"https:\/\/kindalbaniastore.com\/?post_type=product&#038;p=8220"},"modified":"2024-04-01T16:14:24","modified_gmt":"2024-04-01T16:14:24","slug":"lekundese-per-femije","status":"publish","type":"product","link":"https:\/\/kindalbaniastore.com\/index.php\/product\/lekundese-per-femije\/","title":{"rendered":"Lekundese per femije"},"content":{"rendered":"<p>Lekund\u00ebse elektronike p\u00ebr bebe (0-12 muaj)<br \/>\nKarakteristikat:<\/p>\n<p>Aksesor ideal p\u00ebr relaksimin e f\u00ebmij\u00ebve.\ud83e\udd23<br \/>\nL\u00ebkund\u00ebsja \u00ebsht\u00eb leht\u00ebsisht e kontrollueshme.<br \/>\nShpejt\u00ebsia e l\u00ebkundjes kontrollohet me an\u00eb t\u00eb nj\u00eb butoni.<br \/>\nBokse muzike t\u00eb inkorporuara.\ud83e\uddf8<br \/>\nL\u00ebkund\u00ebsja \u00ebsht\u00eb e pajisur me streh\u00eb mbrojt\u00ebse transparente ndaj insekteve.\ud83e\uddf8<br \/>\nNd\u00ebrtuar me material rezistent komod.\ud83e\uddf8<br \/>\nStruktur\u00eb alumini dhe plastik\u00eb ABS.\ud83e\uddf8<br \/>\nCop\u00eb e rehatshme leht\u00ebsisht e pastrueshme<\/p>\n","protected":false},"excerpt":{"rendered":"<p>Lekund\u00ebse elektronike p\u00ebr bebe (0-12 muaj) Karakteristikat: Aksesor ideal p\u00ebr relaksimin e f\u00ebmij\u00ebve.\ud83e\udd23 L\u00ebkund\u00ebsja \u00ebsht\u00eb leht\u00ebsisht e kontrollueshme. Shpejt\u00ebsia e l\u00ebkundjes kontrollohet me an\u00eb t\u00eb nj\u00eb butoni. Bokse muzike t\u00eb inkorporuara.\ud83e\uddf8 L\u00ebkund\u00ebsja \u00ebsht\u00eb e pajisur me streh\u00eb mbrojt\u00ebse transparente ndaj insekteve.\ud83e\uddf8 Nd\u00ebrtuar me material rezistent komod.\ud83e\uddf8 Struktur\u00eb alumini dhe plastik\u00eb ABS.\ud83e\uddf8 Cop\u00eb e rehatshme leht\u00ebsisht &hellip; <a href=\"https:\/\/kindalbaniastore.com\/index.php\/product\/lekundese-per-femije\/\" class=\"more-link\">Continue reading <span class=\"screen-reader-text\">Lekundese per femije<\/span><\/a><\/p>\n","protected":false},"featured_media":8226,"comment_status":"open","ping_status":"closed","template":"","meta":{"_joinchat":[]},"product_cat":[222],"product_tag":[],"class_list":["post-8220","product","type-product","status-publish","has-post-thumbnail","hentry","product_cat-produkte-per-femije"],"_links":{"self":[{"href":"https:\/\/kindalbaniastore.com\/index.php\/wp-json\/wp\/v2\/product\/8220","targetHints":{"allow":["GET"]}}],"collection":[{"href":"https:\/\/kindalbaniastore.com\/index.php\/wp-json\/wp\/v2\/product"}],"about":[{"href":"https:\/\/kindalbaniastore.com\/index.php\/wp-json\/wp\/v2\/types\/product"}],"replies":[{"embeddable":true,"href":"https:\/\/kindalbaniastore.com\/index.php\/wp-json\/wp\/v2\/comments?post=8220"}],"version-history":[{"count":1,"href":"https:\/\/kindalbaniastore.com\/index.php\/wp-json\/wp\/v2\/product\/8220\/revisions"}],"predecessor-version":[{"id":8229,"href":"https:\/\/kindalbaniastore.com\/index.php\/wp-json\/wp\/v2\/product\/8220\/revisions\/8229"}],"wp:featuredmedia":[{"embeddable":true,"href":"https:\/\/kindalbaniastore.com\/index.php\/wp-json\/wp\/v2\/media\/8226"}],"wp:attachment":[{"href":"https:\/\/kindalbaniastore.com\/index.php\/wp-json\/wp\/v2\/media?parent=8220"}],"wp:term":[{"taxonomy":"product_cat","embeddable":true,"href":"https:\/\/kindalbaniastore.com\/index.php\/wp-json\/wp\/v2\/product_cat?post=8220"},{"taxonomy":"product_tag","embeddable":true,"href":"https:\/\/kindalbaniastore.com\/index.php\/wp-json\/wp\/v2\/product_tag?post=8220"}],"curies":[{"name":"wp","href":"https:\/\/api.w.org\/{rel}","templated":true}]}}