{"id":8230,"date":"2024-04-01T16:24:33","date_gmt":"2024-04-01T16:24:33","guid":{"rendered":"https:\/\/kindalbaniastore.com\/?post_type=product&#038;p=8230"},"modified":"2024-04-01T16:24:34","modified_gmt":"2024-04-01T16:24:34","slug":"ecesor-per-femije","status":"publish","type":"product","link":"https:\/\/kindalbaniastore.com\/index.php\/product\/ecesor-per-femije\/","title":{"rendered":"Ecesor per femije"},"content":{"rendered":"<p>Shikoni t\u00eb voglin tuaj t\u00eb hedh\u00eb hapat e par\u00eb t\u00eb \u00e7muar me k\u00ebt\u00eb ecje fantastike dhe qend\u00ebr aktiviteti 2-n\u00eb-1. Me rrota me tekstur\u00eb, nj\u00eb dorez\u00eb t\u00eb leht\u00eb p\u00ebr t&#8217;u mbajtur dhe nj\u00eb dizajn t\u00eb q\u00ebndruesh\u00ebm, k\u00ebmb\u00ebsori i fort\u00eb jep t\u00eb gjith\u00eb mb\u00ebshtetjen q\u00eb u nevojitet p\u00ebr t\u00eb hedhur hapat e tyre t\u00eb par\u00eb. Paneli i aktiviteteve plot arg\u00ebtim mund t\u00eb hiqet gjithashtu nga k\u00ebmb\u00ebsori p\u00ebr loj\u00eb shtes\u00eb ulur.<\/p>\n<p>Me shum\u00eb aktivitete emocionuese, muzik\u00eb gazmore dhe fraza miq\u00ebsore, t\u00eb vegjlit do t\u00eb njihen me numrat, format, kafsh\u00ebt dhe ngjyrat. Baby Walker montohet shum\u00eb leht\u00eb dhe mund t\u00eb ruhet n\u00eb hap\u00ebsira t\u00eb vogla.<\/p>\n","protected":false},"excerpt":{"rendered":"<p>Shikoni t\u00eb voglin tuaj t\u00eb hedh\u00eb hapat e par\u00eb t\u00eb \u00e7muar me k\u00ebt\u00eb ecje fantastike dhe qend\u00ebr aktiviteti 2-n\u00eb-1. Me rrota me tekstur\u00eb, nj\u00eb dorez\u00eb t\u00eb leht\u00eb p\u00ebr t&#8217;u mbajtur dhe nj\u00eb dizajn t\u00eb q\u00ebndruesh\u00ebm, k\u00ebmb\u00ebsori i fort\u00eb jep t\u00eb gjith\u00eb mb\u00ebshtetjen q\u00eb u nevojitet p\u00ebr t\u00eb hedhur hapat e tyre t\u00eb par\u00eb. Paneli i &hellip; <a href=\"https:\/\/kindalbaniastore.com\/index.php\/product\/ecesor-per-femije\/\" class=\"more-link\">Continue reading <span class=\"screen-reader-text\">Ecesor per femije<\/span><\/a><\/p>\n","protected":false},"featured_media":8240,"comment_status":"open","ping_status":"closed","template":"","meta":{"_joinchat":[]},"product_cat":[222],"product_tag":[],"class_list":["post-8230","product","type-product","status-publish","has-post-thumbnail","hentry","product_cat-produkte-per-femije"],"_links":{"self":[{"href":"https:\/\/kindalbaniastore.com\/index.php\/wp-json\/wp\/v2\/product\/8230","targetHints":{"allow":["GET"]}}],"collection":[{"href":"https:\/\/kindalbaniastore.com\/index.php\/wp-json\/wp\/v2\/product"}],"about":[{"href":"https:\/\/kindalbaniastore.com\/index.php\/wp-json\/wp\/v2\/types\/product"}],"replies":[{"embeddable":true,"href":"https:\/\/kindalbaniastore.com\/index.php\/wp-json\/wp\/v2\/comments?post=8230"}],"version-history":[{"count":1,"href":"https:\/\/kindalbaniastore.com\/index.php\/wp-json\/wp\/v2\/product\/8230\/revisions"}],"predecessor-version":[{"id":8242,"href":"https:\/\/kindalbaniastore.com\/index.php\/wp-json\/wp\/v2\/product\/8230\/revisions\/8242"}],"wp:featuredmedia":[{"embeddable":true,"href":"https:\/\/kindalbaniastore.com\/index.php\/wp-json\/wp\/v2\/media\/8240"}],"wp:attachment":[{"href":"https:\/\/kindalbaniastore.com\/index.php\/wp-json\/wp\/v2\/media?parent=8230"}],"wp:term":[{"taxonomy":"product_cat","embeddable":true,"href":"https:\/\/kindalbaniastore.com\/index.php\/wp-json\/wp\/v2\/product_cat?post=8230"},{"taxonomy":"product_tag","embeddable":true,"href":"https:\/\/kindalbaniastore.com\/index.php\/wp-json\/wp\/v2\/product_tag?post=8230"}],"curies":[{"name":"wp","href":"https:\/\/api.w.org\/{rel}","templated":true}]}}