{"id":8274,"date":"2024-04-02T14:51:27","date_gmt":"2024-04-02T14:51:27","guid":{"rendered":"https:\/\/kindalbaniastore.com\/?post_type=product&#038;p=8274"},"modified":"2024-04-02T14:51:27","modified_gmt":"2024-04-02T14:51:27","slug":"cante-marteniteti","status":"publish","type":"product","link":"https:\/\/kindalbaniastore.com\/index.php\/product\/cante-marteniteti\/","title":{"rendered":"Cante marteniteti"},"content":{"rendered":"<p>\u00c7ant\u00eb materniteti me doreza p\u00ebr mbajtje n\u00eb dor\u00eb dhe rrip supi<br \/>\nE pershtatshme dhe e nevojshme per cdo nene te re<br \/>\nKa goxha hapsire dhe ndarje<br \/>\nMaterial cilesor<br \/>\nLahet dhe pastrohet lehtesisht<\/p>\n","protected":false},"excerpt":{"rendered":"<p>\u00c7ant\u00eb materniteti me doreza p\u00ebr mbajtje n\u00eb dor\u00eb dhe rrip supi E pershtatshme dhe e nevojshme per cdo nene te re Ka goxha hapsire dhe ndarje Material cilesor Lahet dhe pastrohet lehtesisht<\/p>\n","protected":false},"featured_media":8278,"comment_status":"open","ping_status":"closed","template":"","meta":{"_joinchat":[]},"product_cat":[224,222],"product_tag":[],"class_list":["post-8274","product","type-product","status-publish","has-post-thumbnail","hentry","product_cat-farmaceutik","product_cat-produkte-per-femije"],"_links":{"self":[{"href":"https:\/\/kindalbaniastore.com\/index.php\/wp-json\/wp\/v2\/product\/8274","targetHints":{"allow":["GET"]}}],"collection":[{"href":"https:\/\/kindalbaniastore.com\/index.php\/wp-json\/wp\/v2\/product"}],"about":[{"href":"https:\/\/kindalbaniastore.com\/index.php\/wp-json\/wp\/v2\/types\/product"}],"replies":[{"embeddable":true,"href":"https:\/\/kindalbaniastore.com\/index.php\/wp-json\/wp\/v2\/comments?post=8274"}],"version-history":[{"count":1,"href":"https:\/\/kindalbaniastore.com\/index.php\/wp-json\/wp\/v2\/product\/8274\/revisions"}],"predecessor-version":[{"id":8285,"href":"https:\/\/kindalbaniastore.com\/index.php\/wp-json\/wp\/v2\/product\/8274\/revisions\/8285"}],"wp:featuredmedia":[{"embeddable":true,"href":"https:\/\/kindalbaniastore.com\/index.php\/wp-json\/wp\/v2\/media\/8278"}],"wp:attachment":[{"href":"https:\/\/kindalbaniastore.com\/index.php\/wp-json\/wp\/v2\/media?parent=8274"}],"wp:term":[{"taxonomy":"product_cat","embeddable":true,"href":"https:\/\/kindalbaniastore.com\/index.php\/wp-json\/wp\/v2\/product_cat?post=8274"},{"taxonomy":"product_tag","embeddable":true,"href":"https:\/\/kindalbaniastore.com\/index.php\/wp-json\/wp\/v2\/product_tag?post=8274"}],"curies":[{"name":"wp","href":"https:\/\/api.w.org\/{rel}","templated":true}]}}