{"id":8368,"date":"2024-04-05T11:15:46","date_gmt":"2024-04-05T11:15:46","guid":{"rendered":"https:\/\/kindalbaniastore.com\/?post_type=product&#038;p=8368"},"modified":"2024-04-05T11:15:47","modified_gmt":"2024-04-05T11:15:47","slug":"automatic-curling-iron","status":"publish","type":"product","link":"https:\/\/kindalbaniastore.com\/index.php\/product\/automatic-curling-iron\/","title":{"rendered":"Automatic curling iron"},"content":{"rendered":"<p>Paisja m\u00eb e fundit p\u00ebr ka\u00e7urrela pa tela, thuaj lamtumir\u00eb dizajnit t\u00eb \u00e7rregullt dhe t\u00eb ngat\u00ebrruar t\u00eb kabllove. Pa kufizimet e kabllove, ju mund t&#8217;i p\u00ebrdredh\u00ebni flok\u00ebt kudo. Ka\u00e7urrela automatike pa tela p\u00ebrdor motorin m\u00eb t\u00eb fundit induksion inteligjent p\u00ebr performanc\u00eb superiore dhe ka\u00e7urrela t\u00eb p\u00ebrcaktuara mir\u00eb, t\u00eb cilat kurr\u00eb nuk do t&#8217;i t\u00ebrheqin ose ngat\u00ebrrojn\u00eb flok\u00ebt tuaj.<br \/>\nCIL\u00cbSIMET E PERSONALIZUARA T\u00cb TEMPERATUR\u00cbS DHE KOH\u00cbMAT\u00cbSIT: K\u00ebrcuesi automatik i flok\u00ebve fokusohet n\u00eb ofrimin e p\u00ebrvoj\u00ebs s\u00eb personalizuar p\u00ebr klient\u00ebt. Temperatura varion nga 300 n\u00eb 390 p\u00ebr t&#8217;iu p\u00ebrshtatur llojeve t\u00eb ndryshme t\u00eb flok\u00ebve (temperatur\u00eb m\u00eb e ul\u00ebt p\u00ebr flok\u00eb t\u00eb brisht\u00eb; temperatur\u00eb m\u00eb e lart\u00eb p\u00ebr flok\u00eb t\u00eb trash\u00eb). Koh\u00ebmat\u00ebsi i ka\u00e7urrelave automatike 8-18 s q\u00eb ju lejojn\u00eb t\u00eb krijoni leht\u00ebsisht nj\u00eb ka\u00e7urrela perfekte t\u00eb lirshme ose t\u00eb ngusht\u00eb, kurseni shum\u00eb koh\u00eb.<br \/>\nFikja automatike dhe e rikarikueshme USB &#8211; Bateria e integruar e litiumit 5000 mA do t\u00eb zgjas\u00eb deri n\u00eb 60 minuta p\u00ebrdorim t\u00eb vazhduesh\u00ebm pas nj\u00eb karikimi plot\u00ebsisht n\u00eb vet\u00ebm rreth 3 or\u00eb. Madh\u00ebsia portative dhe dizajni i rikarikuesh\u00ebm USB i p\u00ebrsosur p\u00ebr t&#8217;u transportuar gjat\u00eb udh\u00ebtimeve. Fikeni automatikisht pas 10 minutash p\u00ebr t\u00eb ruajtur jet\u00ebgjat\u00ebsin\u00eb e bateris\u00eb<br \/>\nJon qeramik kund\u00ebr djegies dhe Tournaline &#8211; Dhoma me ka\u00e7urrela qeramike mbron dor\u00ebn dhe l\u00ebkur\u00ebn tuaj nga l\u00ebndimi, e sigurt p\u00ebr t&#8217;u p\u00ebrdorur. Teknologjia profesionale e qeramik\u00ebs turmalin\u00eb dhe lyerja e proteinave bimore ndihmojn\u00eb n\u00eb mbylljen e lag\u00ebshtir\u00ebs n\u00eb flok\u00ebt tuaj dhe mbron kutikul\u00ebn. Kjo do t\u00eb mbaj\u00eb flok\u00ebt tuaj t\u00eb sh\u00ebndetsh\u00ebm dhe t\u00eb l\u00ebmuar me ka\u00e7urrela me shk\u00eblqim q\u00eb zgjasin gjat\u00eb gjith\u00eb dit\u00ebs.<br \/>\nNdryshe nga dhoma e ka\u00e7urrelave q\u00eb mb\u00ebrtheu dhe madje digjte flok\u00ebt tuaj, shkopi p\u00ebr ka\u00e7urrela pa kabllo p\u00ebrdor \u00e7ipin e sensorit inteligjent, i cili do ta pezulloj\u00eb automatikisht ka\u00e7urrelin kur flok\u00ebt vendosen shum\u00eb ose gabimisht. Pa flok\u00eb t\u00eb mb\u00ebrthyer dhe t\u00eb thyer, duke e b\u00ebr\u00eb at\u00eb m\u00eb t\u00eb sigurt p\u00ebr t&#8217;u p\u00ebrdorur.<\/p>\n","protected":false},"excerpt":{"rendered":"<p>Paisja m\u00eb e fundit p\u00ebr ka\u00e7urrela pa tela, thuaj lamtumir\u00eb dizajnit t\u00eb \u00e7rregullt dhe t\u00eb ngat\u00ebrruar t\u00eb kabllove. Pa kufizimet e kabllove, ju mund t&#8217;i p\u00ebrdredh\u00ebni flok\u00ebt kudo. Ka\u00e7urrela automatike pa tela p\u00ebrdor motorin m\u00eb t\u00eb fundit induksion inteligjent p\u00ebr performanc\u00eb superiore dhe ka\u00e7urrela t\u00eb p\u00ebrcaktuara mir\u00eb, t\u00eb cilat kurr\u00eb nuk do t&#8217;i t\u00ebrheqin ose &hellip; <a href=\"https:\/\/kindalbaniastore.com\/index.php\/product\/automatic-curling-iron\/\" class=\"more-link\">Continue reading <span class=\"screen-reader-text\">Automatic curling iron<\/span><\/a><\/p>\n","protected":false},"featured_media":8373,"comment_status":"open","ping_status":"closed","template":"","meta":{"_joinchat":[]},"product_cat":[62,59,70],"product_tag":[],"class_list":["post-8368","product","type-product","status-publish","has-post-thumbnail","hentry","product_cat-estetik","product_cat-kozmetik","product_cat-produkte-per-floket"],"_links":{"self":[{"href":"https:\/\/kindalbaniastore.com\/index.php\/wp-json\/wp\/v2\/product\/8368","targetHints":{"allow":["GET"]}}],"collection":[{"href":"https:\/\/kindalbaniastore.com\/index.php\/wp-json\/wp\/v2\/product"}],"about":[{"href":"https:\/\/kindalbaniastore.com\/index.php\/wp-json\/wp\/v2\/types\/product"}],"replies":[{"embeddable":true,"href":"https:\/\/kindalbaniastore.com\/index.php\/wp-json\/wp\/v2\/comments?post=8368"}],"version-history":[{"count":1,"href":"https:\/\/kindalbaniastore.com\/index.php\/wp-json\/wp\/v2\/product\/8368\/revisions"}],"predecessor-version":[{"id":8375,"href":"https:\/\/kindalbaniastore.com\/index.php\/wp-json\/wp\/v2\/product\/8368\/revisions\/8375"}],"wp:featuredmedia":[{"embeddable":true,"href":"https:\/\/kindalbaniastore.com\/index.php\/wp-json\/wp\/v2\/media\/8373"}],"wp:attachment":[{"href":"https:\/\/kindalbaniastore.com\/index.php\/wp-json\/wp\/v2\/media?parent=8368"}],"wp:term":[{"taxonomy":"product_cat","embeddable":true,"href":"https:\/\/kindalbaniastore.com\/index.php\/wp-json\/wp\/v2\/product_cat?post=8368"},{"taxonomy":"product_tag","embeddable":true,"href":"https:\/\/kindalbaniastore.com\/index.php\/wp-json\/wp\/v2\/product_tag?post=8368"}],"curies":[{"name":"wp","href":"https:\/\/api.w.org\/{rel}","templated":true}]}}