{"id":8399,"date":"2024-04-05T12:49:19","date_gmt":"2024-04-05T12:49:19","guid":{"rendered":"https:\/\/kindalbaniastore.com\/?post_type=product&#038;p=8399"},"modified":"2024-04-05T12:49:19","modified_gmt":"2024-04-05T12:49:19","slug":"blender-i-rikarikushem","status":"publish","type":"product","link":"https:\/\/kindalbaniastore.com\/index.php\/product\/blender-i-rikarikushem\/","title":{"rendered":"Blender i rikarikushem"},"content":{"rendered":"<p>Nj\u00eb blender i rikarikuesh\u00ebm p\u00ebr t\u00eb b\u00ebr\u00eb milkshake, l\u00ebngje dhe smoothie natyrale me komoditet t\u00eb plot\u00eb n\u00eb zyr\u00eb, palest\u00ebr, sht\u00ebpi etj., pa pasur nevoj\u00eb p\u00ebr kabllo apo priza\ud83c\udf53<br \/>\nFal\u00eb dizajnit t\u00eb tij kompakt dhe t\u00eb l\u00ebvizsh\u00ebm, ai mund t\u00eb merret leht\u00ebsisht kudo n\u00eb \u00e7ant\u00ebn tuaj, n\u00eb \u00e7ant\u00ebn e shpin\u00ebs etj.\ud83c\udf53<br \/>\n P\u00ebrve\u00e7 k\u00ebsaj, 4tehet e tij t\u00eb mprehta \u00e7eliku inox shum\u00eb efikase ju mund\u00ebsojn\u00eb t\u00eb bluani, p\u00ebrzieni, p\u00ebrzieni, etj\ud83c\udf53<br \/>\n Sistemi i tij i siguris\u00eb parandalon q\u00eb blenderi t\u00eb funksionoj\u00eb n\u00ebse xhami nuk \u00ebsht\u00eb i vendosur si\u00e7 duhet\ud83c\udf53<br \/>\n\u00cbsht\u00eb shum\u00eb e thjesht\u00eb p\u00ebr t&#8217;u p\u00ebrdorur, thjesht shtypni butonin e ndezjes\/fikjes derisa t\u00eb arrini tekstur\u00ebn e d\u00ebshiruar. Rekomandohet tundja e leht\u00eb e blenderit p\u00ebr t\u00eb ndihmuar n\u00eb p\u00ebrmir\u00ebsimin e procesit t\u00eb p\u00ebrzierjes dhe p\u00ebr t\u00eb arritur nj\u00eb rezultat m\u00eb homogjen\ud83c\udf53<br \/>\n. Ushqimet e ngurta duhet t\u00eb priten n\u00eb copa t\u00eb vogla, duke z\u00ebn\u00eb maksimumi 40% t\u00eb en\u00ebs dhe m\u00eb pas t\u00eb shtoni l\u00ebngje pa e kaluar 90% t\u00eb en\u00ebs. Mos p\u00ebrdorni arra t\u00eb thata, ushqime t\u00eb forta ose l\u00ebvozhg\u00eb. Blenderi mund t\u00eb \u00e7montohet leht\u00ebsisht p\u00ebr t&#8217;u pastruar. P\u00ebrfshin kabllon e karikimit USB n\u00eb mikro USB\ud83c\udf53<\/p>\n","protected":false},"excerpt":{"rendered":"<p>Nj\u00eb blender i rikarikuesh\u00ebm p\u00ebr t\u00eb b\u00ebr\u00eb milkshake, l\u00ebngje dhe smoothie natyrale me komoditet t\u00eb plot\u00eb n\u00eb zyr\u00eb, palest\u00ebr, sht\u00ebpi etj., pa pasur nevoj\u00eb p\u00ebr kabllo apo priza\ud83c\udf53 Fal\u00eb dizajnit t\u00eb tij kompakt dhe t\u00eb l\u00ebvizsh\u00ebm, ai mund t\u00eb merret leht\u00ebsisht kudo n\u00eb \u00e7ant\u00ebn tuaj, n\u00eb \u00e7ant\u00ebn e shpin\u00ebs etj.\ud83c\udf53 P\u00ebrve\u00e7 k\u00ebsaj, 4tehet e tij &hellip; <a href=\"https:\/\/kindalbaniastore.com\/index.php\/product\/blender-i-rikarikushem\/\" class=\"more-link\">Continue reading <span class=\"screen-reader-text\">Blender i rikarikushem<\/span><\/a><\/p>\n","protected":false},"featured_media":8410,"comment_status":"open","ping_status":"closed","template":"","meta":{"_joinchat":[]},"product_cat":[66],"product_tag":[],"class_list":["post-8399","product","type-product","status-publish","has-post-thumbnail","hentry","product_cat-produkte-per-shtepi"],"_links":{"self":[{"href":"https:\/\/kindalbaniastore.com\/index.php\/wp-json\/wp\/v2\/product\/8399","targetHints":{"allow":["GET"]}}],"collection":[{"href":"https:\/\/kindalbaniastore.com\/index.php\/wp-json\/wp\/v2\/product"}],"about":[{"href":"https:\/\/kindalbaniastore.com\/index.php\/wp-json\/wp\/v2\/types\/product"}],"replies":[{"embeddable":true,"href":"https:\/\/kindalbaniastore.com\/index.php\/wp-json\/wp\/v2\/comments?post=8399"}],"version-history":[{"count":1,"href":"https:\/\/kindalbaniastore.com\/index.php\/wp-json\/wp\/v2\/product\/8399\/revisions"}],"predecessor-version":[{"id":8411,"href":"https:\/\/kindalbaniastore.com\/index.php\/wp-json\/wp\/v2\/product\/8399\/revisions\/8411"}],"wp:featuredmedia":[{"embeddable":true,"href":"https:\/\/kindalbaniastore.com\/index.php\/wp-json\/wp\/v2\/media\/8410"}],"wp:attachment":[{"href":"https:\/\/kindalbaniastore.com\/index.php\/wp-json\/wp\/v2\/media?parent=8399"}],"wp:term":[{"taxonomy":"product_cat","embeddable":true,"href":"https:\/\/kindalbaniastore.com\/index.php\/wp-json\/wp\/v2\/product_cat?post=8399"},{"taxonomy":"product_tag","embeddable":true,"href":"https:\/\/kindalbaniastore.com\/index.php\/wp-json\/wp\/v2\/product_tag?post=8399"}],"curies":[{"name":"wp","href":"https:\/\/api.w.org\/{rel}","templated":true}]}}