{"id":8414,"date":"2024-04-09T14:45:33","date_gmt":"2024-04-09T14:45:33","guid":{"rendered":"https:\/\/kindalbaniastore.com\/?post_type=product&#038;p=8414"},"modified":"2024-04-09T14:45:33","modified_gmt":"2024-04-09T14:45:33","slug":"mbrojtese-per-femijet-2","status":"publish","type":"product","link":"https:\/\/kindalbaniastore.com\/index.php\/product\/mbrojtese-per-femijet-2\/","title":{"rendered":"Mbrojtese per femijet"},"content":{"rendered":"<p>Mbrojtese protektive per femije\ud83e\uddf8<br \/>\nmodeli I am safe, \u00ebsht\u00eb nj\u00eb zgjedhje e shk\u00eblqyeshme p\u00ebr prind\u00ebrit q\u00eb duan t\u00eb sigurojn\u00eb nj\u00eb ambient t\u00eb sigurt dhe t\u00eb p\u00ebrshtatsh\u00ebm p\u00ebr f\u00ebmij\u00ebt e tyre gjat\u00eb fjetjes. \ud83e\uddf8<br \/>\n kjo mbrojt\u00ebse ka nj\u00eb dizajn modern dhe ngjyr\u00eb bezhe.\ud83e\uddf8<br \/>\nE duhura per cdo femije\ud83e\uddf8<br \/>\nLahet dhe pastrohet lehtesisht\ud83e\uddf8<\/p>\n","protected":false},"excerpt":{"rendered":"<p>Mbrojtese protektive per femije\ud83e\uddf8 modeli I am safe, \u00ebsht\u00eb nj\u00eb zgjedhje e shk\u00eblqyeshme p\u00ebr prind\u00ebrit q\u00eb duan t\u00eb sigurojn\u00eb nj\u00eb ambient t\u00eb sigurt dhe t\u00eb p\u00ebrshtatsh\u00ebm p\u00ebr f\u00ebmij\u00ebt e tyre gjat\u00eb fjetjes. \ud83e\uddf8 kjo mbrojt\u00ebse ka nj\u00eb dizajn modern dhe ngjyr\u00eb bezhe.\ud83e\uddf8 E duhura per cdo femije\ud83e\uddf8 Lahet dhe pastrohet lehtesisht\ud83e\uddf8<\/p>\n","protected":false},"featured_media":8418,"comment_status":"open","ping_status":"closed","template":"","meta":{"_joinchat":[]},"product_cat":[222],"product_tag":[],"class_list":["post-8414","product","type-product","status-publish","has-post-thumbnail","hentry","product_cat-produkte-per-femije"],"_links":{"self":[{"href":"https:\/\/kindalbaniastore.com\/index.php\/wp-json\/wp\/v2\/product\/8414","targetHints":{"allow":["GET"]}}],"collection":[{"href":"https:\/\/kindalbaniastore.com\/index.php\/wp-json\/wp\/v2\/product"}],"about":[{"href":"https:\/\/kindalbaniastore.com\/index.php\/wp-json\/wp\/v2\/types\/product"}],"replies":[{"embeddable":true,"href":"https:\/\/kindalbaniastore.com\/index.php\/wp-json\/wp\/v2\/comments?post=8414"}],"version-history":[{"count":1,"href":"https:\/\/kindalbaniastore.com\/index.php\/wp-json\/wp\/v2\/product\/8414\/revisions"}],"predecessor-version":[{"id":8423,"href":"https:\/\/kindalbaniastore.com\/index.php\/wp-json\/wp\/v2\/product\/8414\/revisions\/8423"}],"wp:featuredmedia":[{"embeddable":true,"href":"https:\/\/kindalbaniastore.com\/index.php\/wp-json\/wp\/v2\/media\/8418"}],"wp:attachment":[{"href":"https:\/\/kindalbaniastore.com\/index.php\/wp-json\/wp\/v2\/media?parent=8414"}],"wp:term":[{"taxonomy":"product_cat","embeddable":true,"href":"https:\/\/kindalbaniastore.com\/index.php\/wp-json\/wp\/v2\/product_cat?post=8414"},{"taxonomy":"product_tag","embeddable":true,"href":"https:\/\/kindalbaniastore.com\/index.php\/wp-json\/wp\/v2\/product_tag?post=8414"}],"curies":[{"name":"wp","href":"https:\/\/api.w.org\/{rel}","templated":true}]}}