{"id":8437,"date":"2024-04-09T15:10:09","date_gmt":"2024-04-09T15:10:09","guid":{"rendered":"https:\/\/kindalbaniastore.com\/?post_type=product&#038;p=8437"},"modified":"2024-04-09T15:10:09","modified_gmt":"2024-04-09T15:10:09","slug":"serum-per-parandalimin-e-renies-se-flokeve","status":"publish","type":"product","link":"https:\/\/kindalbaniastore.com\/index.php\/product\/serum-per-parandalimin-e-renies-se-flokeve\/","title":{"rendered":"Serum per parandalimin e renies se flokeve"},"content":{"rendered":"<p>Parandalon r\u00ebnien e flok\u00ebve<br \/>\nFlok\u00ebt jan\u00eb m\u00eb t\u00eb sh\u00ebndetsh\u00ebm<br \/>\nSkalp i sh\u00ebndetsh\u00ebm<br \/>\nZona e aplikimit<br \/>\nAplikoni dy pipeta (2 ml) t\u00eb serumit n\u00eb skalp t\u00eb past\u00ebr dhe t\u00eb lagur duke i ndar\u00eb flok\u00eb n\u00eb seksione, masazhoni me majat e gishtave me l\u00ebvizje rrethore derisa t\u00eb p\u00ebrthithet plot\u00ebsisht. Mos e shp\u00eblani.<\/p>\n<p>Frekuenca e aplikimit: p\u00ebrdoret nj\u00eb her\u00eb n\u00eb dit\u00eb p\u00ebr 2 muaj, pastaj nj\u00eb ose dy her\u00eb n\u00eb jav\u00eb p\u00ebr muajin e fundit.<\/p>\n<p>Tundeni para p\u00ebrdorimit.<\/p>\n<p>Ky serum \u00ebsht\u00eb nj\u00eb trajtim special krijuar p\u00ebr t\u00eb punuar n\u00eb ciklin jet\u00ebsor t\u00eb flok\u00ebve p\u00ebr t\u00eb parandaluar r\u00ebnien e tyre. Dit\u00eb pas dite, flok\u00ebt rifitojn\u00eb vitalitetin e tyre, skalpi i kok\u00ebs \u00ebsht\u00eb m\u00eb i sh\u00ebndetsh\u00ebm dhe r\u00ebnia e flok\u00ebve reduktohet ndjesh\u00ebm.<\/p>\n","protected":false},"excerpt":{"rendered":"<p>Parandalon r\u00ebnien e flok\u00ebve Flok\u00ebt jan\u00eb m\u00eb t\u00eb sh\u00ebndetsh\u00ebm Skalp i sh\u00ebndetsh\u00ebm Zona e aplikimit Aplikoni dy pipeta (2 ml) t\u00eb serumit n\u00eb skalp t\u00eb past\u00ebr dhe t\u00eb lagur duke i ndar\u00eb flok\u00eb n\u00eb seksione, masazhoni me majat e gishtave me l\u00ebvizje rrethore derisa t\u00eb p\u00ebrthithet plot\u00ebsisht. Mos e shp\u00eblani. Frekuenca e aplikimit: p\u00ebrdoret nj\u00eb &hellip; <a href=\"https:\/\/kindalbaniastore.com\/index.php\/product\/serum-per-parandalimin-e-renies-se-flokeve\/\" class=\"more-link\">Continue reading <span class=\"screen-reader-text\">Serum per parandalimin e renies se flokeve<\/span><\/a><\/p>\n","protected":false},"featured_media":8447,"comment_status":"open","ping_status":"closed","template":"","meta":{"_joinchat":[]},"product_cat":[62,59,70],"product_tag":[],"class_list":["post-8437","product","type-product","status-publish","has-post-thumbnail","hentry","product_cat-estetik","product_cat-kozmetik","product_cat-produkte-per-floket"],"_links":{"self":[{"href":"https:\/\/kindalbaniastore.com\/index.php\/wp-json\/wp\/v2\/product\/8437","targetHints":{"allow":["GET"]}}],"collection":[{"href":"https:\/\/kindalbaniastore.com\/index.php\/wp-json\/wp\/v2\/product"}],"about":[{"href":"https:\/\/kindalbaniastore.com\/index.php\/wp-json\/wp\/v2\/types\/product"}],"replies":[{"embeddable":true,"href":"https:\/\/kindalbaniastore.com\/index.php\/wp-json\/wp\/v2\/comments?post=8437"}],"version-history":[{"count":1,"href":"https:\/\/kindalbaniastore.com\/index.php\/wp-json\/wp\/v2\/product\/8437\/revisions"}],"predecessor-version":[{"id":8448,"href":"https:\/\/kindalbaniastore.com\/index.php\/wp-json\/wp\/v2\/product\/8437\/revisions\/8448"}],"wp:featuredmedia":[{"embeddable":true,"href":"https:\/\/kindalbaniastore.com\/index.php\/wp-json\/wp\/v2\/media\/8447"}],"wp:attachment":[{"href":"https:\/\/kindalbaniastore.com\/index.php\/wp-json\/wp\/v2\/media?parent=8437"}],"wp:term":[{"taxonomy":"product_cat","embeddable":true,"href":"https:\/\/kindalbaniastore.com\/index.php\/wp-json\/wp\/v2\/product_cat?post=8437"},{"taxonomy":"product_tag","embeddable":true,"href":"https:\/\/kindalbaniastore.com\/index.php\/wp-json\/wp\/v2\/product_tag?post=8437"}],"curies":[{"name":"wp","href":"https:\/\/api.w.org\/{rel}","templated":true}]}}