{"id":8517,"date":"2024-04-29T15:51:17","date_gmt":"2024-04-29T15:51:17","guid":{"rendered":"https:\/\/kindalbaniastore.com\/?post_type=product&#038;p=8517"},"modified":"2024-04-29T15:51:17","modified_gmt":"2024-04-29T15:51:17","slug":"8517","status":"publish","type":"product","link":"https:\/\/kindalbaniastore.com\/index.php\/product\/8517\/","title":{"rendered":""},"content":{"rendered":"<p>\ud83d\udfe2 Hair Conditioner Restorex Speed &amp; Strong<\/p>\n<p>Kondicioner i l\u00ebngsh\u00ebm i flok\u00ebve Restorex Speed &amp; Strong me efekt t\u00eb rritjes s\u00eb sh\u00ebndetshme<\/p>\n<p>\u2022Formula Restorex p\u00ebrmban ekstrakt dredhk\u00eb i cili ushqen dhe ndihmon flok\u00ebt t\u00eb rriten t\u00eb sh\u00ebndetsh\u00ebm.<br \/>\n\u2022Vitaminat dhe mineralet bimore n\u00eb formul\u00eb ushqejn\u00eb flok\u00ebt, duke mbrojtur dhe forcuar flok\u00ebt me rritje t\u00eb sh\u00ebndetshme.<br \/>\n\u2022Ka nj\u00eb efekt t\u00eb menj\u00ebhersh\u00ebm n\u00eb fijet e flok\u00ebve, duke e b\u00ebr\u00eb m\u00eb t\u00eb leht\u00eb krehjen dhe duke i dh\u00ebn\u00eb nj\u00eb pamje t\u00eb l\u00ebmuar dhe me shk\u00eblqim n\u00eb p\u00ebrgjith\u00ebsi. \u2022Hidraton flok\u00ebt p\u00ebr t\u00eb dh\u00ebn\u00eb nj\u00eb but\u00ebsi t\u00eb m\u00ebndafsht\u00eb.<\/p>\n","protected":false},"excerpt":{"rendered":"<p>\ud83d\udfe2 Hair Conditioner Restorex Speed &amp; Strong Kondicioner i l\u00ebngsh\u00ebm i flok\u00ebve Restorex Speed &amp; Strong me efekt t\u00eb rritjes s\u00eb sh\u00ebndetshme \u2022Formula Restorex p\u00ebrmban ekstrakt dredhk\u00eb i cili ushqen dhe ndihmon flok\u00ebt t\u00eb rriten t\u00eb sh\u00ebndetsh\u00ebm. \u2022Vitaminat dhe mineralet bimore n\u00eb formul\u00eb ushqejn\u00eb flok\u00ebt, duke mbrojtur dhe forcuar flok\u00ebt me rritje t\u00eb sh\u00ebndetshme. \u2022Ka &hellip; <a href=\"https:\/\/kindalbaniastore.com\/index.php\/product\/8517\/\" class=\"more-link\">Continue reading <span class=\"screen-reader-text\"><\/span><\/a><\/p>\n","protected":false},"featured_media":8518,"comment_status":"open","ping_status":"closed","template":"","meta":{"_joinchat":[]},"product_cat":[62,59,70],"product_tag":[],"class_list":["post-8517","product","type-product","status-publish","has-post-thumbnail","hentry","product_cat-estetik","product_cat-kozmetik","product_cat-produkte-per-floket"],"_links":{"self":[{"href":"https:\/\/kindalbaniastore.com\/index.php\/wp-json\/wp\/v2\/product\/8517","targetHints":{"allow":["GET"]}}],"collection":[{"href":"https:\/\/kindalbaniastore.com\/index.php\/wp-json\/wp\/v2\/product"}],"about":[{"href":"https:\/\/kindalbaniastore.com\/index.php\/wp-json\/wp\/v2\/types\/product"}],"replies":[{"embeddable":true,"href":"https:\/\/kindalbaniastore.com\/index.php\/wp-json\/wp\/v2\/comments?post=8517"}],"version-history":[{"count":1,"href":"https:\/\/kindalbaniastore.com\/index.php\/wp-json\/wp\/v2\/product\/8517\/revisions"}],"predecessor-version":[{"id":8523,"href":"https:\/\/kindalbaniastore.com\/index.php\/wp-json\/wp\/v2\/product\/8517\/revisions\/8523"}],"wp:featuredmedia":[{"embeddable":true,"href":"https:\/\/kindalbaniastore.com\/index.php\/wp-json\/wp\/v2\/media\/8518"}],"wp:attachment":[{"href":"https:\/\/kindalbaniastore.com\/index.php\/wp-json\/wp\/v2\/media?parent=8517"}],"wp:term":[{"taxonomy":"product_cat","embeddable":true,"href":"https:\/\/kindalbaniastore.com\/index.php\/wp-json\/wp\/v2\/product_cat?post=8517"},{"taxonomy":"product_tag","embeddable":true,"href":"https:\/\/kindalbaniastore.com\/index.php\/wp-json\/wp\/v2\/product_tag?post=8517"}],"curies":[{"name":"wp","href":"https:\/\/api.w.org\/{rel}","templated":true}]}}