{"id":8524,"date":"2024-04-29T15:55:48","date_gmt":"2024-04-29T15:55:48","guid":{"rendered":"https:\/\/kindalbaniastore.com\/?post_type=product&#038;p=8524"},"modified":"2024-04-29T15:55:49","modified_gmt":"2024-04-29T15:55:49","slug":"shampo-bimore-per-floket","status":"publish","type":"product","link":"https:\/\/kindalbaniastore.com\/index.php\/product\/shampo-bimore-per-floket\/","title":{"rendered":"Shampo bimore per floket"},"content":{"rendered":"<p>\ud83d\udfe2 SHAMPO BIOBLAS &#8211; ZINC + MENTHOL<\/p>\n<p>SHAMPO kund\u00ebr zbokthit, mbron skalpin e kok\u00ebs, p\u00ebrmban vitamina dhe serum t\u00eb cil\u00ebt qet\u00ebsojn\u00eb irritimin dhe r\u00ebnien, i p\u00ebrshtatsh\u00ebm p\u00ebr \u00e7do moshe dhe gjini<\/p>\n<p> DISA NGA VETIT\u00cb:<br \/>\n\u2022Terapeutik: Kjo shampo \u00ebsht\u00eb nj\u00eb ila\u00e7 p\u00ebr kruajtjen e kok\u00ebs dhe zbokthin, i mbushur me vitamina dhe serume p\u00ebr t\u00eb qet\u00ebsuar l\u00ebkur\u00ebn e kok\u00ebs, p\u00ebr t\u00eb reduktuar r\u00ebnien e flok\u00ebve dhe p\u00ebr t&#8217;i shtuar forc\u00ebn dhe v\u00ebllimin e flok\u00ebve.<br \/>\n\u2022Veprim i dyfisht\u00eb: Duke ofruar p\u00ebrfitime si shampo ashtu edhe zbut\u00ebs n\u00eb nj\u00eb, balsamuesi yn\u00eb i shampos promovon thithjen e l\u00ebnd\u00ebve ushqyese dhe rritjen e qarkullimit t\u00eb gjakut, t\u00eb gjitha duke hequr l\u00ebkur\u00ebn e kok\u00ebs.<br \/>\n\u2022Rritja e flok\u00ebve: E krijuar posa\u00e7\u00ebrisht p\u00ebr t\u00eb mb\u00ebshtetur ata q\u00eb vuajn\u00eb nga r\u00ebnia e flok\u00ebve, kjo shampo p\u00ebr rritjen e flok\u00ebve minimizon rrallimin e flok\u00ebve dhe riparon d\u00ebmtimet, duke i l\u00ebn\u00eb flok\u00ebt t\u00eb sh\u00ebndetsh\u00ebm, me shk\u00eblqim dhe voluminoz.<br \/>\n\u2022Kund\u00ebr zbokthit: Me nj\u00eb formul\u00eb unike q\u00eb p\u00ebrmban Zink Pyriton &amp; Vitamin\u00eb B6, shampoja efektive kund\u00ebr zbokthit lufton n\u00eb m\u00ebnyr\u00eb efektive zbokthin, duke forcuar shtres\u00ebn mbrojt\u00ebse t\u00eb kok\u00ebs dhe duke ofruar leht\u00ebsim me mentol.<br \/>\n\u2022Universal: I p\u00ebrshtatsh\u00ebm p\u00ebr meshkujt dhe femrat e t\u00eb gjitha llojeve t\u00eb flok\u00ebve, nga ka\u00e7urrelat tek ato t\u00eb yndyrshme, kjo shampo me nenexhik pa arom\u00eb \u00ebsht\u00eb e but\u00eb dhe e k\u00ebndshme, e provuar si e sigurt dhe e rehatshme, madje edhe p\u00ebr skalpat e ndjesh\u00ebm.<\/p>\n","protected":false},"excerpt":{"rendered":"<p>\ud83d\udfe2 SHAMPO BIOBLAS &#8211; ZINC + MENTHOL SHAMPO kund\u00ebr zbokthit, mbron skalpin e kok\u00ebs, p\u00ebrmban vitamina dhe serum t\u00eb cil\u00ebt qet\u00ebsojn\u00eb irritimin dhe r\u00ebnien, i p\u00ebrshtatsh\u00ebm p\u00ebr \u00e7do moshe dhe gjini DISA NGA VETIT\u00cb: \u2022Terapeutik: Kjo shampo \u00ebsht\u00eb nj\u00eb ila\u00e7 p\u00ebr kruajtjen e kok\u00ebs dhe zbokthin, i mbushur me vitamina dhe serume p\u00ebr t\u00eb qet\u00ebsuar &hellip; <a href=\"https:\/\/kindalbaniastore.com\/index.php\/product\/shampo-bimore-per-floket\/\" class=\"more-link\">Continue reading <span class=\"screen-reader-text\">Shampo bimore per floket<\/span><\/a><\/p>\n","protected":false},"featured_media":8525,"comment_status":"open","ping_status":"closed","template":"","meta":{"_joinchat":[]},"product_cat":[62,59,70],"product_tag":[],"class_list":["post-8524","product","type-product","status-publish","has-post-thumbnail","hentry","product_cat-estetik","product_cat-kozmetik","product_cat-produkte-per-floket"],"_links":{"self":[{"href":"https:\/\/kindalbaniastore.com\/index.php\/wp-json\/wp\/v2\/product\/8524","targetHints":{"allow":["GET"]}}],"collection":[{"href":"https:\/\/kindalbaniastore.com\/index.php\/wp-json\/wp\/v2\/product"}],"about":[{"href":"https:\/\/kindalbaniastore.com\/index.php\/wp-json\/wp\/v2\/types\/product"}],"replies":[{"embeddable":true,"href":"https:\/\/kindalbaniastore.com\/index.php\/wp-json\/wp\/v2\/comments?post=8524"}],"version-history":[{"count":1,"href":"https:\/\/kindalbaniastore.com\/index.php\/wp-json\/wp\/v2\/product\/8524\/revisions"}],"predecessor-version":[{"id":8533,"href":"https:\/\/kindalbaniastore.com\/index.php\/wp-json\/wp\/v2\/product\/8524\/revisions\/8533"}],"wp:featuredmedia":[{"embeddable":true,"href":"https:\/\/kindalbaniastore.com\/index.php\/wp-json\/wp\/v2\/media\/8525"}],"wp:attachment":[{"href":"https:\/\/kindalbaniastore.com\/index.php\/wp-json\/wp\/v2\/media?parent=8524"}],"wp:term":[{"taxonomy":"product_cat","embeddable":true,"href":"https:\/\/kindalbaniastore.com\/index.php\/wp-json\/wp\/v2\/product_cat?post=8524"},{"taxonomy":"product_tag","embeddable":true,"href":"https:\/\/kindalbaniastore.com\/index.php\/wp-json\/wp\/v2\/product_tag?post=8524"}],"curies":[{"name":"wp","href":"https:\/\/api.w.org\/{rel}","templated":true}]}}