{"id":8683,"date":"2024-08-20T12:51:32","date_gmt":"2024-08-20T12:51:32","guid":{"rendered":"https:\/\/kindalbaniastore.com\/?post_type=product&#038;p=8683"},"modified":"2024-08-20T12:51:37","modified_gmt":"2024-08-20T12:51:37","slug":"rreth-per-floket-2-cope-ne-set","status":"publish","type":"product","link":"https:\/\/kindalbaniastore.com\/index.php\/product\/rreth-per-floket-2-cope-ne-set\/","title":{"rendered":"Rreth per floket 2 cope ne set"},"content":{"rendered":"<p>Rreth p\u00ebr flok\u00ebt, me struktur\u00eb prej materiali plastik dhe veshje prej kadifeje sintetike, n\u00eb ngjyra t\u00eb ndryshme P\u00ebrdoret p\u00ebr rregullimin dhe stilimin e flok\u00ebve, ka material p\u00ebrb\u00ebr\u00ebs i cili nuk shkakton f\u00ebrkim apo k\u00ebputje t\u00eb fijeve t\u00eb flok\u00ebve dhe \u00ebsht\u00eb i leht\u00eb dhe rezistent ndaj ujit. Ky produkt \u00ebsht\u00eb i p\u00ebrshtatsh\u00ebm p\u00ebr p\u00ebrdorim jo-profesional<\/p>\n","protected":false},"excerpt":{"rendered":"<p>Rreth p\u00ebr flok\u00ebt, me struktur\u00eb prej materiali plastik dhe veshje prej kadifeje sintetike, n\u00eb ngjyra t\u00eb ndryshme P\u00ebrdoret p\u00ebr rregullimin dhe stilimin e flok\u00ebve, ka material p\u00ebrb\u00ebr\u00ebs i cili nuk shkakton f\u00ebrkim apo k\u00ebputje t\u00eb fijeve t\u00eb flok\u00ebve dhe \u00ebsht\u00eb i leht\u00eb dhe rezistent ndaj ujit. Ky produkt \u00ebsht\u00eb i p\u00ebrshtatsh\u00ebm p\u00ebr p\u00ebrdorim jo-profesional<\/p>\n","protected":false},"featured_media":8685,"comment_status":"open","ping_status":"closed","template":"","meta":{"_joinchat":[]},"product_cat":[59,70],"product_tag":[],"class_list":["post-8683","product","type-product","status-publish","has-post-thumbnail","hentry","product_cat-kozmetik","product_cat-produkte-per-floket"],"_links":{"self":[{"href":"https:\/\/kindalbaniastore.com\/index.php\/wp-json\/wp\/v2\/product\/8683","targetHints":{"allow":["GET"]}}],"collection":[{"href":"https:\/\/kindalbaniastore.com\/index.php\/wp-json\/wp\/v2\/product"}],"about":[{"href":"https:\/\/kindalbaniastore.com\/index.php\/wp-json\/wp\/v2\/types\/product"}],"replies":[{"embeddable":true,"href":"https:\/\/kindalbaniastore.com\/index.php\/wp-json\/wp\/v2\/comments?post=8683"}],"version-history":[{"count":1,"href":"https:\/\/kindalbaniastore.com\/index.php\/wp-json\/wp\/v2\/product\/8683\/revisions"}],"predecessor-version":[{"id":8705,"href":"https:\/\/kindalbaniastore.com\/index.php\/wp-json\/wp\/v2\/product\/8683\/revisions\/8705"}],"wp:featuredmedia":[{"embeddable":true,"href":"https:\/\/kindalbaniastore.com\/index.php\/wp-json\/wp\/v2\/media\/8685"}],"wp:attachment":[{"href":"https:\/\/kindalbaniastore.com\/index.php\/wp-json\/wp\/v2\/media?parent=8683"}],"wp:term":[{"taxonomy":"product_cat","embeddable":true,"href":"https:\/\/kindalbaniastore.com\/index.php\/wp-json\/wp\/v2\/product_cat?post=8683"},{"taxonomy":"product_tag","embeddable":true,"href":"https:\/\/kindalbaniastore.com\/index.php\/wp-json\/wp\/v2\/product_tag?post=8683"}],"curies":[{"name":"wp","href":"https:\/\/api.w.org\/{rel}","templated":true}]}}