{"id":8724,"date":"2024-08-20T13:11:22","date_gmt":"2024-08-20T13:11:22","guid":{"rendered":"https:\/\/kindalbaniastore.com\/?post_type=product&#038;p=8724"},"modified":"2024-08-20T13:11:28","modified_gmt":"2024-08-20T13:11:28","slug":"varse-universale-per-rrobat","status":"publish","type":"product","link":"https:\/\/kindalbaniastore.com\/index.php\/product\/varse-universale-per-rrobat\/","title":{"rendered":"Varse universale per rrobat"},"content":{"rendered":"<p>Var\u00ebse n\u00eb material plastik me 5 grepa t\u00eb p\u00ebrshtatshme p\u00ebr t&#8217;u varur dhe p\u00ebr t\u00eb kursyer hap\u00ebsir\u00eb n\u00eb t\u00eb nj\u00ebjt\u00ebn koh\u00eb. Nuk duhet t\u00eb shqet\u00ebsohemi p\u00ebr shpimin e murit, thjesht vendoseni n\u00eb der\u00eb dhe rrobat tuaja do te jene te sistemuara<br \/>\nRezistente dhe praktike<\/p>\n","protected":false},"excerpt":{"rendered":"<p>Var\u00ebse n\u00eb material plastik me 5 grepa t\u00eb p\u00ebrshtatshme p\u00ebr t&#8217;u varur dhe p\u00ebr t\u00eb kursyer hap\u00ebsir\u00eb n\u00eb t\u00eb nj\u00ebjt\u00ebn koh\u00eb. Nuk duhet t\u00eb shqet\u00ebsohemi p\u00ebr shpimin e murit, thjesht vendoseni n\u00eb der\u00eb dhe rrobat tuaja do te jene te sistemuara Rezistente dhe praktike<\/p>\n","protected":false},"featured_media":8728,"comment_status":"open","ping_status":"closed","template":"","meta":{"_joinchat":[]},"product_cat":[66],"product_tag":[],"class_list":["post-8724","product","type-product","status-publish","has-post-thumbnail","hentry","product_cat-produkte-per-shtepi"],"_links":{"self":[{"href":"https:\/\/kindalbaniastore.com\/index.php\/wp-json\/wp\/v2\/product\/8724","targetHints":{"allow":["GET"]}}],"collection":[{"href":"https:\/\/kindalbaniastore.com\/index.php\/wp-json\/wp\/v2\/product"}],"about":[{"href":"https:\/\/kindalbaniastore.com\/index.php\/wp-json\/wp\/v2\/types\/product"}],"replies":[{"embeddable":true,"href":"https:\/\/kindalbaniastore.com\/index.php\/wp-json\/wp\/v2\/comments?post=8724"}],"version-history":[{"count":1,"href":"https:\/\/kindalbaniastore.com\/index.php\/wp-json\/wp\/v2\/product\/8724\/revisions"}],"predecessor-version":[{"id":8733,"href":"https:\/\/kindalbaniastore.com\/index.php\/wp-json\/wp\/v2\/product\/8724\/revisions\/8733"}],"wp:featuredmedia":[{"embeddable":true,"href":"https:\/\/kindalbaniastore.com\/index.php\/wp-json\/wp\/v2\/media\/8728"}],"wp:attachment":[{"href":"https:\/\/kindalbaniastore.com\/index.php\/wp-json\/wp\/v2\/media?parent=8724"}],"wp:term":[{"taxonomy":"product_cat","embeddable":true,"href":"https:\/\/kindalbaniastore.com\/index.php\/wp-json\/wp\/v2\/product_cat?post=8724"},{"taxonomy":"product_tag","embeddable":true,"href":"https:\/\/kindalbaniastore.com\/index.php\/wp-json\/wp\/v2\/product_tag?post=8724"}],"curies":[{"name":"wp","href":"https:\/\/api.w.org\/{rel}","templated":true}]}}