{"id":8743,"date":"2024-08-20T13:22:51","date_gmt":"2024-08-20T13:22:51","guid":{"rendered":"https:\/\/kindalbaniastore.com\/?post_type=product&#038;p=8743"},"modified":"2024-08-20T13:22:54","modified_gmt":"2024-08-20T13:22:54","slug":"kapse-flokesh-set-5-cope","status":"publish","type":"product","link":"https:\/\/kindalbaniastore.com\/index.php\/product\/kapse-flokesh-set-5-cope\/","title":{"rendered":"Kapse flokesh set 5 cope"},"content":{"rendered":"<p>Kap\u00ebse flok\u00ebsh q\u00eb nuk rr\u00ebshqasin, dizajn i thjesht\u00eb, efekt vizual m\u00eb i mir\u00eb. Ky produkt \u00ebsht\u00eb b\u00ebr\u00eb nga plastika e q\u00ebndrueshme, \u00ebsht\u00eb i leht\u00eb, por me forc\u00eb t\u00eb lart\u00eb, ka nj\u00eb rezistenc\u00eb t\u00eb lart\u00eb n\u00eb t\u00ebrheqje, nuk thyhet leht\u00eb dhe mund t\u00eb p\u00ebrdoret \u00e7do dit\u00eb. Doreza e but\u00eb dhe e rehatshme e flokeve ka 9 kthetra n\u00eb secil\u00ebn an\u00eb, e thjesht\u00eb, e bukur dhe elegante.<br \/>\nEsht\u00eb i p\u00ebrshtatsh\u00ebm p\u00ebr lloje t\u00eb ndryshme flok\u00ebsh, flok\u00eb t\u00eb holl\u00eb, t\u00eb gjat\u00eb, ka\u00e7urrel\u00eb, t\u00eb trash\u00eb ose mesatar, ve\u00e7an\u00ebrisht p\u00ebr sigurimin e flok\u00ebve t\u00eb l\u00ebshuar dhe mbajtjen e flok\u00ebve gjat\u00eb dushit.<br \/>\nKa shum\u00eb ngjyra p\u00ebr kap\u00ebsen e flok\u00ebve, mund t\u00eb zgjidhni ngjyr\u00ebn e duhur sipas veshjes apo humorit tuaj.<\/p>\n","protected":false},"excerpt":{"rendered":"<p>Kap\u00ebse flok\u00ebsh q\u00eb nuk rr\u00ebshqasin, dizajn i thjesht\u00eb, efekt vizual m\u00eb i mir\u00eb. Ky produkt \u00ebsht\u00eb b\u00ebr\u00eb nga plastika e q\u00ebndrueshme, \u00ebsht\u00eb i leht\u00eb, por me forc\u00eb t\u00eb lart\u00eb, ka nj\u00eb rezistenc\u00eb t\u00eb lart\u00eb n\u00eb t\u00ebrheqje, nuk thyhet leht\u00eb dhe mund t\u00eb p\u00ebrdoret \u00e7do dit\u00eb. Doreza e but\u00eb dhe e rehatshme e flokeve ka 9 &hellip; <a href=\"https:\/\/kindalbaniastore.com\/index.php\/product\/kapse-flokesh-set-5-cope\/\" class=\"more-link\">Continue reading <span class=\"screen-reader-text\">Kapse flokesh set 5 cope<\/span><\/a><\/p>\n","protected":false},"featured_media":8749,"comment_status":"open","ping_status":"closed","template":"","meta":{"_joinchat":[]},"product_cat":[59,70],"product_tag":[],"class_list":["post-8743","product","type-product","status-publish","has-post-thumbnail","hentry","product_cat-kozmetik","product_cat-produkte-per-floket"],"_links":{"self":[{"href":"https:\/\/kindalbaniastore.com\/index.php\/wp-json\/wp\/v2\/product\/8743","targetHints":{"allow":["GET"]}}],"collection":[{"href":"https:\/\/kindalbaniastore.com\/index.php\/wp-json\/wp\/v2\/product"}],"about":[{"href":"https:\/\/kindalbaniastore.com\/index.php\/wp-json\/wp\/v2\/types\/product"}],"replies":[{"embeddable":true,"href":"https:\/\/kindalbaniastore.com\/index.php\/wp-json\/wp\/v2\/comments?post=8743"}],"version-history":[{"count":1,"href":"https:\/\/kindalbaniastore.com\/index.php\/wp-json\/wp\/v2\/product\/8743\/revisions"}],"predecessor-version":[{"id":8753,"href":"https:\/\/kindalbaniastore.com\/index.php\/wp-json\/wp\/v2\/product\/8743\/revisions\/8753"}],"wp:featuredmedia":[{"embeddable":true,"href":"https:\/\/kindalbaniastore.com\/index.php\/wp-json\/wp\/v2\/media\/8749"}],"wp:attachment":[{"href":"https:\/\/kindalbaniastore.com\/index.php\/wp-json\/wp\/v2\/media?parent=8743"}],"wp:term":[{"taxonomy":"product_cat","embeddable":true,"href":"https:\/\/kindalbaniastore.com\/index.php\/wp-json\/wp\/v2\/product_cat?post=8743"},{"taxonomy":"product_tag","embeddable":true,"href":"https:\/\/kindalbaniastore.com\/index.php\/wp-json\/wp\/v2\/product_tag?post=8743"}],"curies":[{"name":"wp","href":"https:\/\/api.w.org\/{rel}","templated":true}]}}