{"id":8883,"date":"2024-09-25T15:16:12","date_gmt":"2024-09-25T15:16:12","guid":{"rendered":"https:\/\/kindalbaniastore.com\/?post_type=product&#038;p=8883"},"modified":"2024-09-25T15:16:26","modified_gmt":"2024-09-25T15:16:26","slug":"mikrofon-per-fjalime","status":"publish","type":"product","link":"https:\/\/kindalbaniastore.com\/index.php\/product\/mikrofon-per-fjalime\/","title":{"rendered":"Mikrofon per fjalime"},"content":{"rendered":"<p>1.Mikrofon me cil\u00ebsi t\u00eb lart\u00eb, regjistrues i p\u00ebrsosur<br \/>\nz\u00ebri dhe me anulim kundra zhurmave<\/p>\n<p>2. Plug and Play, puno me \u00e7do softuer regjistrimi ose<br \/>\nplatform\u00eb komunikimi, n\u00eb m\u00ebnyr\u00eb q\u00eb t\u00eb mos kesh nevoj\u00eb t\u00eb shkarkosh drejtues t\u00eb<br \/>\nve\u00e7ant\u00eb ose mjetet.<\/p>\n<p>3. Mikrofoni ka nj\u00eb model ngritjeje nga te gjitha kendet,<br \/>\ni p\u00ebrsosur p\u00ebr biseda n\u00eb internet, regjistrim vokal, transmetim, podcast, loj\u00ebra,<br \/>\nvideo konferenc\u00eb, studio n\u00eb sht\u00ebpi, etj.<\/p>\n<p>4. P\u00ebrfshin mbajt\u00ebsin e desktopit me tre k\u00ebmb\u00eb q\u00eb mund t\u00eb<br \/>\nrregullohet n\u00eb nj\u00eb k\u00ebnd, orientim ose pozicion t\u00eb p\u00ebrshtatsh\u00ebm dhe paloset<br \/>\nleht\u00ebsisht.<\/p>\n<p>5. Mikrofoni nuk p\u00ebrdoret vet\u00ebm p\u00ebr PC dhe laptop, por<br \/>\nedhe p\u00ebr telefon, tablet ose pajisje xbox (p\u00ebrdoreni me p\u00ebrshtat\u00ebs n\u00ebse \u00ebsht\u00eb e<br \/>\nnevojshme).<\/p>\n","protected":false},"excerpt":{"rendered":"<p>1.Mikrofon me cil\u00ebsi t\u00eb lart\u00eb, regjistrues i p\u00ebrsosur z\u00ebri dhe me anulim kundra zhurmave 2. Plug and Play, puno me \u00e7do softuer regjistrimi ose platform\u00eb komunikimi, n\u00eb m\u00ebnyr\u00eb q\u00eb t\u00eb mos kesh nevoj\u00eb t\u00eb shkarkosh drejtues t\u00eb ve\u00e7ant\u00eb ose mjetet. 3. Mikrofoni ka nj\u00eb model ngritjeje nga te gjitha kendet, i p\u00ebrsosur p\u00ebr biseda n\u00eb &hellip; <a href=\"https:\/\/kindalbaniastore.com\/index.php\/product\/mikrofon-per-fjalime\/\" class=\"more-link\">Continue reading <span class=\"screen-reader-text\">Mikrofon per fjalime<\/span><\/a><\/p>\n","protected":false},"featured_media":8892,"comment_status":"open","ping_status":"closed","template":"","meta":{"_joinchat":[]},"product_cat":[67,228],"product_tag":[],"class_list":["post-8883","product","type-product","status-publish","has-post-thumbnail","hentry","product_cat-moda","product_cat-teknologji"],"_links":{"self":[{"href":"https:\/\/kindalbaniastore.com\/index.php\/wp-json\/wp\/v2\/product\/8883","targetHints":{"allow":["GET"]}}],"collection":[{"href":"https:\/\/kindalbaniastore.com\/index.php\/wp-json\/wp\/v2\/product"}],"about":[{"href":"https:\/\/kindalbaniastore.com\/index.php\/wp-json\/wp\/v2\/types\/product"}],"replies":[{"embeddable":true,"href":"https:\/\/kindalbaniastore.com\/index.php\/wp-json\/wp\/v2\/comments?post=8883"}],"version-history":[{"count":1,"href":"https:\/\/kindalbaniastore.com\/index.php\/wp-json\/wp\/v2\/product\/8883\/revisions"}],"predecessor-version":[{"id":8894,"href":"https:\/\/kindalbaniastore.com\/index.php\/wp-json\/wp\/v2\/product\/8883\/revisions\/8894"}],"wp:featuredmedia":[{"embeddable":true,"href":"https:\/\/kindalbaniastore.com\/index.php\/wp-json\/wp\/v2\/media\/8892"}],"wp:attachment":[{"href":"https:\/\/kindalbaniastore.com\/index.php\/wp-json\/wp\/v2\/media?parent=8883"}],"wp:term":[{"taxonomy":"product_cat","embeddable":true,"href":"https:\/\/kindalbaniastore.com\/index.php\/wp-json\/wp\/v2\/product_cat?post=8883"},{"taxonomy":"product_tag","embeddable":true,"href":"https:\/\/kindalbaniastore.com\/index.php\/wp-json\/wp\/v2\/product_tag?post=8883"}],"curies":[{"name":"wp","href":"https:\/\/api.w.org\/{rel}","templated":true}]}}