{"id":8896,"date":"2024-09-30T15:37:00","date_gmt":"2024-09-30T15:37:00","guid":{"rendered":"https:\/\/kindalbaniastore.com\/?post_type=product&#038;p=8896"},"modified":"2024-09-30T15:37:15","modified_gmt":"2024-09-30T15:37:15","slug":"krem-per-syte","status":"publish","type":"product","link":"https:\/\/kindalbaniastore.com\/index.php\/product\/krem-per-syte\/","title":{"rendered":"Krem per syte"},"content":{"rendered":"<p>krem \u200b\u200bp\u00ebr syt\u00eb teper cilesor \u00ebsht\u00eb nj\u00eb krem \u200b\u200bpremium  q\u00eb heq rrath\u00ebt e err\u00ebt shpejt<br \/>\nPer sy te shplodhur dhe te qetesuar<br \/>\nEfekt i menjehershem<br \/>\n. Gjithashtu kremi p\u00ebrmban p\u00ebrb\u00ebr\u00ebs zbut\u00ebs t\u00eb l\u00ebkur\u00ebs t\u00eb cil\u00ebt n\u00eb fakt ndryshojn\u00eb struktur\u00ebn e l\u00ebkur\u00ebs n\u00ebn sy p\u00ebr t\u00eb ndihmuar n\u00eb zvog\u00eblimin e \u00ebnjtjes dhe vijave t\u00eb holla. P\u00ebrdorime specifike p\u00ebr produktin:  largon:Rrath\u00eb t\u00eb err\u00ebt, rrudha, \u00ebnjtje,<br \/>\n P\u00ebrdorni p\u00ebr: Syt\u00eb Lloji i l\u00ebkur\u00ebs: T\u00eb gjitha<br \/>\nMosha:T\u00eb rritur<\/p>\n","protected":false},"excerpt":{"rendered":"<p>krem \u200b\u200bp\u00ebr syt\u00eb teper cilesor \u00ebsht\u00eb nj\u00eb krem \u200b\u200bpremium q\u00eb heq rrath\u00ebt e err\u00ebt shpejt Per sy te shplodhur dhe te qetesuar Efekt i menjehershem . Gjithashtu kremi p\u00ebrmban p\u00ebrb\u00ebr\u00ebs zbut\u00ebs t\u00eb l\u00ebkur\u00ebs t\u00eb cil\u00ebt n\u00eb fakt ndryshojn\u00eb struktur\u00ebn e l\u00ebkur\u00ebs n\u00ebn sy p\u00ebr t\u00eb ndihmuar n\u00eb zvog\u00eblimin e \u00ebnjtjes dhe vijave t\u00eb holla. P\u00ebrdorime &hellip; <a href=\"https:\/\/kindalbaniastore.com\/index.php\/product\/krem-per-syte\/\" class=\"more-link\">Continue reading <span class=\"screen-reader-text\">Krem per syte<\/span><\/a><\/p>\n","protected":false},"featured_media":8897,"comment_status":"open","ping_status":"closed","template":"","meta":{"_joinchat":[]},"product_cat":[62,59,131,71],"product_tag":[],"class_list":["post-8896","product","type-product","status-publish","has-post-thumbnail","hentry","product_cat-estetik","product_cat-kozmetik","product_cat-make-up","product_cat-produkte-per-fytyren-dhe-trupin"],"_links":{"self":[{"href":"https:\/\/kindalbaniastore.com\/index.php\/wp-json\/wp\/v2\/product\/8896","targetHints":{"allow":["GET"]}}],"collection":[{"href":"https:\/\/kindalbaniastore.com\/index.php\/wp-json\/wp\/v2\/product"}],"about":[{"href":"https:\/\/kindalbaniastore.com\/index.php\/wp-json\/wp\/v2\/types\/product"}],"replies":[{"embeddable":true,"href":"https:\/\/kindalbaniastore.com\/index.php\/wp-json\/wp\/v2\/comments?post=8896"}],"version-history":[{"count":1,"href":"https:\/\/kindalbaniastore.com\/index.php\/wp-json\/wp\/v2\/product\/8896\/revisions"}],"predecessor-version":[{"id":8902,"href":"https:\/\/kindalbaniastore.com\/index.php\/wp-json\/wp\/v2\/product\/8896\/revisions\/8902"}],"wp:featuredmedia":[{"embeddable":true,"href":"https:\/\/kindalbaniastore.com\/index.php\/wp-json\/wp\/v2\/media\/8897"}],"wp:attachment":[{"href":"https:\/\/kindalbaniastore.com\/index.php\/wp-json\/wp\/v2\/media?parent=8896"}],"wp:term":[{"taxonomy":"product_cat","embeddable":true,"href":"https:\/\/kindalbaniastore.com\/index.php\/wp-json\/wp\/v2\/product_cat?post=8896"},{"taxonomy":"product_tag","embeddable":true,"href":"https:\/\/kindalbaniastore.com\/index.php\/wp-json\/wp\/v2\/product_tag?post=8896"}],"curies":[{"name":"wp","href":"https:\/\/api.w.org\/{rel}","templated":true}]}}