{"id":8917,"date":"2024-09-30T15:54:50","date_gmt":"2024-09-30T15:54:50","guid":{"rendered":"https:\/\/kindalbaniastore.com\/?post_type=product&#038;p=8917"},"modified":"2024-09-30T15:54:55","modified_gmt":"2024-09-30T15:54:55","slug":"krem-zbardhues","status":"publish","type":"product","link":"https:\/\/kindalbaniastore.com\/index.php\/product\/krem-zbardhues\/","title":{"rendered":"Krem zbardhues"},"content":{"rendered":"<p>Krem zbardhues p\u00ebr lekuren<\/p>\n<p>\u2022 Redukton pamjen e njollave<br \/>\n\u2022 Nj\u00ebtrajt\u00ebson tonalitetin e l\u00ebkur\u00ebs<br \/>\n\u2022 Trajtim i thell\u00eb hidratues dhe trajtues p\u00ebr l\u00ebkur\u00ebn.<\/p>\n<p>P\u00ebrb\u00ebr\u00ebsit aktiv\u00eb:<br \/>\n\u2022 Tyrostat<br \/>\n\u2022 \u00df-White<\/p>\n<p>~ Tyrostat \u00ebsht\u00eb nj\u00eb nga enzimat kryesore t\u00eb p\u00ebrfshira n\u00eb procesin e pigmentimit. Ka aktivitet m\u00eb t\u00eb lart\u00eb se arbutina, shafrani i Indis\u00eb dhe hidrokinoni. Redukton n\u00eb m\u00ebnyr\u00eb t\u00eb sigurt pigmentimin dhe eritem\u00ebn e l\u00ebkur\u00ebs duke kufizuar prodhimin e melanin\u00ebs dhe skuqjen e l\u00ebkur\u00ebs duke dh\u00ebn\u00eb nj\u00eb tonalitetet t\u00eb nj\u00ebtrajtsh\u00ebm t\u00eb saj. Tyrostat ka rezultate t\u00eb jasht\u00ebzakonshme pas 3 jav\u00ebsh n\u00eb reduktimin e shfaqjes s\u00eb njollave t\u00eb mosh\u00ebs.<\/p>\n<p>~ Beta-White \u00ebsht\u00eb nj\u00eb peptid zbardhues (liposome). Redukton pigmentimin dhe njoll\u00ebn e l\u00ebkur\u00ebs, si dhe njollat e mosh\u00ebs. Pengon procesin e pigmentimit, duke parandaluar nxirjen e l\u00ebkur\u00ebs nga rrezet UV dhe duke zbardhur gradualisht tonalitetin e saj.<\/p>\n","protected":false},"excerpt":{"rendered":"<p>Krem zbardhues p\u00ebr lekuren \u2022 Redukton pamjen e njollave \u2022 Nj\u00ebtrajt\u00ebson tonalitetin e l\u00ebkur\u00ebs \u2022 Trajtim i thell\u00eb hidratues dhe trajtues p\u00ebr l\u00ebkur\u00ebn. P\u00ebrb\u00ebr\u00ebsit aktiv\u00eb: \u2022 Tyrostat \u2022 \u00df-White ~ Tyrostat \u00ebsht\u00eb nj\u00eb nga enzimat kryesore t\u00eb p\u00ebrfshira n\u00eb procesin e pigmentimit. Ka aktivitet m\u00eb t\u00eb lart\u00eb se arbutina, shafrani i Indis\u00eb dhe hidrokinoni. Redukton &hellip; <a href=\"https:\/\/kindalbaniastore.com\/index.php\/product\/krem-zbardhues\/\" class=\"more-link\">Continue reading <span class=\"screen-reader-text\">Krem zbardhues<\/span><\/a><\/p>\n","protected":false},"featured_media":8918,"comment_status":"open","ping_status":"closed","template":"","meta":{"_joinchat":[]},"product_cat":[62,59,60,71],"product_tag":[],"class_list":["post-8917","product","type-product","status-publish","has-post-thumbnail","hentry","product_cat-estetik","product_cat-kozmetik","product_cat-masazh","product_cat-produkte-per-fytyren-dhe-trupin"],"_links":{"self":[{"href":"https:\/\/kindalbaniastore.com\/index.php\/wp-json\/wp\/v2\/product\/8917","targetHints":{"allow":["GET"]}}],"collection":[{"href":"https:\/\/kindalbaniastore.com\/index.php\/wp-json\/wp\/v2\/product"}],"about":[{"href":"https:\/\/kindalbaniastore.com\/index.php\/wp-json\/wp\/v2\/types\/product"}],"replies":[{"embeddable":true,"href":"https:\/\/kindalbaniastore.com\/index.php\/wp-json\/wp\/v2\/comments?post=8917"}],"version-history":[{"count":1,"href":"https:\/\/kindalbaniastore.com\/index.php\/wp-json\/wp\/v2\/product\/8917\/revisions"}],"predecessor-version":[{"id":8922,"href":"https:\/\/kindalbaniastore.com\/index.php\/wp-json\/wp\/v2\/product\/8917\/revisions\/8922"}],"wp:featuredmedia":[{"embeddable":true,"href":"https:\/\/kindalbaniastore.com\/index.php\/wp-json\/wp\/v2\/media\/8918"}],"wp:attachment":[{"href":"https:\/\/kindalbaniastore.com\/index.php\/wp-json\/wp\/v2\/media?parent=8917"}],"wp:term":[{"taxonomy":"product_cat","embeddable":true,"href":"https:\/\/kindalbaniastore.com\/index.php\/wp-json\/wp\/v2\/product_cat?post=8917"},{"taxonomy":"product_tag","embeddable":true,"href":"https:\/\/kindalbaniastore.com\/index.php\/wp-json\/wp\/v2\/product_tag?post=8917"}],"curies":[{"name":"wp","href":"https:\/\/api.w.org\/{rel}","templated":true}]}}