{"id":8985,"date":"2024-10-21T15:03:08","date_gmt":"2024-10-21T15:03:08","guid":{"rendered":"https:\/\/kindalbaniastore.com\/?post_type=product&#038;p=8985"},"modified":"2024-10-21T15:03:10","modified_gmt":"2024-10-21T15:03:10","slug":"mbrojtese-gjuri-per-femijet","status":"publish","type":"product","link":"https:\/\/kindalbaniastore.com\/index.php\/product\/mbrojtese-gjuri-per-femijet\/","title":{"rendered":"Mbrojtese gjuri per femijet"},"content":{"rendered":"<p>Mbrojn\u00eb gjunj\u00ebt e f\u00ebmij\u00ebs tuaj nga g\u00ebrvishtjet kur ata zvarriten dhe m\u00ebsojn\u00eb t\u00eb ecin.\ud83d\udc76<br \/>\nMaterial q\u00eb thith djers\u00ebn me ajrosje dhe I but\u00eb p\u00ebr tu veshur.<br \/>\nP\u00ebrshtaten n\u00eb m\u00ebnyr\u00eb perfekte me gjurin e f\u00ebmij\u00ebs tuaj.\ud83d\udc76<br \/>\nPastrohen leht\u00ebsisht dhe rip\u00ebrdoren\ud83d\udc76<\/p>\n","protected":false},"excerpt":{"rendered":"<p>Mbrojn\u00eb gjunj\u00ebt e f\u00ebmij\u00ebs tuaj nga g\u00ebrvishtjet kur ata zvarriten dhe m\u00ebsojn\u00eb t\u00eb ecin.\ud83d\udc76 Material q\u00eb thith djers\u00ebn me ajrosje dhe I but\u00eb p\u00ebr tu veshur. P\u00ebrshtaten n\u00eb m\u00ebnyr\u00eb perfekte me gjurin e f\u00ebmij\u00ebs tuaj.\ud83d\udc76 Pastrohen leht\u00ebsisht dhe rip\u00ebrdoren\ud83d\udc76<\/p>\n","protected":false},"featured_media":8991,"comment_status":"open","ping_status":"closed","template":"","meta":{"_joinchat":[]},"product_cat":[222],"product_tag":[],"class_list":["post-8985","product","type-product","status-publish","has-post-thumbnail","hentry","product_cat-produkte-per-femije"],"_links":{"self":[{"href":"https:\/\/kindalbaniastore.com\/index.php\/wp-json\/wp\/v2\/product\/8985","targetHints":{"allow":["GET"]}}],"collection":[{"href":"https:\/\/kindalbaniastore.com\/index.php\/wp-json\/wp\/v2\/product"}],"about":[{"href":"https:\/\/kindalbaniastore.com\/index.php\/wp-json\/wp\/v2\/types\/product"}],"replies":[{"embeddable":true,"href":"https:\/\/kindalbaniastore.com\/index.php\/wp-json\/wp\/v2\/comments?post=8985"}],"version-history":[{"count":1,"href":"https:\/\/kindalbaniastore.com\/index.php\/wp-json\/wp\/v2\/product\/8985\/revisions"}],"predecessor-version":[{"id":8992,"href":"https:\/\/kindalbaniastore.com\/index.php\/wp-json\/wp\/v2\/product\/8985\/revisions\/8992"}],"wp:featuredmedia":[{"embeddable":true,"href":"https:\/\/kindalbaniastore.com\/index.php\/wp-json\/wp\/v2\/media\/8991"}],"wp:attachment":[{"href":"https:\/\/kindalbaniastore.com\/index.php\/wp-json\/wp\/v2\/media?parent=8985"}],"wp:term":[{"taxonomy":"product_cat","embeddable":true,"href":"https:\/\/kindalbaniastore.com\/index.php\/wp-json\/wp\/v2\/product_cat?post=8985"},{"taxonomy":"product_tag","embeddable":true,"href":"https:\/\/kindalbaniastore.com\/index.php\/wp-json\/wp\/v2\/product_tag?post=8985"}],"curies":[{"name":"wp","href":"https:\/\/api.w.org\/{rel}","templated":true}]}}