{"id":9046,"date":"2024-10-29T14:35:30","date_gmt":"2024-10-29T14:35:30","guid":{"rendered":"https:\/\/kindalbaniastore.com\/?post_type=product&#038;p=9046"},"modified":"2024-10-29T14:35:46","modified_gmt":"2024-10-29T14:35:46","slug":"varese-rrobash-mr-rrota","status":"publish","type":"product","link":"https:\/\/kindalbaniastore.com\/index.php\/product\/varese-rrobash-mr-rrota\/","title":{"rendered":"Varese rrobash mr rrota"},"content":{"rendered":"<p>Var\u00ebse rrobash statike, \u00ebsht\u00eb nj\u00eb zgjidhje praktike p\u00ebr hap\u00ebsira t\u00eb vogla. \u00cbsht\u00eb gjithashtu ideale p\u00ebr dyqane rrobash, studiot rrobaqep\u00ebse dhe zyra. Z\u00eb pak hap\u00ebsir\u00eb dhe ju lejon t\u00eb p\u00ebrdorni shum\u00eb veshje n\u00eb nj\u00eb m\u00ebnyr\u00eb t\u00eb zgjuar. 4 rrota t\u00eb montuara ju lejojn\u00eb ta vendosni me leht\u00ebsi kudo<\/p>\n","protected":false},"excerpt":{"rendered":"<p>Var\u00ebse rrobash statike, \u00ebsht\u00eb nj\u00eb zgjidhje praktike p\u00ebr hap\u00ebsira t\u00eb vogla. \u00cbsht\u00eb gjithashtu ideale p\u00ebr dyqane rrobash, studiot rrobaqep\u00ebse dhe zyra. Z\u00eb pak hap\u00ebsir\u00eb dhe ju lejon t\u00eb p\u00ebrdorni shum\u00eb veshje n\u00eb nj\u00eb m\u00ebnyr\u00eb t\u00eb zgjuar. 4 rrota t\u00eb montuara ju lejojn\u00eb ta vendosni me leht\u00ebsi kudo<\/p>\n","protected":false},"featured_media":9050,"comment_status":"open","ping_status":"closed","template":"","meta":{"_joinchat":[]},"product_cat":[66,64],"product_tag":[],"class_list":["post-9046","product","type-product","status-publish","has-post-thumbnail","hentry","product_cat-produkte-per-shtepi","product_cat-veshje"],"_links":{"self":[{"href":"https:\/\/kindalbaniastore.com\/index.php\/wp-json\/wp\/v2\/product\/9046","targetHints":{"allow":["GET"]}}],"collection":[{"href":"https:\/\/kindalbaniastore.com\/index.php\/wp-json\/wp\/v2\/product"}],"about":[{"href":"https:\/\/kindalbaniastore.com\/index.php\/wp-json\/wp\/v2\/types\/product"}],"replies":[{"embeddable":true,"href":"https:\/\/kindalbaniastore.com\/index.php\/wp-json\/wp\/v2\/comments?post=9046"}],"version-history":[{"count":1,"href":"https:\/\/kindalbaniastore.com\/index.php\/wp-json\/wp\/v2\/product\/9046\/revisions"}],"predecessor-version":[{"id":9052,"href":"https:\/\/kindalbaniastore.com\/index.php\/wp-json\/wp\/v2\/product\/9046\/revisions\/9052"}],"wp:featuredmedia":[{"embeddable":true,"href":"https:\/\/kindalbaniastore.com\/index.php\/wp-json\/wp\/v2\/media\/9050"}],"wp:attachment":[{"href":"https:\/\/kindalbaniastore.com\/index.php\/wp-json\/wp\/v2\/media?parent=9046"}],"wp:term":[{"taxonomy":"product_cat","embeddable":true,"href":"https:\/\/kindalbaniastore.com\/index.php\/wp-json\/wp\/v2\/product_cat?post=9046"},{"taxonomy":"product_tag","embeddable":true,"href":"https:\/\/kindalbaniastore.com\/index.php\/wp-json\/wp\/v2\/product_tag?post=9046"}],"curies":[{"name":"wp","href":"https:\/\/api.w.org\/{rel}","templated":true}]}}