{"id":9069,"date":"2024-10-29T15:09:44","date_gmt":"2024-10-29T15:09:44","guid":{"rendered":"https:\/\/kindalbaniastore.com\/?post_type=product&#038;p=9069"},"modified":"2024-10-29T15:09:44","modified_gmt":"2024-10-29T15:09:44","slug":"deodorant-per-femra","status":"publish","type":"product","link":"https:\/\/kindalbaniastore.com\/index.php\/product\/deodorant-per-femra\/","title":{"rendered":"Deodorant per femra"},"content":{"rendered":"<p>Deodorant per femra original lufton arom\u00ebn e djers\u00ebs dhe bakteret q\u00eb krijojn\u00eb er\u00ebn pa ndikuar n\u00eb lag\u00ebshtin\u00eb natyrale dhe mekanizmin e djersitjes s\u00eb l\u00ebkur\u00ebs. Nuk l\u00eb shenja n\u00eb rrobat tuaja dhe ndihmon l\u00ebkur\u00ebn tuaj t\u00eb q\u00ebndroj\u00eb e but\u00eb dhe e lag\u00ebsht.<\/p>\n","protected":false},"excerpt":{"rendered":"<p>Deodorant per femra original lufton arom\u00ebn e djers\u00ebs dhe bakteret q\u00eb krijojn\u00eb er\u00ebn pa ndikuar n\u00eb lag\u00ebshtin\u00eb natyrale dhe mekanizmin e djersitjes s\u00eb l\u00ebkur\u00ebs. Nuk l\u00eb shenja n\u00eb rrobat tuaja dhe ndihmon l\u00ebkur\u00ebn tuaj t\u00eb q\u00ebndroj\u00eb e but\u00eb dhe e lag\u00ebsht.<\/p>\n","protected":false},"featured_media":9073,"comment_status":"open","ping_status":"closed","template":"","meta":{"_joinchat":[]},"product_cat":[62,59],"product_tag":[],"class_list":["post-9069","product","type-product","status-publish","has-post-thumbnail","hentry","product_cat-estetik","product_cat-kozmetik"],"_links":{"self":[{"href":"https:\/\/kindalbaniastore.com\/index.php\/wp-json\/wp\/v2\/product\/9069","targetHints":{"allow":["GET"]}}],"collection":[{"href":"https:\/\/kindalbaniastore.com\/index.php\/wp-json\/wp\/v2\/product"}],"about":[{"href":"https:\/\/kindalbaniastore.com\/index.php\/wp-json\/wp\/v2\/types\/product"}],"replies":[{"embeddable":true,"href":"https:\/\/kindalbaniastore.com\/index.php\/wp-json\/wp\/v2\/comments?post=9069"}],"version-history":[{"count":1,"href":"https:\/\/kindalbaniastore.com\/index.php\/wp-json\/wp\/v2\/product\/9069\/revisions"}],"predecessor-version":[{"id":9075,"href":"https:\/\/kindalbaniastore.com\/index.php\/wp-json\/wp\/v2\/product\/9069\/revisions\/9075"}],"wp:featuredmedia":[{"embeddable":true,"href":"https:\/\/kindalbaniastore.com\/index.php\/wp-json\/wp\/v2\/media\/9073"}],"wp:attachment":[{"href":"https:\/\/kindalbaniastore.com\/index.php\/wp-json\/wp\/v2\/media?parent=9069"}],"wp:term":[{"taxonomy":"product_cat","embeddable":true,"href":"https:\/\/kindalbaniastore.com\/index.php\/wp-json\/wp\/v2\/product_cat?post=9069"},{"taxonomy":"product_tag","embeddable":true,"href":"https:\/\/kindalbaniastore.com\/index.php\/wp-json\/wp\/v2\/product_tag?post=9069"}],"curies":[{"name":"wp","href":"https:\/\/api.w.org\/{rel}","templated":true}]}}